{"id":7399,"date":"2023-08-12T15:19:23","date_gmt":"2023-08-12T12:19:23","guid":{"rendered":"https:\/\/www.kellomuseo.fi\/holvi\/?post_type=product&#038;p=7399"},"modified":"2023-08-13T09:54:12","modified_gmt":"2023-08-13T06:54:12","slug":"rintaneula","status":"publish","type":"product","link":"https:\/\/www.kellomuseo.fi\/holvi\/tuote\/rintaneula\/","title":{"rendered":"Rintaneula"},"content":{"rendered":"<p>Rintakoru, 1890-luku<\/p>\n<p>&nbsp;<\/p>\n<p>Valmistusaika ja -maa: 1890-luku, Ruotsi.<\/p>\n<p>Materiaalit: hopea<\/p>\n<p>Korun mitat: Pituus 10cm, isomman ympyr\u00e4n l\u00e4pimitta 4,5cm, pienemm\u00e4n ympyr\u00e4n l\u00e4pimitta 2cm.<\/p>\n<p>Milloin ole saanut korun?: Olen ostanut korun huutokaupasta 2010-luvulla<\/p>\n<p>Tarina:<\/p>\n<p>Ruotsissa 1890-luvulla Topeliuksen viel\u00e4 el\u00e4ess\u00e4 valmistettu koru kertoo Topeliuksen ajan muodista ja muotokielest\u00e4. Koru p\u00e4\u00e4see mukaan mm. Topelius-seuran tilaisuuksiin ja konsertteihin, joissa soi musiikki, jota Topeliuskin on ehk\u00e4 kuunnellut.<\/p>\n<p>&nbsp;<\/p>\n<p><em>Seija Salminen<\/em><\/p>\n<p>&nbsp;<\/p>\n<p>&nbsp;<\/p>\n","protected":false},"excerpt":{"rendered":"<p><b>Kuva: <\/b>Suomen Kello- ja korumuseo Kruunu<\/p>\n","protected":false},"featured_media":7400,"comment_status":"closed","ping_status":"closed","template":"","meta":[],"product_cat":[37,38,258],"product_tag":[524,42,521,525],"_links":{"self":[{"href":"https:\/\/www.kellomuseo.fi\/holvi\/wp-json\/wp\/v2\/product\/7399"}],"collection":[{"href":"https:\/\/www.kellomuseo.fi\/holvi\/wp-json\/wp\/v2\/product"}],"about":[{"href":"https:\/\/www.kellomuseo.fi\/holvi\/wp-json\/wp\/v2\/types\/product"}],"replies":[{"embeddable":true,"href":"https:\/\/www.kellomuseo.fi\/holvi\/wp-json\/wp\/v2\/comments?post=7399"}],"wp:featuredmedia":[{"embeddable":true,"href":"https:\/\/www.kellomuseo.fi\/holvi\/wp-json\/wp\/v2\/media\/7400"}],"wp:attachment":[{"href":"https:\/\/www.kellomuseo.fi\/holvi\/wp-json\/wp\/v2\/media?parent=7399"}],"wp:term":[{"taxonomy":"product_cat","embeddable":true,"href":"https:\/\/www.kellomuseo.fi\/holvi\/wp-json\/wp\/v2\/product_cat?post=7399"},{"taxonomy":"product_tag","embeddable":true,"href":"https:\/\/www.kellomuseo.fi\/holvi\/wp-json\/wp\/v2\/product_tag?post=7399"}],"curies":[{"name":"wp","href":"https:\/\/api.w.org\/{rel}","templated":true}]}}