{"id":7372,"date":"2023-01-12T08:24:05","date_gmt":"2023-01-12T06:24:05","guid":{"rendered":"https:\/\/www.kellomuseo.fi\/holvi\/?post_type=product&#038;p=7372"},"modified":"2023-01-12T08:31:27","modified_gmt":"2023-01-12T06:31:27","slug":"weckstromin-perintokoru-joululahjaksi","status":"publish","type":"product","link":"https:\/\/www.kellomuseo.fi\/holvi\/tuote\/weckstromin-perintokoru-joululahjaksi\/","title":{"rendered":"Weckstr\u00f6min perint\u00f6koru joululahjaksi"},"content":{"rendered":"<p><em>Tiina Torikka<\/em><br aria-hidden=\"true\" \/><br aria-hidden=\"true\" \/><br aria-hidden=\"true\" \/><br aria-hidden=\"true\" \/>Tytt\u00e4reni sai jouluna 2022 el\u00e4m\u00e4ns\u00e4 perint\u00f6koruna lahjaksi Bj\u00f6rn Weckstr\u00f6min lumoavan hopeasormuksen, Gondan naamion. Toivon, ett\u00e4 siit\u00e4 tulee h\u00e4nelle elinik\u00e4isesti rakas muisto ja koru. En ole l\u00f6yt\u00e4nyt luomisprosessista juurikaan tietoa, vain sen, ett\u00e4 se kuuluu Weckstr\u00f6min planetaariseen sarjaan. Ehk\u00e4 siksi kolhon upea Gonda ruokkii mielikuvitusta. Kuka Gonda? Miksi Gondalla on naamio? N\u00e4en sormuksessa sek\u00e4 surua, mustaa huumoria ett\u00e4 arvoituksen.<\/p>\n<p>&nbsp;<\/p>\n<p>&nbsp;<\/p>\n<p>&nbsp;<\/p>\n<p>&nbsp;<\/p>\n<p>&nbsp;<\/p>\n","protected":false},"excerpt":{"rendered":"<p>Tiina TorikkaTytt\u00e4reni sai jouluna 2022 el\u00e4m\u00e4ns\u00e4 perint\u00f6koruna lahjaksi Bj\u00f6rn Weckstr\u00f6min lumoavan hopeasormuksen, Gondan naamion. Toivon, ett\u00e4 siit\u00e4 tulee h\u00e4nelle elinik\u00e4isesti rakas muisto ja koru. En ole l\u00f6yt\u00e4nyt luomisprosessista juurikaan tietoa, vain sen, ett\u00e4 se kuuluu Weckstr\u00f6min planetaariseen sarjaan. Ehk\u00e4 siksi kolhon upea Gonda ruokkii mielikuvitusta. Kuka Gonda? Miksi Gondalla on naamio? N\u00e4en sormuksessa sek\u00e4 surua, [&hellip;]<\/p>\n","protected":false},"featured_media":7024,"comment_status":"closed","ping_status":"closed","template":"","meta":[],"product_cat":[38],"product_tag":[45,190,63,62],"_links":{"self":[{"href":"https:\/\/www.kellomuseo.fi\/holvi\/wp-json\/wp\/v2\/product\/7372"}],"collection":[{"href":"https:\/\/www.kellomuseo.fi\/holvi\/wp-json\/wp\/v2\/product"}],"about":[{"href":"https:\/\/www.kellomuseo.fi\/holvi\/wp-json\/wp\/v2\/types\/product"}],"replies":[{"embeddable":true,"href":"https:\/\/www.kellomuseo.fi\/holvi\/wp-json\/wp\/v2\/comments?post=7372"}],"wp:featuredmedia":[{"embeddable":true,"href":"https:\/\/www.kellomuseo.fi\/holvi\/wp-json\/wp\/v2\/media\/7024"}],"wp:attachment":[{"href":"https:\/\/www.kellomuseo.fi\/holvi\/wp-json\/wp\/v2\/media?parent=7372"}],"wp:term":[{"taxonomy":"product_cat","embeddable":true,"href":"https:\/\/www.kellomuseo.fi\/holvi\/wp-json\/wp\/v2\/product_cat?post=7372"},{"taxonomy":"product_tag","embeddable":true,"href":"https:\/\/www.kellomuseo.fi\/holvi\/wp-json\/wp\/v2\/product_tag?post=7372"}],"curies":[{"name":"wp","href":"https:\/\/api.w.org\/{rel}","templated":true}]}}