{"id":7367,"date":"2022-12-01T08:55:59","date_gmt":"2022-12-01T06:55:59","guid":{"rendered":"https:\/\/www.kellomuseo.fi\/holvi\/?post_type=product&#038;p=7367"},"modified":"2022-12-01T09:09:11","modified_gmt":"2022-12-01T07:09:11","slug":"ouninpohja-korvakorut","status":"publish","type":"product","link":"https:\/\/www.kellomuseo.fi\/holvi\/tuote\/ouninpohja-korvakorut\/","title":{"rendered":"Ouninpohja -korvakorut"},"content":{"rendered":"<p><em>Jenna Puntala<\/em><br aria-hidden=\"true\" \/><br aria-hidden=\"true\" \/><br aria-hidden=\"true\" \/><\/p>\n<p><strong>Korvakorut<\/strong><\/p>\n<p><br aria-hidden=\"true\" \/><br aria-hidden=\"true\" \/><strong>Korun nimi:<\/strong><br aria-hidden=\"true\" \/>Ouninpohja<\/p>\n<p><br aria-hidden=\"true\" \/><strong>Valmistaja, valmistusmaa:<\/strong><br aria-hidden=\"true\" \/>Jenna Puntala, Suomi<\/p>\n<p><br aria-hidden=\"true\" \/><strong>Suunnittelija:<\/strong><br aria-hidden=\"true\" \/>Jenna Puntala<\/p>\n<p><br aria-hidden=\"true\" \/><strong>Valmistusaika:<\/strong><br aria-hidden=\"true\" \/>2022<\/p>\n<p><br aria-hidden=\"true\" \/><strong>Materiaalit:<\/strong><br aria-hidden=\"true\" \/>925 hopea<\/p>\n<p><br aria-hidden=\"true\" \/><strong>Leimat:<\/strong><br aria-hidden=\"true\" \/>JKH 925<br aria-hidden=\"true\" \/><br aria-hidden=\"true\" \/><strong>Korun mitat:<\/strong><br aria-hidden=\"true\" \/>Yhden korviksen paino 4g, korkeus 16mm, leveys 5-10mm<\/p>\n<p>&nbsp;<\/p>\n<p><strong>Mit\u00e4 osaat kertoa korustasi?<\/strong><\/p>\n<p>Olen korun suunnittelija sek\u00e4 valmistaja<br aria-hidden=\"true\" \/><br aria-hidden=\"true\" \/>El\u00e4m\u00e4ss\u00e4 on hetki\u00e4, kun etsimme jotain; jotain mihin tarttua, jotain mill\u00e4 saisimme vedetty\u00e4 itse\u00e4mme yl\u00f6sp\u00e4in. Synk\u00e4t hetket saattavat vierailla el\u00e4m\u00e4ss\u00e4mme, kuin syv\u00e4t muodot korussa. Kriisit, suru ja pettymykset. Meist\u00e4 jokainen kohtaa niit\u00e4 jossakin vaiheessa el\u00e4m\u00e4mme reitti\u00e4, se on luonnollista.<br aria-hidden=\"true\" \/><br aria-hidden=\"true\" \/>Ouninpohjan mystinen kiteytyminen muodostaa pohjan, huiput ja niiden v\u00e4lille reunat. Hankalien asioiden keskelt\u00e4 l\u00f6ytyy aina kirkas reunus, josta saa voimaa pohjalta nousemiseen. El\u00e4m\u00e4n arvokkaimmat asiat loistavat korun hopeisen pinnan huipuilla ja joskus n\u00e4iden asioiden n\u00e4kemiseksi tarvitsemme apua.<br aria-hidden=\"true\" \/><br aria-hidden=\"true\" \/>Ouninpohja korusarja on kuin altavastaajan voitto, itsens\u00e4 ylitt\u00e4minen, uskallus, rohkeus ja ensimm\u00e4inen askel matkalla eteenp\u00e4in. Korun k\u00e4ytt\u00e4j\u00e4 voi l\u00f6yt\u00e4\u00e4 sen symboliikasta toivoa vaikeissakin el\u00e4m\u00e4ntilanteissa. Korusarja merkitsee minulle, ett\u00e4 olen uskaltanut hakea apua ja ottaa sen ensimm\u00e4isen askeleen kriisist\u00e4 toipumisen tiell\u00e4.<br aria-hidden=\"true\" \/><br aria-hidden=\"true\" \/>Tunteikkaan kokonaisuuden muodostaa korvikset, kaulak\u00e4\u00e4ty ja nilkkakoru, jotka olen itse valanut ja rinnalle luonut selke\u00e4linjaisen k\u00e4sin punotun ankkuriketjun. Kuvassa Ouninpohja sarjan korvikset. Nautitaan el\u00e4m\u00e4st\u00e4 ja harjoitellaan n\u00e4kem\u00e4\u00e4n sen kirkkautta.<\/p>\n<p>&nbsp;<\/p>\n<p>&nbsp;<\/p>\n","protected":false},"excerpt":{"rendered":"<p><strong>L\u00e4hde:\u00a0<\/strong><\/p>\n","protected":false},"featured_media":7368,"comment_status":"closed","ping_status":"closed","template":"","meta":[],"product_cat":[37,249],"product_tag":[42,346,345],"_links":{"self":[{"href":"https:\/\/www.kellomuseo.fi\/holvi\/wp-json\/wp\/v2\/product\/7367"}],"collection":[{"href":"https:\/\/www.kellomuseo.fi\/holvi\/wp-json\/wp\/v2\/product"}],"about":[{"href":"https:\/\/www.kellomuseo.fi\/holvi\/wp-json\/wp\/v2\/types\/product"}],"replies":[{"embeddable":true,"href":"https:\/\/www.kellomuseo.fi\/holvi\/wp-json\/wp\/v2\/comments?post=7367"}],"wp:featuredmedia":[{"embeddable":true,"href":"https:\/\/www.kellomuseo.fi\/holvi\/wp-json\/wp\/v2\/media\/7368"}],"wp:attachment":[{"href":"https:\/\/www.kellomuseo.fi\/holvi\/wp-json\/wp\/v2\/media?parent=7367"}],"wp:term":[{"taxonomy":"product_cat","embeddable":true,"href":"https:\/\/www.kellomuseo.fi\/holvi\/wp-json\/wp\/v2\/product_cat?post=7367"},{"taxonomy":"product_tag","embeddable":true,"href":"https:\/\/www.kellomuseo.fi\/holvi\/wp-json\/wp\/v2\/product_tag?post=7367"}],"curies":[{"name":"wp","href":"https:\/\/api.w.org\/{rel}","templated":true}]}}