{"id":7360,"date":"2022-10-07T08:33:28","date_gmt":"2022-10-07T05:33:28","guid":{"rendered":"https:\/\/www.kellomuseo.fi\/holvi\/?post_type=product&#038;p=7360"},"modified":"2022-10-07T14:27:39","modified_gmt":"2022-10-07T11:27:39","slug":"veijo-kauppisen-muistoja-kello-ja-kultasepanalasta-lahdessa","status":"publish","type":"product","link":"https:\/\/www.kellomuseo.fi\/holvi\/tuote\/veijo-kauppisen-muistoja-kello-ja-kultasepanalasta-lahdessa\/","title":{"rendered":"Veijo Kauppisen muistoja kello- ja kultasep\u00e4nalasta Lahdessa"},"content":{"rendered":"<p>Kellot kiinnostavat minua henkil\u00f6kohtaisesta syyst\u00e4.\u00a0\u00c4idin puolen isois\u00e4ni oli oppipoika-kis\u00e4lli -tiet\u00e4 edennyt lahtelainen kulta- ja kellosepp\u00e4mestari Arvi Kallio. Taitava k\u00e4sist\u00e4\u00e4n. H\u00e4n perusti vuonna 1905 Lahteen oman kultasep\u00e4nliikkeen. Sen yhteydess\u00e4 oli viel\u00e4 minun nuoruudessani viisi kultasepp\u00e4\u00e4 ty\u00f6llist\u00e4nyt ty\u00f6paja, jossa koulupoikana notkuin seuraamassa taitavien kultaseppien ty\u00f6t\u00e4. Ly\u00f6tiin lusikoita, valmistettiin kaikenlaisia, mitaleita ym. sek\u00e4 kaiverrettiin lahjaesineit\u00e4.<\/p>\n<p>Meill\u00e4 on viel\u00e4kin perheess\u00e4 tarjoiluvateja, joissa on keskell\u00e4 kohouma. Ne ovat kaiverrettuja, mutta j\u00e4\u00e4neet noutamatta. Kaiverrus on peitetty irto-osalla. Eih\u00e4n niit\u00e4 en\u00e4\u00e4 myyd\u00e4 voinut, joten ne j\u00e4iv\u00e4t omaan k\u00e4ytt\u00f6\u00f6n.<\/p>\n<p>Isois\u00e4 k\u00e4vi autonomian aikana kerran pari vuodessa Pietarissa hankkimassa tarvitsemiaan metalleja ja jalokivi\u00e4. Menness\u00e4 mukana oli laukullinen seteleit\u00e4 ja tullessa niill\u00e4 ostetut materiaalit. Turvana oli ladattu pistooli. Liike lopetettiin isois\u00e4n kuoltua 1960-luvulla.<\/p>\n<p>Minulle kulkeutui joitain isois\u00e4n ty\u00f6v\u00e4lineit\u00e4. En niit\u00e4 en\u00e4\u00e4 k\u00e4yt\u00e4, joten lahjoitin ne ja joitain muitakin tavaroita Kellomuseolle.\u00a0Siell\u00e4 ne ovat ansaitsemassaan hoidossa ja turvassa.<\/p>\n<p>Varmaan isois\u00e4nikin peruja minua kiinnostavat Pietarin uskomattoman taitavat suomalaiset kultasep\u00e4t. Olen hankkinut aiheesta paljon kirjallisuutta ja tutustunut arvostettuun Faberg\u00e9-asiantuntijaan Ulla Tillander-Godenhielmiin sek\u00e4 my\u00f6s kirjoittanut teemasta useita artikkeleja eri lehtiin. Oheistan kuvani Faberg\u00e9n j\u00e4ljill\u00e4 Pietarin Bolsaja Morskajalla. Nyt sinne ei ik\u00e4v\u00e4 kyll\u00e4 en\u00e4\u00e4 ole mit\u00e4\u00e4n asiaa.<\/p>\n<p>Olin Lahdessa monessa mukana. T\u00f6iss\u00e4 Rautessa tuotantojohtajana ja useiden yhdistysten aktiivi. Jouduin my\u00f6s silloisen TKK:n Lahden toimiston Hesasta k\u00e4sin toimivana esimiehen\u00e4 mukaan mm. ammattikorkeakoulun kokoonjuoksemiseen sen johtokunnassa. Aalto sitten lopetti koko toimiston, mit\u00e4 suren.<\/p>\n<p>Olen edelleen P\u00e4ij\u00e4t-H\u00e4meen tutkimusseuran kutsuttu ty\u00f6j\u00e4sen. Yrit\u00e4n hoitaa sit\u00e4kin teht\u00e4v\u00e4\u00e4ni kirjoittamalla Lahti-aiheisia juttuja.<\/p>\n<p>Polion sotien v\u00e4liss\u00e4 rampauttama is\u00e4ni, juristi Toivo Kauppinen-Topias, joutui ryhtym\u00e4\u00e4n kirjailijaksi. H\u00e4n muuten kirjotti minulle museonne kokoelmissa olevan kirjan Ihmeellinen taskukello. Sen kansilehdelle h\u00e4n on kirjoittanut &#8221;T\u00e4m\u00e4 juttu syntyi juttelusta 3-vuotiaan Veijon kanssa&#8221;. Taustalla on tietenkin kellosepp\u00e4-isois\u00e4ni.<\/p>\n<p>Muistan my\u00f6s\u00a0Lahdessa surrun suuresti hyv\u00e4ss\u00e4 maineessa olleen kellosepp\u00e4koulun taannoista menetyst\u00e4, kun se p\u00e4\u00e4tettiin riist\u00e4\u00e4 Lahdelta. Oltiin tosi vihaisia. Asialle ei vain voitu mit\u00e4\u00e4n.<\/p>\n<p>Lahti on minulle edelleen tuttu ja l\u00e4heinen kaupunki, jossa en eksy.<\/p>\n<p><em>Veijo Kauppinen<\/em><\/p>\n","protected":false},"excerpt":{"rendered":"<p>Kellot kiinnostavat minua henkil\u00f6kohtaisesta syyst\u00e4.\u00a0\u00c4idin puolen isois\u00e4ni oli oppipoika-kis\u00e4lli -tiet\u00e4 edennyt lahtelainen kulta- ja kellosepp\u00e4mestari Arvi Kallio. Taitava k\u00e4sist\u00e4\u00e4n. H\u00e4n perusti vuonna 1905 Lahteen oman kultasep\u00e4nliikkeen. Sen yhteydess\u00e4 oli viel\u00e4 minun nuoruudessani viisi kultasepp\u00e4\u00e4 ty\u00f6llist\u00e4nyt ty\u00f6paja, jossa koulupoikana notkuin seuraamassa taitavien kultaseppien ty\u00f6t\u00e4. Ly\u00f6tiin lusikoita, valmistettiin kaikenlaisia, mitaleita ym. sek\u00e4 kaiverrettiin lahjaesineit\u00e4. Meill\u00e4 on viel\u00e4kin [&hellip;]<\/p>\n","protected":false},"featured_media":7361,"comment_status":"closed","ping_status":"closed","template":"","meta":[],"product_cat":[38],"product_tag":[68,89,189,190,191,63,62],"_links":{"self":[{"href":"https:\/\/www.kellomuseo.fi\/holvi\/wp-json\/wp\/v2\/product\/7360"}],"collection":[{"href":"https:\/\/www.kellomuseo.fi\/holvi\/wp-json\/wp\/v2\/product"}],"about":[{"href":"https:\/\/www.kellomuseo.fi\/holvi\/wp-json\/wp\/v2\/types\/product"}],"replies":[{"embeddable":true,"href":"https:\/\/www.kellomuseo.fi\/holvi\/wp-json\/wp\/v2\/comments?post=7360"}],"wp:featuredmedia":[{"embeddable":true,"href":"https:\/\/www.kellomuseo.fi\/holvi\/wp-json\/wp\/v2\/media\/7361"}],"wp:attachment":[{"href":"https:\/\/www.kellomuseo.fi\/holvi\/wp-json\/wp\/v2\/media?parent=7360"}],"wp:term":[{"taxonomy":"product_cat","embeddable":true,"href":"https:\/\/www.kellomuseo.fi\/holvi\/wp-json\/wp\/v2\/product_cat?post=7360"},{"taxonomy":"product_tag","embeddable":true,"href":"https:\/\/www.kellomuseo.fi\/holvi\/wp-json\/wp\/v2\/product_tag?post=7360"}],"curies":[{"name":"wp","href":"https:\/\/api.w.org\/{rel}","templated":true}]}}