{"id":7359,"date":"2022-10-06T09:27:51","date_gmt":"2022-10-06T06:27:51","guid":{"rendered":"https:\/\/www.kellomuseo.fi\/holvi\/?post_type=product&#038;p=7359"},"modified":"2022-10-06T09:42:00","modified_gmt":"2022-10-06T06:42:00","slug":"kaulakoru-hiekkavalu","status":"publish","type":"product","link":"https:\/\/www.kellomuseo.fi\/holvi\/tuote\/kaulakoru-hiekkavalu\/","title":{"rendered":"Kaulakoru, hiekkavalu"},"content":{"rendered":"<p><em>Rosanna Tallgren<\/em><br aria-hidden=\"true\" \/><br aria-hidden=\"true\" \/><br aria-hidden=\"true\" \/><br aria-hidden=\"true\" \/><br aria-hidden=\"true\" \/><strong>Tietoja korusta:<\/strong><br aria-hidden=\"true\" \/>Kaulakoru<br aria-hidden=\"true\" \/><br aria-hidden=\"true\" \/><strong>Korun nimi:<\/strong><br aria-hidden=\"true\" \/>Korulla ei ole viel\u00e4 nime\u00e4<\/p>\n<p><br aria-hidden=\"true\" \/><strong>Valmistaja, valmistusmaa:<\/strong><br aria-hidden=\"true\" \/>Rosanna Tallgren, Suomi<\/p>\n<p><br aria-hidden=\"true\" \/><strong>Suunnittelija:<\/strong><br aria-hidden=\"true\" \/>Rosanna Tallgren<\/p>\n<p><br aria-hidden=\"true\" \/><strong>Valmistusaika:<\/strong><br aria-hidden=\"true\" \/>2017-2018<\/p>\n<p><br aria-hidden=\"true\" \/><strong>Materiaalit:<\/strong><br aria-hidden=\"true\" \/>925 hopea, nahka<\/p>\n<p><br aria-hidden=\"true\" \/><strong>Leimat:<\/strong><br aria-hidden=\"true\" \/>Lahden Muotoiluinstituutti, 925 (jokaisessa palassa omat leimat).<br aria-hidden=\"true\" \/><br aria-hidden=\"true\" \/><br aria-hidden=\"true\" \/><br aria-hidden=\"true\" \/><strong>Oletko korun suunnittelija tai valmistaja? Mit\u00e4 osaat kertoa korustasi?<\/strong><\/p>\n<p>Koru on tehty korumuotoilun opintojen aikana syvent\u00e4v\u00e4n tekniikan kurssin aikana, jolloin valitsin tekniikaksi hiekkavalun. Korun idea l\u00e4hti luonnosharjoituksena tehdyst\u00e4 puisesta korusta. Hopeiset palat on valettu hiekkavaluna jokaista kappaletta vastaavaa puupalaa muotin teossa k\u00e4ytt\u00e4en. Koska palat ovat litteit\u00e4 ja suhteellisen isoja, oli hiekkavalujen tekeminen hieman haastavaa ja osaan paloista j\u00e4ikin hieman valuvirheit\u00e4 useista uusista valuyrityksist\u00e4 huolimatta. Valuvirheet omalla tavallaan kuitenkin t\u00e4ydent\u00e4v\u00e4t korua, joten osan niist\u00e4 p\u00e4\u00e4tin j\u00e4tt\u00e4\u00e4.<br aria-hidden=\"true\" \/><br aria-hidden=\"true\" \/><\/p>\n","protected":false},"excerpt":{"rendered":"<p>Rosanna TallgrenTietoja korusta:KaulakoruKorun nimi:Korulla ei ole viel\u00e4 nime\u00e4 Valmistaja, valmistusmaa:Rosanna Tallgren, Suomi Suunnittelija:Rosanna Tallgren Valmistusaika:2017-2018 Materiaalit:925 hopea, nahka Leimat:Lahden Muotoiluinstituutti, 925 (jokaisessa palassa omat leimat).Oletko korun suunnittelija tai valmistaja? Mit\u00e4 osaat kertoa korustasi? Koru on tehty korumuotoilun opintojen aikana syvent\u00e4v\u00e4n tekniikan kurssin aikana, jolloin valitsin tekniikaksi hiekkavalun. Korun idea l\u00e4hti luonnosharjoituksena tehdyst\u00e4 puisesta korusta. Hopeiset [&hellip;]<\/p>\n","protected":false},"featured_media":7024,"comment_status":"closed","ping_status":"closed","template":"","meta":[],"product_cat":[395,176,38,165],"product_tag":[396,190,63,62,194],"_links":{"self":[{"href":"https:\/\/www.kellomuseo.fi\/holvi\/wp-json\/wp\/v2\/product\/7359"}],"collection":[{"href":"https:\/\/www.kellomuseo.fi\/holvi\/wp-json\/wp\/v2\/product"}],"about":[{"href":"https:\/\/www.kellomuseo.fi\/holvi\/wp-json\/wp\/v2\/types\/product"}],"replies":[{"embeddable":true,"href":"https:\/\/www.kellomuseo.fi\/holvi\/wp-json\/wp\/v2\/comments?post=7359"}],"wp:featuredmedia":[{"embeddable":true,"href":"https:\/\/www.kellomuseo.fi\/holvi\/wp-json\/wp\/v2\/media\/7024"}],"wp:attachment":[{"href":"https:\/\/www.kellomuseo.fi\/holvi\/wp-json\/wp\/v2\/media?parent=7359"}],"wp:term":[{"taxonomy":"product_cat","embeddable":true,"href":"https:\/\/www.kellomuseo.fi\/holvi\/wp-json\/wp\/v2\/product_cat?post=7359"},{"taxonomy":"product_tag","embeddable":true,"href":"https:\/\/www.kellomuseo.fi\/holvi\/wp-json\/wp\/v2\/product_tag?post=7359"}],"curies":[{"name":"wp","href":"https:\/\/api.w.org\/{rel}","templated":true}]}}