{"id":7355,"date":"2022-10-06T09:00:32","date_gmt":"2022-10-06T06:00:32","guid":{"rendered":"https:\/\/www.kellomuseo.fi\/holvi\/?post_type=product&#038;p=7355"},"modified":"2022-10-06T09:12:47","modified_gmt":"2022-10-06T06:12:47","slug":"kultainen-entei","status":"publish","type":"product","link":"https:\/\/www.kellomuseo.fi\/holvi\/tuote\/kultainen-entei\/","title":{"rendered":"Kultainen Entei"},"content":{"rendered":"<p><em>Rosanna Tallgren<\/em><br aria-hidden=\"true\" \/><br aria-hidden=\"true\" \/><br aria-hidden=\"true\" \/><br aria-hidden=\"true\" \/><strong>Tietoja korusta:<\/strong><br aria-hidden=\"true\" \/>\u00a0Miesten koru<br aria-hidden=\"true\" \/><br aria-hidden=\"true\" \/><br aria-hidden=\"true\" \/><strong>Korun nimi:<\/strong><br aria-hidden=\"true\" \/>Kultainen Entei<\/p>\n<p><br aria-hidden=\"true\" \/><strong>Valmistaja, valmistusmaa:<\/strong><br aria-hidden=\"true\" \/>Rosanna Tallgren, Suomi<\/p>\n<p><br aria-hidden=\"true\" \/><strong>Suunnittelija:<\/strong><br aria-hidden=\"true\" \/>Rosanna Tallgren<\/p>\n<p><br aria-hidden=\"true\" \/><strong>Valmistusaika:<\/strong><br aria-hidden=\"true\" \/>Syksy 2019<\/p>\n<p><br aria-hidden=\"true\" \/><strong>Materiaalit:<\/strong><br aria-hidden=\"true\" \/>925 hopea, kullattu<\/p>\n<p><br aria-hidden=\"true\" \/><strong>Leimat:<\/strong><br aria-hidden=\"true\" \/>925<br aria-hidden=\"true\" \/><br aria-hidden=\"true\" \/><br aria-hidden=\"true\" \/><strong>Korun mitat:<\/strong><br aria-hidden=\"true\" \/>Korkeus ja leveys molemmat noin 30 mm.<br aria-hidden=\"true\" \/><br aria-hidden=\"true\" \/><br aria-hidden=\"true\" \/><strong>Mit\u00e4 muuta osaat kertoa korustasi?<\/strong><br aria-hidden=\"true\" \/>Korun teossa on k\u00e4ytetty fotoetsausta sek\u00e4 kultausta.<\/p>\n<p><br aria-hidden=\"true\" \/><strong>Oletko korun suunnittelija tai valmistaja? Mit\u00e4 osaat kertoa korustasi?<\/strong><\/p>\n<p>Olen tehnyt korun itse.<br aria-hidden=\"true\" \/><br aria-hidden=\"true\" \/>Ensimm\u00e4isen\u00e4 seurusteluvuonnamme puolisoni kertoi tarinan, kuinka h\u00e4n pienen\u00e4 oli pelannut Pok\u00e9mon sarjan peli\u00e4 Game Boy k\u00e4sikonsolillaan. Peliss\u00e4 oli tullut vastaan harvinainen &#8221;Shiny&#8221; Entei pokemon. T\u00e4m\u00e4n harvinaisuuden nappaaminen ei kuitenkaan ollut helppo teht\u00e4v\u00e4 ja se p\u00e4\u00e4si pakoon. Pettymys ja turhautuminen olivat niin suuret, ett\u00e4 asia on mieless\u00e4 edelleen aina v\u00e4lill\u00e4.<br aria-hidden=\"true\" \/><br aria-hidden=\"true\" \/>Opintojen aikana oli mahdollista kokeilla eri tekniikoita ja niinp\u00e4 ensimm\u00e4isen\u00e4 yhteisen\u00e4 jouluna p\u00e4\u00e4tin antaa h\u00e4nelle kullatun Entei pinssin joululahjaksi.<\/p>\n","protected":false},"excerpt":{"rendered":"<p>Rosanna TallgrenTietoja korusta:\u00a0Miesten koruKorun nimi:Kultainen Entei Valmistaja, valmistusmaa:Rosanna Tallgren, Suomi Suunnittelija:Rosanna Tallgren Valmistusaika:Syksy 2019 Materiaalit:925 hopea, kullattu Leimat:925Korun mitat:Korkeus ja leveys molemmat noin 30 mm.Mit\u00e4 muuta osaat kertoa korustasi?Korun teossa on k\u00e4ytetty fotoetsausta sek\u00e4 kultausta. Oletko korun suunnittelija tai valmistaja? Mit\u00e4 osaat kertoa korustasi? Olen tehnyt korun itse.Ensimm\u00e4isen\u00e4 seurusteluvuonnamme puolisoni kertoi tarinan, kuinka h\u00e4n pienen\u00e4 [&hellip;]<\/p>\n","protected":false},"featured_media":7356,"comment_status":"closed","ping_status":"closed","template":"","meta":[],"product_cat":[377,38,258],"product_tag":[190,383,63,359,62],"_links":{"self":[{"href":"https:\/\/www.kellomuseo.fi\/holvi\/wp-json\/wp\/v2\/product\/7355"}],"collection":[{"href":"https:\/\/www.kellomuseo.fi\/holvi\/wp-json\/wp\/v2\/product"}],"about":[{"href":"https:\/\/www.kellomuseo.fi\/holvi\/wp-json\/wp\/v2\/types\/product"}],"replies":[{"embeddable":true,"href":"https:\/\/www.kellomuseo.fi\/holvi\/wp-json\/wp\/v2\/comments?post=7355"}],"wp:featuredmedia":[{"embeddable":true,"href":"https:\/\/www.kellomuseo.fi\/holvi\/wp-json\/wp\/v2\/media\/7356"}],"wp:attachment":[{"href":"https:\/\/www.kellomuseo.fi\/holvi\/wp-json\/wp\/v2\/media?parent=7355"}],"wp:term":[{"taxonomy":"product_cat","embeddable":true,"href":"https:\/\/www.kellomuseo.fi\/holvi\/wp-json\/wp\/v2\/product_cat?post=7355"},{"taxonomy":"product_tag","embeddable":true,"href":"https:\/\/www.kellomuseo.fi\/holvi\/wp-json\/wp\/v2\/product_tag?post=7355"}],"curies":[{"name":"wp","href":"https:\/\/api.w.org\/{rel}","templated":true}]}}