{"id":7117,"date":"2022-06-08T10:59:09","date_gmt":"2022-06-08T07:59:09","guid":{"rendered":"https:\/\/www.kellomuseo.fi\/holvi\/?post_type=product&#038;p=7117"},"modified":"2022-06-08T11:00:07","modified_gmt":"2022-06-08T08:00:07","slug":"konnien-kellonrakentajasuku-selkokieli","status":"publish","type":"product","link":"https:\/\/www.kellomuseo.fi\/holvi\/tuote\/konnien-kellonrakentajasuku-selkokieli\/","title":{"rendered":"K\u00f6nnien kellonrakentajasuku selkokielell\u00e4"},"content":{"rendered":"<p><strong>K\u00f6nnit rakensivat kelloja<\/strong><\/p>\n<p>K\u00f6nnit ovat Suomen kuuluisin kellonrakentajien suku. Erityisen kuuluisia ovat K\u00f6nnien valmistamat lattiakellot eli kaappikellot. Siksi my\u00f6s muiden valmistajien lattiakelloja sanotaan usein k\u00f6nninkelloiksi. K\u00f6nnit valmistivat kuitenkin my\u00f6s muunlaisia kelloja. He tekiv\u00e4t monia tornikelloja, p\u00f6yt\u00e4kelloja ja taskukelloja.<\/p>\n<p>Suvun ensimm\u00e4inen kellontekij\u00e4 oli Jacob Jacobinpoika. H\u00e4n syntyi vuonna 1721. Kun Jacobin vanhempi veli sai perheen maatilan itselleen, Jacob l\u00e4hti t\u00f6ihin Ilmajoelle. H\u00e4n oppi sep\u00e4n t\u00f6it\u00e4, tutustui kellon valmistukseen ja pyssysep\u00e4n ty\u00f6h\u00f6n. Silloin Jacob keksi, ett\u00e4 h\u00e4n alkaa tehd\u00e4 itse kellojen koneistoja.<\/p>\n<p>Jacob osti Ilmajoelta maatilan. Tilan l\u00e4pi virtasi joki, jonka nimi oli K\u00f6nninluoma. Jacob otti joen nimest\u00e4 itselleen sukunimen. H\u00e4nest\u00e4 tuli Jacob Jacobinpoika K\u00f6nni.<\/p>\n<p>Jacob alkoi valmistaa kelloja K\u00f6nnin tilalla joskus 1780-luvun lopussa. Tuolta ajalta on s\u00e4ilynyt muutama kello. Aluksi kellot olivat yksinkertaisia. Ensimm\u00e4isiss\u00e4 kelloissa oli vain tuntiviisari, ja kellot piti vet\u00e4\u00e4 joka p\u00e4iv\u00e4. Kun ty\u00f6kalut v\u00e4hitellen paranivat, voitiin tehd\u00e4 entist\u00e4 vaikeampia t\u00f6it\u00e4.<\/p>\n<p>Jacobilla oli nelj\u00e4 tytt\u00f6\u00e4 ja kaksi poikaa. Poikien nimet olivat Johan ja Samuel. He oppivat kellosep\u00e4n ammatin is\u00e4lt\u00e4\u00e4n, ja molemmista tuli taitavia ty\u00f6ss\u00e4\u00e4n.<\/p>\n<p>Nuorempi poika Samuel asui K\u00f6nnin tilan vieress\u00e4. H\u00e4n teki lattiakelloja, taskukelloja ja muita sep\u00e4n t\u00f6it\u00e4. Vanhempi Johan jatkoi ty\u00f6t\u00e4 K\u00f6nnin tilalla. Johan kehitti kellojen valmistusta. H\u00e4n hankki muun muassa vesimyllyn voimalla toimivan vasaran. K\u00f6nnien pajassa tehtiin my\u00f6s lattiakellojen puisia kaappeja. Suuri osa kaapeista meni l\u00e4hialueelle tai sukulaisille. Kauempaa tulevat asiakkaat ostivat usein vain kellon koneiston ja teettiv\u00e4t kaapin omalla kyl\u00e4ll\u00e4.<\/p>\n<p>Johan K\u00f6nnill\u00e4 oli kaksi tytt\u00f6\u00e4 ja viisi poikaa. Kaikki pojat ryhtyiv\u00e4t kellosepiksi. Kaksi vanhinta poikaa, Jacob ja Johan, jakoivat K\u00f6nnin tilan kahtia. Uudet tilat saivat nimet Ala-K\u00f6nni ja Yli-K\u00f6nni. Pojat ottivat tilojen nimet omiksi sukunimikseen. Jacobista tuli Jacob Ala-K\u00f6nni ja Johanista Johan Yli-K\u00f6nni.<\/p>\n<p>Jacob ja Johan olivat jo kolmannen polven kellomestareita. He jatkoivat isois\u00e4n ja is\u00e4n ty\u00f6t\u00e4. On paljon Jacobin ja Johanin ansiota, ett\u00e4 K\u00f6nnien suvusta tuli kuuluisa. My\u00f6s veljet Matts, Esaias ja Simon olivat taitavia kelloseppi\u00e4.<\/p>\n<p>Jacobin ja Johanin tunnetuimmat kellot ovat Helsingiss\u00e4 Senaatintorin laidalla. Johan rakensi kellon tuomiokirkon torniin. Jacobin tekem\u00e4 kello on valtioneuvoston linnan ulkosein\u00e4ss\u00e4. Veljekset valmistivat my\u00f6s hienoja hopeisia taskukelloja, kirurgin v\u00e4lineit\u00e4 ja lukkoja.<\/p>\n<p>Jacob Ala-K\u00f6nnin poika Johan jatkoi is\u00e4ns\u00e4 ty\u00f6t\u00e4. Johan Ala-K\u00f6nni valmisti monenlaisia kelloja sek\u00e4 vaunuja ja rattaita. H\u00e4nelt\u00e4 tilattiin tornikello Pietariin, Haminaan ja Lappeenrantaan. Kellojen valmistuksessa k\u00e4ytettiin jo paljon koneita. Johanilta ei kuitenkaan j\u00e4\u00e4nyt lapsia. H\u00e4n oli Ala-K\u00f6nnin viimeinen kellonrakentaja.<\/p>\n<p>My\u00f6s Yli-K\u00f6nnin viimeinen kellonrakentaja oli nimelt\u00e4\u00e4n Johan. H\u00e4n teki Yli-K\u00f6nniss\u00e4 t\u00f6it\u00e4 yhdess\u00e4 is\u00e4ns\u00e4 Johanin kanssa.<\/p>\n<p>K\u00f6nnit rakensivat kelloja Ilmajoella monen sukupolven ajan. Ty\u00f6 alkoi 1700-luvun lopulla ja jatkui 1860-luvulle saakka. T\u00e4n\u00e4 aikana suvussa oli 18 kellomestaria.<\/p>\n<p>K\u00f6nnien suku valmisti kaikenlaisia kelloja, suuria tornikelloja ja pieni\u00e4 taskukelloja. N\u00e4in monipuolinen tuotanto on hyvin harvinaista. K\u00f6nnit my\u00f6s tekiv\u00e4t kelloja enemm\u00e4n kuin kukaan muu Suomessa tai Ruotsissa. K\u00f6nnit ovat Suomen kellohistorian t\u00e4rkein suku.<\/p>\n<p>K\u00f6nnit osasivat valmistaa my\u00f6s hyvin monimutkaisia kelloja. Kalenterikellossa on seitsem\u00e4n viisaria. Viisarit n\u00e4ytt\u00e4v\u00e4t kellonajan lis\u00e4ksi p\u00e4iv\u00e4m\u00e4\u00e4r\u00e4n, viikonp\u00e4iv\u00e4n, kuukauden ja vuodenajan. T\u00e4llainen kello on hyvin vaikea suunnitella ja rakentaa. K\u00f6nnin kellomestarit kuitenkin onnistuivat. He tekiv\u00e4t kalenterikelloja luultavasti vain sukulaisille tai parhaille yst\u00e4ville.<\/p>\n<p><strong>L\u00e4hde:<\/strong> Suomen kello- ja korumuseo<\/p>\n<p>&nbsp;<\/p>\n","protected":false},"excerpt":{"rendered":"<p><strong>Kuva:<\/strong> Suomen kello- ja korumuseo Kruunu<\/p>\n<p>&nbsp;<\/p>\n","protected":false},"featured_media":1617,"comment_status":"closed","ping_status":"closed","template":"","meta":[],"product_cat":[173,20],"product_tag":[422,51,55,30,52,73,72,74],"_links":{"self":[{"href":"https:\/\/www.kellomuseo.fi\/holvi\/wp-json\/wp\/v2\/product\/7117"}],"collection":[{"href":"https:\/\/www.kellomuseo.fi\/holvi\/wp-json\/wp\/v2\/product"}],"about":[{"href":"https:\/\/www.kellomuseo.fi\/holvi\/wp-json\/wp\/v2\/types\/product"}],"replies":[{"embeddable":true,"href":"https:\/\/www.kellomuseo.fi\/holvi\/wp-json\/wp\/v2\/comments?post=7117"}],"wp:featuredmedia":[{"embeddable":true,"href":"https:\/\/www.kellomuseo.fi\/holvi\/wp-json\/wp\/v2\/media\/1617"}],"wp:attachment":[{"href":"https:\/\/www.kellomuseo.fi\/holvi\/wp-json\/wp\/v2\/media?parent=7117"}],"wp:term":[{"taxonomy":"product_cat","embeddable":true,"href":"https:\/\/www.kellomuseo.fi\/holvi\/wp-json\/wp\/v2\/product_cat?post=7117"},{"taxonomy":"product_tag","embeddable":true,"href":"https:\/\/www.kellomuseo.fi\/holvi\/wp-json\/wp\/v2\/product_tag?post=7117"}],"curies":[{"name":"wp","href":"https:\/\/api.w.org\/{rel}","templated":true}]}}