{"id":5905,"date":"2022-03-03T21:17:30","date_gmt":"2022-03-03T19:17:30","guid":{"rendered":"https:\/\/www.kellomuseo.fi\/holvi\/?post_type=product&#038;p=5905"},"modified":"2022-03-10T11:13:41","modified_gmt":"2022-03-10T09:13:41","slug":"sale","status":"publish","type":"product","link":"https:\/\/www.kellomuseo.fi\/holvi\/tuote\/sale\/","title":{"rendered":"SaLe"},"content":{"rendered":"<p><strong>SaLe 1948 (Tampere)\u00a0<\/strong><\/p>\n<p>Kellosepp\u00e4 Jalmari Sarpala valmisti liikkeess\u00e4\u00e4n Kelloliike Sarpalassa Viipurissa 60 &#8211; 70 kappaletta\u00a0 sein\u00e4kelloja\u00a0 vuosina 1937 &#8211; 1939. Kelloilla ei ollut merkki\u00e4.<\/p>\n<p>My\u00f6hemmin,\u00a0 vuonna 1948 muutettuaan Tampereelle Sarpala valmisti yhteisty\u00f6ss\u00e4 teknikko Vieno Lehtisen kanssa muutaman kappaleen sarjan s\u00e4hk\u00f6mekaanisia kelloja. Kellot merkittiin SaLe -tunnuksella.<\/p>\n<p><strong>L\u00e4hde:<\/strong> Suomen Kellomuseo<\/p>\n<p>&nbsp;<\/p>\n<p>&nbsp;<\/p>\n","protected":false},"excerpt":{"rendered":"<p>&nbsp;<\/p>\n<p>&nbsp;<\/p>\n","protected":false},"featured_media":6490,"comment_status":"closed","ping_status":"closed","template":"","meta":[],"product_cat":[20],"product_tag":[484,486,453,298,200,485],"_links":{"self":[{"href":"https:\/\/www.kellomuseo.fi\/holvi\/wp-json\/wp\/v2\/product\/5905"}],"collection":[{"href":"https:\/\/www.kellomuseo.fi\/holvi\/wp-json\/wp\/v2\/product"}],"about":[{"href":"https:\/\/www.kellomuseo.fi\/holvi\/wp-json\/wp\/v2\/types\/product"}],"replies":[{"embeddable":true,"href":"https:\/\/www.kellomuseo.fi\/holvi\/wp-json\/wp\/v2\/comments?post=5905"}],"wp:featuredmedia":[{"embeddable":true,"href":"https:\/\/www.kellomuseo.fi\/holvi\/wp-json\/wp\/v2\/media\/6490"}],"wp:attachment":[{"href":"https:\/\/www.kellomuseo.fi\/holvi\/wp-json\/wp\/v2\/media?parent=5905"}],"wp:term":[{"taxonomy":"product_cat","embeddable":true,"href":"https:\/\/www.kellomuseo.fi\/holvi\/wp-json\/wp\/v2\/product_cat?post=5905"},{"taxonomy":"product_tag","embeddable":true,"href":"https:\/\/www.kellomuseo.fi\/holvi\/wp-json\/wp\/v2\/product_tag?post=5905"}],"curies":[{"name":"wp","href":"https:\/\/api.w.org\/{rel}","templated":true}]}}