{"id":5904,"date":"2022-03-03T21:12:29","date_gmt":"2022-03-03T19:12:29","guid":{"rendered":"https:\/\/www.kellomuseo.fi\/holvi\/?post_type=product&#038;p=5904"},"modified":"2022-03-10T11:02:09","modified_gmt":"2022-03-10T09:02:09","slug":"kope-oy","status":"publish","type":"product","link":"https:\/\/www.kellomuseo.fi\/holvi\/tuote\/kope-oy\/","title":{"rendered":"Kope Oy"},"content":{"rendered":"<p><strong>Kope Oy 1951-1970 -luku (Ini\u00f6 ja Naantali)<\/strong><\/p>\n<p>Valtiotieteiden tohtori Frejvid Borg perusti Kope Oy:n Naantaliin 1940-luvun alussa. Aluksi Kope oli puuty\u00f6tehdas ja rautavalimo. Sirius\u2013merkkisten kellojen tuotanto alkoi 1950-luvun alussa Ini\u00f6ss\u00e4 \u00c5seholmin saaressa. Kellopajan mestarina toimi saksalainen kellosepp\u00e4 Walter Weckerle. Paja ty\u00f6llisti 9 ini\u00f6l\u00e4ist\u00e4 nuorta ja tuotti l\u00e4hinn\u00e4 taskukelloja saksalaisista raakakoneistoista.<\/p>\n<p>Vuonna 1954 kellotuotanto siirtyi Naantaliin Kope Oy:n muiden tuotantolaitosten yhteyteen. Samalla mallisto laajeni. Sirius\u2013kellomerkin mallisto oli suomalaisten kellotehtaiden laajin. Tasku- ja rannekellojen ohella valmistettiin noin kymment\u00e4 erilaista p\u00f6yt\u00e4kellomallia sek\u00e4 lukuisia sein\u00e4kellomalleja. 1950-luvulla Siriuksen suosituimmat kellot olivat k\u00e4kikelloja, joita valmistettiin 9 erilaista. My\u00f6s lapsille oli oma sein\u00e4kellomallistonsa.<\/p>\n<p>Poiketen muista saman ajan suomalaisista kellotehtaista Kope oli l\u00e4hinn\u00e4 kelloja kokoon paneva ja viimeistelev\u00e4 tehdas. Raakakoneistot ja kuorien aihiot tuotiin Saksasta. Puiset kellokotelot valmistettiin Kope Oy:n omassa puuty\u00f6tehtaassa. Malliston suunnittelijasta ei ole tarkempia tietoja, mutta ainakin yksi p\u00f6yt\u00e4kellomalli on taiteilija Paavo Tynellin suunnittelema.<\/p>\n<p><strong>L\u00e4hde:<\/strong> Suomen Kellomuseo<\/p>\n<p>&nbsp;<\/p>\n","protected":false},"excerpt":{"rendered":"<p>&nbsp;<\/p>\n<p>&nbsp;<\/p>\n","protected":false},"featured_media":6490,"comment_status":"closed","ping_status":"closed","template":"","meta":[],"product_cat":[20,201],"product_tag":[479,483,478,112,429,453,480,482,298,200,481],"_links":{"self":[{"href":"https:\/\/www.kellomuseo.fi\/holvi\/wp-json\/wp\/v2\/product\/5904"}],"collection":[{"href":"https:\/\/www.kellomuseo.fi\/holvi\/wp-json\/wp\/v2\/product"}],"about":[{"href":"https:\/\/www.kellomuseo.fi\/holvi\/wp-json\/wp\/v2\/types\/product"}],"replies":[{"embeddable":true,"href":"https:\/\/www.kellomuseo.fi\/holvi\/wp-json\/wp\/v2\/comments?post=5904"}],"wp:featuredmedia":[{"embeddable":true,"href":"https:\/\/www.kellomuseo.fi\/holvi\/wp-json\/wp\/v2\/media\/6490"}],"wp:attachment":[{"href":"https:\/\/www.kellomuseo.fi\/holvi\/wp-json\/wp\/v2\/media?parent=5904"}],"wp:term":[{"taxonomy":"product_cat","embeddable":true,"href":"https:\/\/www.kellomuseo.fi\/holvi\/wp-json\/wp\/v2\/product_cat?post=5904"},{"taxonomy":"product_tag","embeddable":true,"href":"https:\/\/www.kellomuseo.fi\/holvi\/wp-json\/wp\/v2\/product_tag?post=5904"}],"curies":[{"name":"wp","href":"https:\/\/api.w.org\/{rel}","templated":true}]}}