{"id":5898,"date":"2022-03-03T20:38:10","date_gmt":"2022-03-03T18:38:10","guid":{"rendered":"https:\/\/www.kellomuseo.fi\/holvi\/?post_type=product&#038;p=5898"},"modified":"2022-03-10T11:14:23","modified_gmt":"2022-03-10T09:14:23","slug":"kellotehdas-k-soidinsalo-oy","status":"publish","type":"product","link":"https:\/\/www.kellomuseo.fi\/holvi\/tuote\/kellotehdas-k-soidinsalo-oy\/","title":{"rendered":"Kellotehdas K. Soidinsalo Oy"},"content":{"rendered":"<p>&nbsp;<\/p>\n<p><strong>Kellotehdas K. Soidinsalo Oy 1944-1972 (Kauniainen, Viherlaakso)<\/strong><\/p>\n<p>Kalervo Soidinsalo (1904-1973) perusti kellotehtaan omakotitalonsa piharakennukseen sodan j\u00e4lkeen. Sodan aikana h\u00e4n oli valmistanut armeijalle mm. paukkuh\u00e4lyttimi\u00e4 ja ns. \u201dhelvetinkoneita\u201d sek\u00e4 korjannut monia armeijan k\u00e4ytt\u00e4mi\u00e4 erikoislaitteita. Sodan j\u00e4lkeen kelloilla oli kysynt\u00e4\u00e4 ja Soidinsalo alkoi rakentaa perinteisi\u00e4 painokelloja kotien k\u00e4ytt\u00f6\u00f6n.<\/p>\n<p>Kellojen valmistamisessa tarvittavia osia ei ollut saatavissa, joten kaikki tehtiin itse verstaassa. Soidinsalon tupakellojen pohjat tehtiin koivupuusta ja niihin porattiin rei\u00e4t akselipesi\u00e4 varten. Painokelloissa tarvittavat messinkiketjut ja niiden valmistuksessa tarvittavat laitteetkin tehtiin itse.<\/p>\n<p>Soidinsalon kellojen taulut tehtiin puusta. Osa koristeltiin maalaamalla perinteiseen schwarzwaldilaiseen tapaan. Maalarina toimi naapurissa asunut tunnettu koristemaalari Hilbert Fritz. My\u00f6hemmin osa koristelusta tehtiin siirtokuvilla tai taulujen kuvat painettiin kirjapainossa paperille ja liimattiin paikalleen.<\/p>\n<p>Soidinsalo valmisti kaikkiaan n. 9200 kelloa. Tehdas valmisti my\u00f6s laitteita ja varaosia kelloseppien k\u00e4ytt\u00f6\u00f6n. Valikoimaan kuuluivat mm. laakerint\u00e4ytteet ja rannekellojen magneettisuuden poistajat.<\/p>\n<p>Kun ulkomaankauppa elpyi ja markkinoille alkoi j\u00e4lleen tulla edullisempia saksalaisia tupakelloja, Soidinsalo siirtyi valmistamaan mm. paristok\u00e4ytt\u00f6isi\u00e4 mainospy\u00f6ritt\u00e4ji\u00e4, s\u00e4\u00e4st\u00f6lippaita, uistinkeloja ja Soidinsalon kehitt\u00e4mi\u00e4 vaateripustimia \u201dPuntti-Pekkoja\u201d.<\/p>\n<p><strong>L\u00e4hde:<\/strong> Suomen Kellomuseo<\/p>\n","protected":false},"excerpt":{"rendered":"<p>&nbsp;<\/p>\n<p>&nbsp;<\/p>\n","protected":false},"featured_media":6490,"comment_status":"closed","ping_status":"closed","template":"","meta":[],"product_cat":[20,201],"product_tag":[442,434,200,315],"_links":{"self":[{"href":"https:\/\/www.kellomuseo.fi\/holvi\/wp-json\/wp\/v2\/product\/5898"}],"collection":[{"href":"https:\/\/www.kellomuseo.fi\/holvi\/wp-json\/wp\/v2\/product"}],"about":[{"href":"https:\/\/www.kellomuseo.fi\/holvi\/wp-json\/wp\/v2\/types\/product"}],"replies":[{"embeddable":true,"href":"https:\/\/www.kellomuseo.fi\/holvi\/wp-json\/wp\/v2\/comments?post=5898"}],"wp:featuredmedia":[{"embeddable":true,"href":"https:\/\/www.kellomuseo.fi\/holvi\/wp-json\/wp\/v2\/media\/6490"}],"wp:attachment":[{"href":"https:\/\/www.kellomuseo.fi\/holvi\/wp-json\/wp\/v2\/media?parent=5898"}],"wp:term":[{"taxonomy":"product_cat","embeddable":true,"href":"https:\/\/www.kellomuseo.fi\/holvi\/wp-json\/wp\/v2\/product_cat?post=5898"},{"taxonomy":"product_tag","embeddable":true,"href":"https:\/\/www.kellomuseo.fi\/holvi\/wp-json\/wp\/v2\/product_tag?post=5898"}],"curies":[{"name":"wp","href":"https:\/\/api.w.org\/{rel}","templated":true}]}}