{"id":5796,"date":"2022-03-02T19:48:06","date_gmt":"2022-03-02T17:48:06","guid":{"rendered":"https:\/\/www.kellomuseo.fi\/holvi\/?post_type=product&#038;p=5796"},"modified":"2022-03-11T09:34:19","modified_gmt":"2022-03-11T07:34:19","slug":"rannekello-tissot","status":"publish","type":"product","link":"https:\/\/www.kellomuseo.fi\/holvi\/tuote\/rannekello-tissot\/","title":{"rendered":"Rannekello &#8211; Tissot"},"content":{"rendered":"<p><strong>Rannekello<\/strong><\/p>\n<p><strong>Kellon merkki ja malli<\/strong>: Tissot, PR 516GL<\/p>\n<p><strong>Valmistaja: <\/strong>Tissot, Sveitsi<\/p>\n<p><strong>Valmistusajankohta:<\/strong> 1970-luvun alku<\/p>\n<p><strong>Hankinta-ajankohta<\/strong>: Saatu 25-vuotislahjaksi 8.9.1972<\/p>\n<p><strong>Mater<\/strong><strong>iaali<\/strong>: Ter\u00e4skuorinen kello<\/p>\n<p><strong>Muut merkinn\u00e4t<\/strong>: Kaiverrus: 8.9.72, Nimikirjaimet: HJ<\/p>\n<p><strong>Rannekkeen leimat<\/strong>: Tissot 672 all stainless, ollut k\u00e4yt\u00f6ss\u00e4 yht\u00e4jaksoisesti 50 vuotta<\/p>\n<p><strong>Koneisto<\/strong>: Automaattikoneisto<\/p>\n<p>&nbsp;<\/p>\n","protected":false},"excerpt":{"rendered":"<p><strong>L\u00e4hde:\u00a0<\/strong>\u00a0Suomen kello- ja korumuseo<\/p>\n","protected":false},"featured_media":6645,"comment_status":"closed","ping_status":"closed","template":"","meta":[],"product_cat":[31,494],"product_tag":[431,30,495,429,425,430],"_links":{"self":[{"href":"https:\/\/www.kellomuseo.fi\/holvi\/wp-json\/wp\/v2\/product\/5796"}],"collection":[{"href":"https:\/\/www.kellomuseo.fi\/holvi\/wp-json\/wp\/v2\/product"}],"about":[{"href":"https:\/\/www.kellomuseo.fi\/holvi\/wp-json\/wp\/v2\/types\/product"}],"replies":[{"embeddable":true,"href":"https:\/\/www.kellomuseo.fi\/holvi\/wp-json\/wp\/v2\/comments?post=5796"}],"wp:featuredmedia":[{"embeddable":true,"href":"https:\/\/www.kellomuseo.fi\/holvi\/wp-json\/wp\/v2\/media\/6645"}],"wp:attachment":[{"href":"https:\/\/www.kellomuseo.fi\/holvi\/wp-json\/wp\/v2\/media?parent=5796"}],"wp:term":[{"taxonomy":"product_cat","embeddable":true,"href":"https:\/\/www.kellomuseo.fi\/holvi\/wp-json\/wp\/v2\/product_cat?post=5796"},{"taxonomy":"product_tag","embeddable":true,"href":"https:\/\/www.kellomuseo.fi\/holvi\/wp-json\/wp\/v2\/product_tag?post=5796"}],"curies":[{"name":"wp","href":"https:\/\/api.w.org\/{rel}","templated":true}]}}