{"id":5795,"date":"2022-03-02T19:21:39","date_gmt":"2022-03-02T17:21:39","guid":{"rendered":"https:\/\/www.kellomuseo.fi\/holvi\/?post_type=product&#038;p=5795"},"modified":"2022-03-11T09:14:22","modified_gmt":"2022-03-11T07:14:22","slug":"taskukello-qte-boute","status":"publish","type":"product","link":"https:\/\/www.kellomuseo.fi\/holvi\/tuote\/taskukello-qte-boute\/","title":{"rendered":"Taskukello &#8211; Qte Boute"},"content":{"rendered":"<p><strong>Taskukello<\/strong><\/p>\n<p><strong>Kellon merkki<\/strong>: Qte Boute<\/p>\n<p><strong>Valmistaja: <\/strong>Qte Boute, Sveitsi<\/p>\n<p><strong>Valmistusajankohta:<\/strong>\u00a01900-luvun alku<\/p>\n<p><strong>Hankinta-ajankohta<\/strong>: 27.3.1903 Viipuri<\/p>\n<p><strong>Mater<\/strong><strong>iaali<\/strong>: kultakuorinen kello<\/p>\n<p><strong>Leimat<\/strong>: Sveitsil\u00e4inen valmistusleima , orava 585 -leima, ven\u00e4l\u00e4inen 14\/56 leima<\/p>\n<p><strong>Koko \/ mitat<\/strong>: Halkaisija 4,7 cm<\/p>\n<p><strong>Muut merkinn\u00e4t<\/strong>: kaiverrus: 27.3.1903 Erinnerung von der Konfirmation von Taufvater (rippilahja kummised\u00e4lt\u00e4)<br \/>\nnimikirjaimet: EM<\/p>\n<p><strong>Koneisto<\/strong>: Remontoire, spiral brequet 1, 17 rubin jewels<\/p>\n<p>&nbsp;<\/p>\n","protected":false},"excerpt":{"rendered":"<p><strong>L\u00e4hde:\u00a0<\/strong>\u00a0Suomen kello- ja korumuseo<\/p>\n","protected":false},"featured_media":6641,"comment_status":"closed","ping_status":"closed","template":"","meta":[],"product_cat":[31,224],"product_tag":[423,30,428,425,306,427],"_links":{"self":[{"href":"https:\/\/www.kellomuseo.fi\/holvi\/wp-json\/wp\/v2\/product\/5795"}],"collection":[{"href":"https:\/\/www.kellomuseo.fi\/holvi\/wp-json\/wp\/v2\/product"}],"about":[{"href":"https:\/\/www.kellomuseo.fi\/holvi\/wp-json\/wp\/v2\/types\/product"}],"replies":[{"embeddable":true,"href":"https:\/\/www.kellomuseo.fi\/holvi\/wp-json\/wp\/v2\/comments?post=5795"}],"wp:featuredmedia":[{"embeddable":true,"href":"https:\/\/www.kellomuseo.fi\/holvi\/wp-json\/wp\/v2\/media\/6641"}],"wp:attachment":[{"href":"https:\/\/www.kellomuseo.fi\/holvi\/wp-json\/wp\/v2\/media?parent=5795"}],"wp:term":[{"taxonomy":"product_cat","embeddable":true,"href":"https:\/\/www.kellomuseo.fi\/holvi\/wp-json\/wp\/v2\/product_cat?post=5795"},{"taxonomy":"product_tag","embeddable":true,"href":"https:\/\/www.kellomuseo.fi\/holvi\/wp-json\/wp\/v2\/product_tag?post=5795"}],"curies":[{"name":"wp","href":"https:\/\/api.w.org\/{rel}","templated":true}]}}