{"id":5487,"date":"2022-02-23T11:36:39","date_gmt":"2022-02-23T09:36:39","guid":{"rendered":"https:\/\/www.kellomuseo.fi\/holvi\/?post_type=product&#038;p=5487"},"modified":"2022-03-03T20:47:28","modified_gmt":"2022-03-03T18:47:28","slug":"nanna-salmi","status":"publish","type":"product","link":"https:\/\/www.kellomuseo.fi\/holvi\/tuote\/nanna-salmi\/","title":{"rendered":"Horsehair jewellery nanna salmi"},"content":{"rendered":"<p>&nbsp;<\/p>\n<p class=\"Esimuotoiltuteksti\"><span lang=\"FI\" style=\"font-size: 11.0pt; font-family: 'Arial',sans-serif;\">Nanna Salmi: Olen koulutukseltani tekstiilisuunnittelija ja kankaankutoja, ja olen suunnitellut vaate- ja sisustuskankaitten lis\u00e4ksi puutarhoja, sisustuksia, tehnyt graafista suunnittelua sek\u00e4 lavastuksia ja puvustuksia harrastajateattereille. Olen tehnyt my\u00f6s applikaatiotauluja ja pit\u00e4nyt useita n\u00e4yttelyit\u00e4 kotimaassa ja ulkomailla. Tauluja on sek\u00e4 julkisissa ett\u00e4 yksityisiss\u00e4 kokoelmissa.<\/span><\/p>\n<p class=\"Esimuotoiltuteksti\"><span lang=\"FI\" style=\"font-size: 11.0pt; font-family: 'Arial',sans-serif;\">Hevoseni h\u00e4nt\u00e4\u00e4 harjaillessa mietin usein, olisko jouhista mahdollista kutoa nauhoja vanhoilla kansanomaisilla tekniikoilla, jotka olivat tulleet tutuiksi jo opiskeluaikana. <\/span><\/p>\n<p class=\"Esimuotoiltuteksti\"><span lang=\"FI\" style=\"font-size: 11.0pt; font-family: 'Arial',sans-serif;\">Idea j\u00e4i ajatuksen asteelle kunnes ratsastuskaverillani oli tulossa merkkip\u00e4iv\u00e4 ja p\u00e4\u00e4tin kokeilla. Otin h\u00e4nt\u00e4jouhia h\u00e4nen kolmelta hevoseltaan ja kudoin niist\u00e4 kapean nauhan. Vein nauhan ja hevoseni kuolaimet malliksi kultasep\u00e4lle, joka teki pienet kuolaimet ja kiinnitti ne nauhaan, ja niin syntyi ensimm\u00e4inen jouhikoru, kaulakoru, joka on edelleenkin mallistossa.<\/span><span lang=\"FI\" style=\"font-size: 11.0pt; font-family: 'Arial',sans-serif;\">\u00a0<\/span><\/p>\n<p class=\"Esimuotoiltuteksti\"><span lang=\"FI\" style=\"font-size: 11.0pt; font-family: 'Arial',sans-serif;\">Kun viides ratsastusporukassamme halusi samanlaisen, aloin v\u00e4hitellen tajuta, ett\u00e4 olin keksinyt tuotteen, jota aiemmin ei ollut olemassa: jouhista, jalometalleista ja -kivist\u00e4 valmistettu arvokoru. Aloitin vuonna 2000 suunnittelemalla kaulakorun lis\u00e4ksi sormuksen ja rannekorun. Vuosien mittaan mallisto on kasvanut viiteenkymmeneennelj\u00e4\u00e4n, mukana my\u00f6s miesten malleja.<\/span><span lang=\"FI\" style=\"font-size: 11.0pt; font-family: 'Arial',sans-serif;\">\u00a0<\/span><\/p>\n<p class=\"Esimuotoiltuteksti\"><span lang=\"FI\" style=\"font-size: 11.0pt; font-family: 'Arial',sans-serif;\">Koruissani yhdistyv\u00e4t moderni muotoilu sek\u00e4 ikiaikaiset materiaalit ja k\u00e4sity\u00f6tekniikat. Jokainen koru on ainoa maailmassa, koska jokaisen nauhaksi kudotun miniatyyrikankaan materiaalina on asiakkaan l\u00e4hett\u00e4m\u00e4t, h\u00e4nen oman hevosensa jouhet. Korun merkitysarvo sen kantajalle on mittaamaton.<\/span><\/p>\n<p class=\"Esimuotoiltuteksti\"><span lang=\"FI\" style=\"font-size: 11.0pt; font-family: 'Arial',sans-serif;\">Tied\u00e4n milt\u00e4 haluan korun n\u00e4ytt\u00e4v\u00e4n, mutta tarvitsen mallin valukelpoiseksi saattamiseksi taitavan ja yhteisty\u00f6kykyisen kultasep\u00e4n, joka sanomattakin tiet\u00e4\u00e4 mit\u00e4 haluan. Korujeni kultasep\u00e4nty\u00f6n on l\u00e4hes poikkeuksetta tehnyt Marjut Viitanen, ja mallipiirustukset valimoa varten ovat laatineet sek\u00e4 h\u00e4n ett\u00e4 kultasepp\u00e4 Lauri Eno. Kaiverrukset ovat Tarja Kaarnakosken k\u00e4sialaa.<\/span><\/p>\n<p class=\"Esimuotoiltuteksti\"><span lang=\"FI\">\u00a0<\/span><span lang=\"FI\" style=\"font-size: 11.0pt; font-family: 'Arial',sans-serif;\">Korujeni j\u00e4lleenmyyji\u00e4 on Euroopassa, Yhdysvalloissa ja Japanissa.<\/span><\/p>\n<p class=\"Esimuotoiltuteksti\"><span lang=\"FI\"><a href=\"http:\/\/www.horsehairjewellerynannasalmi.com\/\"><span style=\"font-size: 11.0pt; font-family: 'Arial',sans-serif;\">www.horsehairjewellerynannasalmi.com<\/span><\/a><\/span><span lang=\"FI\" style=\"font-size: 11.0pt; font-family: 'Arial',sans-serif;\"><br \/>\n<\/span><span lang=\"FI\"><a href=\"http:\/\/www.instagram.com\/horsehairjewellery_nannasalmi\/\"><span style=\"font-size: 11.0pt; font-family: 'Arial',sans-serif;\">www.instagram.com\/horsehairjewellery_nannasalmi\/<\/span><\/a><\/span><span lang=\"FI\" style=\"font-size: 11.0pt; font-family: 'Arial',sans-serif;\"><br \/>\n<\/span><span lang=\"FI\"><a href=\"http:\/\/horsehairjewelrynannasalmi.blogspot.com\/\"><span style=\"font-size: 11.0pt; font-family: 'Arial',sans-serif;\">http:\/\/horsehairjewelrynannasalmi.blogspot.com\/<\/span><\/a><\/span><\/p>\n","protected":false},"excerpt":{"rendered":"<p>Marjut Viitanen<\/p>\n<p>&nbsp;<\/p>\n","protected":false},"featured_media":0,"comment_status":"closed","ping_status":"closed","template":"","meta":[],"product_cat":[20,201],"product_tag":[417,416,266,419,418,420,415],"_links":{"self":[{"href":"https:\/\/www.kellomuseo.fi\/holvi\/wp-json\/wp\/v2\/product\/5487"}],"collection":[{"href":"https:\/\/www.kellomuseo.fi\/holvi\/wp-json\/wp\/v2\/product"}],"about":[{"href":"https:\/\/www.kellomuseo.fi\/holvi\/wp-json\/wp\/v2\/types\/product"}],"replies":[{"embeddable":true,"href":"https:\/\/www.kellomuseo.fi\/holvi\/wp-json\/wp\/v2\/comments?post=5487"}],"wp:attachment":[{"href":"https:\/\/www.kellomuseo.fi\/holvi\/wp-json\/wp\/v2\/media?parent=5487"}],"wp:term":[{"taxonomy":"product_cat","embeddable":true,"href":"https:\/\/www.kellomuseo.fi\/holvi\/wp-json\/wp\/v2\/product_cat?post=5487"},{"taxonomy":"product_tag","embeddable":true,"href":"https:\/\/www.kellomuseo.fi\/holvi\/wp-json\/wp\/v2\/product_tag?post=5487"}],"curies":[{"name":"wp","href":"https:\/\/api.w.org\/{rel}","templated":true}]}}