{"id":4920,"date":"2022-02-02T12:28:23","date_gmt":"2022-02-02T10:28:23","guid":{"rendered":"https:\/\/www.kellomuseo.fi\/holvi\/?post_type=product&#038;p=4920"},"modified":"2022-02-02T13:20:53","modified_gmt":"2022-02-02T11:20:53","slug":"skagen-denmark-freja-rannekello","status":"publish","type":"product","link":"https:\/\/www.kellomuseo.fi\/holvi\/tuote\/skagen-denmark-freja-rannekello\/","title":{"rendered":"Skagen Denmark Freja rannekello"},"content":{"rendered":"<p>Kategoria: Rannekello<\/p>\n<p>Kellon merkki: Skagen Denmark, Freja<\/p>\n<p>Valmistaja: Tanska<\/p>\n<p>Hankinta-ajankohta: 8\/2021<\/p>\n<p>Materiaalit: Ruostumaton ter\u00e4s<\/p>\n<p>Leimat: SKAGEN \/ DENMARK, ALL STAINLESS STEEL &#8211; 5 ATM &#8211; SKW26667, 112002, FREJA<\/p>\n<p>Muut merkinn\u00e4t: Kellon takana: R &amp; J &amp; U<\/p>\n<p>Koneisto: Kvartsi<\/p>\n<p>Sanallinen kuvaus: Kellossa mesh-ranneke, joka on ruostumatonta ter\u00e4st\u00e4. Kellon runko my\u00f6s ruostumatonta ter\u00e4st\u00e4. Kellotaulun v\u00e4ri tasainen tumman harmaa. Vain tunti indeksit, jotka &#8221;timantit&#8221;. Osoittimet yksinkertaiset, ter\u00e4ksen v\u00e4riset. Lasi suora.<\/p>\n<p>&nbsp;<\/p>\n","protected":false},"excerpt":{"rendered":"<p><strong>L\u00e4hde: <\/strong>Rosanna Tallgren, Skagen Denmark Freja<\/p>\n","protected":false},"featured_media":4931,"comment_status":"closed","ping_status":"closed","template":"","meta":[],"product_cat":[238],"product_tag":[30,331,94,406],"_links":{"self":[{"href":"https:\/\/www.kellomuseo.fi\/holvi\/wp-json\/wp\/v2\/product\/4920"}],"collection":[{"href":"https:\/\/www.kellomuseo.fi\/holvi\/wp-json\/wp\/v2\/product"}],"about":[{"href":"https:\/\/www.kellomuseo.fi\/holvi\/wp-json\/wp\/v2\/types\/product"}],"replies":[{"embeddable":true,"href":"https:\/\/www.kellomuseo.fi\/holvi\/wp-json\/wp\/v2\/comments?post=4920"}],"wp:featuredmedia":[{"embeddable":true,"href":"https:\/\/www.kellomuseo.fi\/holvi\/wp-json\/wp\/v2\/media\/4931"}],"wp:attachment":[{"href":"https:\/\/www.kellomuseo.fi\/holvi\/wp-json\/wp\/v2\/media?parent=4920"}],"wp:term":[{"taxonomy":"product_cat","embeddable":true,"href":"https:\/\/www.kellomuseo.fi\/holvi\/wp-json\/wp\/v2\/product_cat?post=4920"},{"taxonomy":"product_tag","embeddable":true,"href":"https:\/\/www.kellomuseo.fi\/holvi\/wp-json\/wp\/v2\/product_tag?post=4920"}],"curies":[{"name":"wp","href":"https:\/\/api.w.org\/{rel}","templated":true}]}}