{"id":4741,"date":"2022-01-31T14:33:04","date_gmt":"2022-01-31T12:33:04","guid":{"rendered":"https:\/\/www.kellomuseo.fi\/holvi\/?post_type=product&#038;p=4741"},"modified":"2022-01-31T15:59:33","modified_gmt":"2022-01-31T13:59:33","slug":"suomen-tasavallan-jalokivet-kaulakoru","status":"publish","type":"product","link":"https:\/\/www.kellomuseo.fi\/holvi\/tuote\/suomen-tasavallan-jalokivet-kaulakoru\/","title":{"rendered":"&#8221;Suomen tasavallan jalokivet&#8221; -kaulakoru"},"content":{"rendered":"<p>Kaulakoru<\/p>\n<p>Korun nimi: Suomen tasavallan jalokivet<\/p>\n<p>Valmistaja: Juha Loikala, Suomi<\/p>\n<p>Suunnittelija: Heli Kauhanen<\/p>\n<p>Ajankohta: 2017<\/p>\n<p>Materiaalit: Luum\u00e4en jaloberylli, Lemmenjoen huuhdontakulta, kupari ja palladium seostettu 750 pitoiseksi valkokullaksi<\/p>\n<p>Koko \/ mitat: Kaulan ymp\u00e4rille asetettuna koko on noin 25 cm x 25 cm<\/p>\n<p>Taustatarina: &#8221;Suomen tasavallan jalokivet&#8221; -kaulakoru lahjoitettiin presidentti-instituutiolle Suomen itsen\u00e4isyyden 100 vuotislahjaksi. Koru on k\u00e4yt\u00f6ss\u00e4 kulloinkin istuvalla presidentill\u00e4 tai h\u00e4nen puolisollaan. Virallisen lahjoituksen teki Suomen Kultaseppien liitto.<br \/>\nKorun idean &#8221;is\u00e4&#8221; on korun materiaalit lahjoittanut tuntemattomana pysyttelev\u00e4 herrasmies, joka pyysi korumuotoilija Heli Kauhasta suunnittelemaan Luum\u00e4en jaloberyllist\u00e4 presidentti-instituutiolle kaulakorun. Kultasep\u00e4ksi valikoitui Juha Loikala. Koru lahjoitettiin vuonna 2017 presidentti-instituutiolle ja korun ensimm\u00e4inen kantaja oli silloisen presidentin Sauli Niinist\u00f6n puoliso rouva Jenni Haukio.<\/p>\n<p>&nbsp;<\/p>\n","protected":false},"excerpt":{"rendered":"<p><b>Kuva:\u00a0<\/b>Teemu T\u00f6yryl\u00e4<\/p>\n","protected":false},"featured_media":4743,"comment_status":"closed","ping_status":"closed","template":"","meta":[],"product_cat":[240],"product_tag":[401,400,402,332,396,42,403,75,399],"_links":{"self":[{"href":"https:\/\/www.kellomuseo.fi\/holvi\/wp-json\/wp\/v2\/product\/4741"}],"collection":[{"href":"https:\/\/www.kellomuseo.fi\/holvi\/wp-json\/wp\/v2\/product"}],"about":[{"href":"https:\/\/www.kellomuseo.fi\/holvi\/wp-json\/wp\/v2\/types\/product"}],"replies":[{"embeddable":true,"href":"https:\/\/www.kellomuseo.fi\/holvi\/wp-json\/wp\/v2\/comments?post=4741"}],"wp:featuredmedia":[{"embeddable":true,"href":"https:\/\/www.kellomuseo.fi\/holvi\/wp-json\/wp\/v2\/media\/4743"}],"wp:attachment":[{"href":"https:\/\/www.kellomuseo.fi\/holvi\/wp-json\/wp\/v2\/media?parent=4741"}],"wp:term":[{"taxonomy":"product_cat","embeddable":true,"href":"https:\/\/www.kellomuseo.fi\/holvi\/wp-json\/wp\/v2\/product_cat?post=4741"},{"taxonomy":"product_tag","embeddable":true,"href":"https:\/\/www.kellomuseo.fi\/holvi\/wp-json\/wp\/v2\/product_tag?post=4741"}],"curies":[{"name":"wp","href":"https:\/\/api.w.org\/{rel}","templated":true}]}}