{"id":4584,"date":"2022-01-26T10:15:51","date_gmt":"2022-01-26T08:15:51","guid":{"rendered":"https:\/\/www.kellomuseo.fi\/holvi\/?post_type=product&#038;p=4584"},"modified":"2022-01-26T12:42:39","modified_gmt":"2022-01-26T10:42:39","slug":"korutaideyhdistys-ry","status":"publish","type":"product","link":"https:\/\/www.kellomuseo.fi\/holvi\/tuote\/korutaideyhdistys-ry\/","title":{"rendered":"Korutaideyhdistys ry"},"content":{"rendered":"<p>Korutaideyhdistys ry on perustettu Lappeenrannassa vuonna 2005. Yhdistyksen tarkoituksena on edista\u0308a\u0308 ja tehda\u0308 tunnetuksi nykykorua niin taiteena kuin muotoilunakin Suomessa seka\u0308 lisa\u0308ta\u0308 suomalaisen nykykorun tunnettuutta ulkomailla. Korutaideyhdistys ry toimii valtakunnallisesti ja sen j\u00e4seneksi voivat hakea kaikki alan toimijat sek\u00e4 alasta kiinnostuneet. T\u00e4ll\u00e4 hetkell\u00e4 j\u00e4seni\u00e4 on noin 120 eri puolilta Suomea. Tarkoituksensa toteuttamiseksi yhdistys ja\u0308rjesta\u0308a\u0308 resurssien puitteissa kokouksia, esitelma\u0308- ja keskustelutilaisuuksia, opintomatkoja seka\u0308 harjoittaa tiedotus-, koulutus-, kilpailu-, na\u0308yttely- ja julkaisutoimintaa. Yhdistys voi myo\u0308s myo\u0308nta\u0308a\u0308 stipendeja\u0308 ja palkintoja.<\/p>\n<p>Korutaideyhdistyksen yksi suurimmista projekteista on aloitettu vuonna 2015 ottamalla vetovastuu KORU-na\u0308yttelykonseptista. KORU-tapahtuma ka\u0308sitta\u0308a\u0308 perinteisesti kansainva\u0308lisen korutaiteen jurytetyn na\u0308yttelyn, tyo\u0308pajat seka\u0308 seminaarin. Triennaalina ja\u0308rjestetta\u0308va\u0308 tapahtuma oli vuonna 2021 ja\u0308rjestyksessa\u0308a\u0308n seitsem\u00e4s.<\/p>\n<p>Korutaideyhdistyksella\u0308 on galleriatila Taidekeskus Ita\u0308 Lappeenrannassa, jota Korutaideyhdistys ylla\u0308pita\u0308a\u0308 yhteistyo\u0308ssa\u0308 Etela\u0308-Karjalan taiteilijaseuran kanssa. Taidekeskuksen n\u00e4yttelyohjelmassa korutaiteella on erityinen sija. Korutaideyhdistys esittelee j\u00e4sentens\u00e4 teoksia my\u00f6s vuosittain myyntin\u00e4yttelyss\u00e4 Helsingin Kaapelitehtaalla samanaikaisesti Taidemaalariliiton ja Ornamon teosmyyntien kanssa. 10 p\u00e4iv\u00e4n tapahtuma tavoittaa suuren yleis\u00f6n ja t\u00e4st\u00e4 kev\u00e4isest\u00e4 tapahtumasta on tekeytynyt perinne.<\/p>\n<p>Korutaideyhdistys ry on ker\u00e4nnyt korutaiteen Kokoelmaa vuodesta 2008 l\u00e4htien. Kokoelman perusta on muodostunut j\u00e4senten lahjoituksista, mutta sit\u00e4 kartutetaan my\u00f6s teosostoin. Korutaiteeseen tutustumisen avuksi yhdistys on my\u00f6s julkaissut Korutaideoppaan. Suomen-, ruotsin-, ja englanninkielinen opas on kenen tahansa ka\u0308ytetta\u0308vissa\u0308, ja sen digitaalisen version voi ladata yhdistyksen nettisivuilta veloituksetta. Osoituksena tinkim\u00e4tt\u00f6m\u00e4st\u00e4 ty\u00f6st\u00e4 korutaiteen alan esiintuomisessa ja kansainv\u00e4listymisess\u00e4 Korutaideyhdistykselle my\u00f6nnettiin Muotoilun Valtionpalkinto vuonna 2019.<\/p>\n<p>Lisa\u0308tietoja:<\/p>\n<p>www.korutaideyhdistys.fi<\/p>\n<p>www.koru7.fi<\/p>\n<p>www.taidekeskus-ita.fi<\/p>\n<p>&nbsp;<\/p>\n<p>&nbsp;<\/p>\n","protected":false},"excerpt":{"rendered":"<p><strong>L\u00e4hde: <\/strong>Korutaideyhdistys<\/p>\n","protected":false},"featured_media":0,"comment_status":"closed","ping_status":"closed","template":"","meta":[],"product_cat":[182,20],"product_tag":[70,61,366,298],"_links":{"self":[{"href":"https:\/\/www.kellomuseo.fi\/holvi\/wp-json\/wp\/v2\/product\/4584"}],"collection":[{"href":"https:\/\/www.kellomuseo.fi\/holvi\/wp-json\/wp\/v2\/product"}],"about":[{"href":"https:\/\/www.kellomuseo.fi\/holvi\/wp-json\/wp\/v2\/types\/product"}],"replies":[{"embeddable":true,"href":"https:\/\/www.kellomuseo.fi\/holvi\/wp-json\/wp\/v2\/comments?post=4584"}],"wp:attachment":[{"href":"https:\/\/www.kellomuseo.fi\/holvi\/wp-json\/wp\/v2\/media?parent=4584"}],"wp:term":[{"taxonomy":"product_cat","embeddable":true,"href":"https:\/\/www.kellomuseo.fi\/holvi\/wp-json\/wp\/v2\/product_cat?post=4584"},{"taxonomy":"product_tag","embeddable":true,"href":"https:\/\/www.kellomuseo.fi\/holvi\/wp-json\/wp\/v2\/product_tag?post=4584"}],"curies":[{"name":"wp","href":"https:\/\/api.w.org\/{rel}","templated":true}]}}