{"id":3862,"date":"2022-01-24T11:22:53","date_gmt":"2022-01-24T09:22:53","guid":{"rendered":"https:\/\/www.kellomuseo.fi\/holvi\/?post_type=product&#038;p=3862"},"modified":"2022-02-15T11:00:30","modified_gmt":"2022-02-15T09:00:30","slug":"tiimalasit","status":"publish","type":"product","link":"https:\/\/www.kellomuseo.fi\/holvi\/tuote\/tiimalasit\/","title":{"rendered":"Tiimalasit"},"content":{"rendered":"<p>Tiimalasi keksittiin 1500-luvulla eKr. Egyptiss\u00e4 lasinvalmistustaidon my\u00f6t\u00e4. Lasin kalleuden vuoksi ne olivat pitk\u00e4\u00e4n arvokkaita ylellisyysesineit\u00e4. Tiimalasit yleistyiv\u00e4t Euroopassa vasta 1400-luvulla, ja laivoissa niit\u00e4 k\u00e4ytettiin vahtivuorojen mittaukseen 1800-luvun loppuun saakka.<\/p>\n<p>&nbsp;<\/p>\n<p><strong>L\u00e4hde:<\/strong> Suomen Kellomuseo<\/p>\n","protected":false},"excerpt":{"rendered":"<p><strong>L\u00e4hde:\u00a0<\/strong><\/p>\n","protected":false},"featured_media":502,"comment_status":"closed","ping_status":"closed","template":"","meta":[],"product_cat":[31,206],"product_tag":[30,302],"_links":{"self":[{"href":"https:\/\/www.kellomuseo.fi\/holvi\/wp-json\/wp\/v2\/product\/3862"}],"collection":[{"href":"https:\/\/www.kellomuseo.fi\/holvi\/wp-json\/wp\/v2\/product"}],"about":[{"href":"https:\/\/www.kellomuseo.fi\/holvi\/wp-json\/wp\/v2\/types\/product"}],"replies":[{"embeddable":true,"href":"https:\/\/www.kellomuseo.fi\/holvi\/wp-json\/wp\/v2\/comments?post=3862"}],"wp:featuredmedia":[{"embeddable":true,"href":"https:\/\/www.kellomuseo.fi\/holvi\/wp-json\/wp\/v2\/media\/502"}],"wp:attachment":[{"href":"https:\/\/www.kellomuseo.fi\/holvi\/wp-json\/wp\/v2\/media?parent=3862"}],"wp:term":[{"taxonomy":"product_cat","embeddable":true,"href":"https:\/\/www.kellomuseo.fi\/holvi\/wp-json\/wp\/v2\/product_cat?post=3862"},{"taxonomy":"product_tag","embeddable":true,"href":"https:\/\/www.kellomuseo.fi\/holvi\/wp-json\/wp\/v2\/product_tag?post=3862"}],"curies":[{"name":"wp","href":"https:\/\/api.w.org\/{rel}","templated":true}]}}