{"id":3815,"date":"2022-01-21T16:23:15","date_gmt":"2022-01-21T14:23:15","guid":{"rendered":"https:\/\/www.kellomuseo.fi\/holvi\/?post_type=product&#038;p=3815"},"modified":"2022-01-24T10:44:47","modified_gmt":"2022-01-24T08:44:47","slug":"kauniin-korurasian-aarteita","status":"publish","type":"product","link":"https:\/\/www.kellomuseo.fi\/holvi\/tuote\/kauniin-korurasian-aarteita\/","title":{"rendered":"Kauniin korurasian aarteita"},"content":{"rendered":"<p>&nbsp;<\/p>\n<p>Toimin lavastussuunnittelijana Yle:n TV-1:ll\u00e4. Elettiiin 1990-luvun alkupuolta. Yle:ll\u00e4 oli siihen aikaan k\u00e4yt\u00f6ss\u00e4\u00e4n ns Hallistudio T\u00e4htitorninkadulla &#8211; entinen tennishalli &#8211; nykyinen &#8221;\u00f6kyasuntojen&#8221; osakeyhti\u00f6.\u00a0Kotimatkalla poikkesin Ratakadulle Harri Syrj\u00e4sen myym\u00e4l\u00e4\u00e4n ja teet\u00e4tin kultasormuksen. Se on suhteellisen paksu, joten pidin sit\u00e4 oikean k\u00e4den pikkusormessa.\u00a0Ulkomitat tavallisella viivottimella mitattuna; ulkokeh\u00e4 17 mm, renkaan paksuus max 1,5 mm.\u00a0Sormuksen pinnalla on\u202f stanssattuna kirjaimet SORMU niin suurilla v\u00e4leill\u00e4, ett\u00e4 kirjainta S tarvitaan vain kerran. Keksin tuon silloin itse.<\/p>\n<p>&nbsp;<\/p>\n<p>Idean sormuksen teett\u00e4miseen sain siksi, ett\u00e4 t\u00e4ytt\u00e4ess\u00e4ni 10 vuotta elokuussa 1957, kummit\u00e4tini antoi minulle lahjaksi kuulemma ven\u00e4l\u00e4isen? mallin mukaan teetetyn kultaisen sormuksen, jossa oli punainen kivi; rubiini tms. H\u00e4n oli antanut samanlaiset sormukset tytt\u00e4rilleen. Valitettavasti sormus h\u00e4visi\u202f melko pian. Vaikka se oli liian suuri sormeeni, k\u00e4ytin sit\u00e4 joskus ja se varmasti putosi maahan k\u00e4sinett\u00e4 riisuessani. Osaan viel\u00e4kin piirt\u00e4\u00e4 siit\u00e4 kuvan, mutta minusta siin\u00e4 ei ollut erityist\u00e4.<\/p>\n<p>&nbsp;<\/p>\n<p>Rippilahjaksi 2.12 1962 kummit\u00e4ti antoi kultaisen riipuksen, pituus 25 mm, leveys 18 mm. Nimi Anja ja p\u00e4iv\u00e4m\u00e4\u00e4r\u00e4 on kaiverrettu taakse. Vaihdoin my\u00f6hemmin kovin hentoisen ketjun pidemp\u00e4\u00e4n ja paksumpaan. Sain my\u00f6s h\u00e4nelt\u00e4 kultaiset helmikorvakorut, jotka ripustettiin l\u00e4pi korvalehden, joten se poiki k\u00e4ynnin kultasep\u00e4n liikkkeeseen? jossa rei\u00e4t tehtiin. Ensin piti k\u00e4ytt\u00e4\u00e4 ohuita &#8221;harjoitusrenkaita&#8221;, joita liikuteltiin, etteiv\u00e4t ne tartu kiinni. Vasta kun korvanlehdet olivat parantuneet, voi ruveta k\u00e4ytt\u00e4m\u00e4\u00e4n muitakin koruja. Nyky\u00e4\u00e4n kai tuo homma tehd\u00e4\u00e4n jollakin laitteella? L\u00e4vistys tehtiin ennen kotioloissa parsinneulalla, joka oli kuumennettu tulitikun liekiss\u00e4-&#8221;desinfinioitu&#8221;. Korvalehden alle laitettiin joku korkki yms, mutta riippuen tekij\u00e4st\u00e4, toimenpide saattoi olla kivulias. T\u00e4st\u00e4 on varmasti monella omakohtaisia muistoja. &#8211; Annoin korvakorut joskus my\u00f6hemmin nuorimmalle sisarelleni.<\/p>\n<p>&nbsp;<\/p>\n<p>\u00c4itini antoi minulle rippilahjaksi my\u00f6s sormuksen. Siit\u00e4 ja h\u00e4nelt\u00e4 saamastani &#8221;Bismark&#8221;-rannekkeesta my\u00f6s kuva.<\/p>\n<p>&nbsp;<\/p>\n<p>T\u00e4tini j\u00e4\u00e4mist\u00f6st\u00e4 sain Boutte-nimisen kaulakellon, leveys n. 32 mm. Se on mekaaninen ja olen huollattanut sen my\u00f6hemmin kauppakeskus Sellossa sijaitsevassa liikkeess\u00e4.<\/p>\n<p>&nbsp;<\/p>\n<p>Olen saanut, ostanut ja myynyt useita koruja ns romukultana.<\/p>\n<p>Kirjastossani on pari kirjaa korukivist\u00e4kin, vaikka ne eiv\u00e4t ole harrastukseni.<\/p>\n<p>S\u00e4ilyt\u00e4n korujani rasiassa, jonka p\u00e4\u00e4ll\u00e4 kuvasin em kuvat.<\/p>\n<p>&nbsp;<\/p>\n<p>Anja Nilsson<\/p>\n<p>&nbsp;<\/p>\n<p>&nbsp;<\/p>\n<p>&nbsp;<\/p>\n","protected":false},"excerpt":{"rendered":"<p><strong>Kuva :<\/strong>\u00a0 Boutte-kaulakello, Anja Nilsson<\/p>\n<p>&nbsp;<\/p>\n","protected":false},"featured_media":3833,"comment_status":"closed","ping_status":"closed","template":"","meta":[],"product_cat":[38],"product_tag":[297],"_links":{"self":[{"href":"https:\/\/www.kellomuseo.fi\/holvi\/wp-json\/wp\/v2\/product\/3815"}],"collection":[{"href":"https:\/\/www.kellomuseo.fi\/holvi\/wp-json\/wp\/v2\/product"}],"about":[{"href":"https:\/\/www.kellomuseo.fi\/holvi\/wp-json\/wp\/v2\/types\/product"}],"replies":[{"embeddable":true,"href":"https:\/\/www.kellomuseo.fi\/holvi\/wp-json\/wp\/v2\/comments?post=3815"}],"wp:featuredmedia":[{"embeddable":true,"href":"https:\/\/www.kellomuseo.fi\/holvi\/wp-json\/wp\/v2\/media\/3833"}],"wp:attachment":[{"href":"https:\/\/www.kellomuseo.fi\/holvi\/wp-json\/wp\/v2\/media?parent=3815"}],"wp:term":[{"taxonomy":"product_cat","embeddable":true,"href":"https:\/\/www.kellomuseo.fi\/holvi\/wp-json\/wp\/v2\/product_cat?post=3815"},{"taxonomy":"product_tag","embeddable":true,"href":"https:\/\/www.kellomuseo.fi\/holvi\/wp-json\/wp\/v2\/product_tag?post=3815"}],"curies":[{"name":"wp","href":"https:\/\/api.w.org\/{rel}","templated":true}]}}