{"id":3799,"date":"2022-01-21T12:22:10","date_gmt":"2022-01-21T10:22:10","guid":{"rendered":"https:\/\/www.kellomuseo.fi\/holvi\/?post_type=product&#038;p=3799"},"modified":"2022-03-09T09:25:07","modified_gmt":"2022-03-09T07:25:07","slug":"saara-oksanen","status":"publish","type":"product","link":"https:\/\/www.kellomuseo.fi\/holvi\/tuote\/saara-oksanen\/","title":{"rendered":"Saara Oksanen"},"content":{"rendered":"<p>Saara Oksanen (1911 &#8211; 1994) sai ensioppinsa kellosep\u00e4n ammattiin is\u00e4lt\u00e4\u00e4n Johan Arvid Oksaselta (1885-1942) perheen omistamassa kello- ja urheiluliikkeess\u00e4 Sipoon Nikkil\u00e4ss\u00e4. H\u00e4n valmistui kellosep\u00e4n kis\u00e4lliksi Leonard N. Tuomen kellosepp\u00e4kurssilta vuonna 1938. L\u00e4p\u00e4isty\u00e4\u00e4n kis\u00e4llintutkintoon johtavan kurssin ensimm\u00e4isen\u00e4 naispuolisena tuli Saara Oksasesta Suomen Kellosepp\u00e4liiton ensimm\u00e4inen naisj\u00e4sen. Kis\u00e4llinty\u00f6n\u00e4 h\u00e4n valmisti k\u00e4yntimallin. Helsingin K\u00e4sity\u00f6- ja Tehdasyhdistys my\u00f6nsi h\u00e4nelle samana vuonna kellosep\u00e4n kis\u00e4llin arvonimen.<\/p>\n<p>Ammatinvalinnastaan Saara Oksanen kertoi Eeva \u2013lehdess\u00e4 vuodelta 1938:<br \/>\n\u201dOikeastaan en min\u00e4 sit\u00e4 lainkaan valinnut, vaan is\u00e4 teki sen puolestani. H\u00e4nell\u00e4 on n\u00e4et kellosep\u00e4nliike Nikkil\u00e4ss\u00e4, ja kun h\u00e4nell\u00e4 kolmen pojan sijasta sattuu olemaan vain kolme tyt\u00e4rt\u00e4, t\u00e4ytyy toki jonkun heist\u00e4 ryhty\u00e4 jatkamaan is\u00e4n ammattia. Ja kun is\u00e4 kerran asian p\u00e4\u00e4tti, en min\u00e4 yritt\u00e4nytk\u00e4\u00e4n panna vastaan, sill\u00e4 minulla on topeva pappa, jonka kanssa on turha vikuroida. Mutta vaikka is\u00e4 t\u00e4m\u00e4n ammatin puolestani valitsi, olen itse siihen niin innostunut, etten toki tahtoisi vaihtaa sit\u00e4 mihink\u00e4\u00e4n toiseen.\u201d<\/p>\n<p>Kun haastattelija viel\u00e4 kysyy mahtaisiko Saara Oksasesta alkaa oikea naiskelloseppien suku, ett\u00e4 h\u00e4n opettaisi tytt\u00e4rilleenkin t\u00e4m\u00e4n ammatin, vastaa Oksanen: \u201dMin\u00e4 en koskaan mene naimisiin. Siihen ei j\u00e4\u00e4 aikaa. Kaiken viev\u00e4t n\u00e4m\u00e4 kellot.\u201d<\/p>\n<p>J.A. Oksasen kuoltua vuonna 1942 Saara Oksanen jatkoi liikett\u00e4 sisarensa Maija-Liisan kanssa, joka oli opiskellut Ateneumissa kaivertajaksi ja valmistui vuonna viel\u00e4 1958 optikoksi. Sisarusten hoidossa liike keskittyi kellojen, kulta- ja hopeatuotteiden sek\u00e4 silm\u00e4lasien myyntiin ja kellojen korjaukseen.<\/p>\n<p>Koska kaikki Oksasen sisarukset j\u00e4iv\u00e4t naimattomiksi, liikkeelle ei j\u00e4\u00e4nyt jatkajaa sisarusten vanhetessa. Liiketoiminta v\u00e4hitellen hiipuikin Maija-Liisa ja Saara Oksasen saavuttaessa el\u00e4kei\u00e4n, vaikka he virkein\u00e4 el\u00e4kel\u00e4isin\u00e4kin pitiv\u00e4t liikett\u00e4 toiminnassa.<\/p>\n<p><strong>L\u00e4hde<\/strong>: Suomen Kellomuseo<\/p>\n<p>&nbsp;<\/p>\n","protected":false},"excerpt":{"rendered":"<p><strong>Kuva:\u00a0<\/strong>Suomen kello- ja korumuseo Kruunu<\/p>\n<p><strong>\u00a0<\/strong><\/p>\n<p>&nbsp;<\/p>\n","protected":false},"featured_media":3800,"comment_status":"closed","ping_status":"closed","template":"","meta":[],"product_cat":[173,20],"product_tag":[422,68,298],"_links":{"self":[{"href":"https:\/\/www.kellomuseo.fi\/holvi\/wp-json\/wp\/v2\/product\/3799"}],"collection":[{"href":"https:\/\/www.kellomuseo.fi\/holvi\/wp-json\/wp\/v2\/product"}],"about":[{"href":"https:\/\/www.kellomuseo.fi\/holvi\/wp-json\/wp\/v2\/types\/product"}],"replies":[{"embeddable":true,"href":"https:\/\/www.kellomuseo.fi\/holvi\/wp-json\/wp\/v2\/comments?post=3799"}],"wp:featuredmedia":[{"embeddable":true,"href":"https:\/\/www.kellomuseo.fi\/holvi\/wp-json\/wp\/v2\/media\/3800"}],"wp:attachment":[{"href":"https:\/\/www.kellomuseo.fi\/holvi\/wp-json\/wp\/v2\/media?parent=3799"}],"wp:term":[{"taxonomy":"product_cat","embeddable":true,"href":"https:\/\/www.kellomuseo.fi\/holvi\/wp-json\/wp\/v2\/product_cat?post=3799"},{"taxonomy":"product_tag","embeddable":true,"href":"https:\/\/www.kellomuseo.fi\/holvi\/wp-json\/wp\/v2\/product_tag?post=3799"}],"curies":[{"name":"wp","href":"https:\/\/api.w.org\/{rel}","templated":true}]}}