{"id":3787,"date":"2022-01-21T11:12:58","date_gmt":"2022-01-21T09:12:58","guid":{"rendered":"https:\/\/www.kellomuseo.fi\/holvi\/?post_type=product&#038;p=3787"},"modified":"2022-03-09T09:29:53","modified_gmt":"2022-03-09T07:29:53","slug":"terhi-tolvanen","status":"publish","type":"product","link":"https:\/\/www.kellomuseo.fi\/holvi\/tuote\/terhi-tolvanen\/","title":{"rendered":"Terhi Tolvanen"},"content":{"rendered":"<p><strong>Pohjakoulutukseni ja ty\u00f6kokemukseni:<\/strong><\/p>\n<p>Sandberg Institute, Amsterdam, Hollanti &#8211; MA applied arts, 1999<\/p>\n<p>Gerrit Rietveld Academy, Amsterdam, Hollanti &#8211; korutaide \u2013osasto, 1997<\/p>\n<p>Lahden Muotoiluinstituutti &#8211; Hopeasepp\u00e4, 1993<\/p>\n<p>&nbsp;<\/p>\n<p><strong>Mist\u00e4 saat inspiraatiota?<\/strong><\/p>\n<p>Luontokokemuksista kaupungissa ja maalla, vaikuttavasta maisemasta pieneen yksityiskohtaan\u00a0 esim. villikirsikan kukkanupputerttu miss\u00e4 nuput eri kasvun vaiheessa pienest\u00e4, tiukasta nupusta aukinaiseen kukkaan.<\/p>\n<p>&nbsp;<\/p>\n<p><strong>Mitk\u00e4 ovat t\u00e4rkeimpi\u00e4 teemoja t\u00f6iss\u00e4si?<\/strong><\/p>\n<p>Luonnon ja ihmisen v\u00e4linen dialogi. Ihmisen tarve kontrolloida ja muotoilla luontoa. Luonnon kasvuvoima.<\/p>\n<p>&nbsp;<\/p>\n<p><strong>Kaipaatko rauhaa vai vilin\u00e4\u00e4, miten se n\u00e4kyy arjessasi?<\/strong><\/p>\n<p>Molempia. Kaipaan ty\u00f6rauhaa, kun on menossa teosten valmistus\/teko -vaihe ja vilin\u00e4\u00e4 kun tarvitsen virikkeit\u00e4 uusien teemojen ja materiaalien l\u00f6yt\u00e4miseen. Arki rytmittyy n\u00e4yttelyprojektien mukaan.<\/p>\n<p>&nbsp;<\/p>\n<p><strong>T\u00e4llainen on ty\u00f6matkani:<\/strong><\/p>\n<p>Ensin ajan Journet\u2019n kyl\u00e4lle pient\u00e4 mutkikasta tiet\u00e4. Sitten kaksi suoraa ja saavun Montmorilloniin. Kaupunki ei ole kovin suuri, joten parissa minuutissa olen jo sen toisella puolella. Parkkipaikalla on aina tilaa. Astun sis\u00e4\u00e4n s\u00e4hk\u00f6- ja putkity\u00f6firman ovesta, sanon p\u00e4iv\u00e4\u00e4 alakerran toimiston naisille ja nousen portaita ensimm\u00e4iseen kerrokseen josta vuokraan ty\u00f6tilaani.<\/p>\n<p>&nbsp;<\/p>\n<p><strong>Mik\u00e4 on sinulle paras aika ty\u00f6skennell\u00e4?<\/strong><\/p>\n<p>Aamu ennen lounastaukoa! Hyv\u00e4 energia!<\/p>\n<p>&nbsp;<\/p>\n<p><strong>Milloin nautit ty\u00f6st\u00e4si?<\/strong><\/p>\n<p>Kun on fiilis, ett\u00e4 saa aikaiseksi sen mit\u00e4 halusi. Flow on tietysti hienoa aikaa, ajatus on niin kirkas ja nopea ett\u00e4 se on huumaavaa. Menee tosin monta viikkoa valmistellessa ett\u00e4 p\u00e4\u00e4see kunnon flow\u2019hon.<\/p>\n<p>&nbsp;<\/p>\n<p><strong>Milloin et nauti ty\u00f6st\u00e4si?<\/strong><\/p>\n<p>Kun on p\u00e4\u00e4 t\u00e4ynn\u00e4 uusia ideoita ja on liikaa paperit\u00f6it\u00e4 teht\u00e4v\u00e4n\u00e4 tai muita asioita hoidettavana niin, ettei aikaa tahdo liiet\u00e4 tarpeeksi olla ty\u00f6huoneella, esim. veroilmoituksen aikoihin. Silloin toivon aina, ett\u00e4 olisipa joku k\u00e4tev\u00e4 oma sihteeri joka hoitaisi kaikki toimistoty\u00f6t!<\/p>\n<p>&nbsp;<\/p>\n<p><strong>Ty\u00f6huoneeni kolme t\u00e4rkeint\u00e4 esinett\u00e4 + perustelut:<\/strong><\/p>\n<p>Radio ja cd-soitin, vaikea tehd\u00e4 t\u00f6it\u00e4 ilman musiikkia. Musiikki on niin hyv\u00e4 keskittymisv\u00e4line.<\/p>\n<p>Ikkuna. Valo ja ilma.<\/p>\n<p>Letkupora, monet teht\u00e4v\u00e4t asiat olisivat niin paljon hitaampia ilman. Tykk\u00e4\u00e4n siit\u00e4, kun letkuporani laulaa.<\/p>\n<p>&nbsp;<\/p>\n","protected":false},"excerpt":{"rendered":"<p><strong>Kuva:\u00a0<\/strong>Terhi Tolvanen, Terhi Tolvasen kotialbumi 2017<\/p>\n<p>&nbsp;<\/p>\n<p>&nbsp;<\/p>\n","protected":false},"featured_media":3789,"comment_status":"closed","ping_status":"closed","template":"","meta":[],"product_cat":[173,20],"product_tag":[293,266,298],"_links":{"self":[{"href":"https:\/\/www.kellomuseo.fi\/holvi\/wp-json\/wp\/v2\/product\/3787"}],"collection":[{"href":"https:\/\/www.kellomuseo.fi\/holvi\/wp-json\/wp\/v2\/product"}],"about":[{"href":"https:\/\/www.kellomuseo.fi\/holvi\/wp-json\/wp\/v2\/types\/product"}],"replies":[{"embeddable":true,"href":"https:\/\/www.kellomuseo.fi\/holvi\/wp-json\/wp\/v2\/comments?post=3787"}],"wp:featuredmedia":[{"embeddable":true,"href":"https:\/\/www.kellomuseo.fi\/holvi\/wp-json\/wp\/v2\/media\/3789"}],"wp:attachment":[{"href":"https:\/\/www.kellomuseo.fi\/holvi\/wp-json\/wp\/v2\/media?parent=3787"}],"wp:term":[{"taxonomy":"product_cat","embeddable":true,"href":"https:\/\/www.kellomuseo.fi\/holvi\/wp-json\/wp\/v2\/product_cat?post=3787"},{"taxonomy":"product_tag","embeddable":true,"href":"https:\/\/www.kellomuseo.fi\/holvi\/wp-json\/wp\/v2\/product_tag?post=3787"}],"curies":[{"name":"wp","href":"https:\/\/api.w.org\/{rel}","templated":true}]}}