{"id":3778,"date":"2022-01-20T14:51:55","date_gmt":"2022-01-20T12:51:55","guid":{"rendered":"https:\/\/www.kellomuseo.fi\/holvi\/?post_type=product&#038;p=3778"},"modified":"2022-01-28T10:49:39","modified_gmt":"2022-01-28T08:49:39","slug":"tarja-tuupanen","status":"publish","type":"product","link":"https:\/\/www.kellomuseo.fi\/holvi\/tuote\/tarja-tuupanen\/","title":{"rendered":"Tarja Tuupanen"},"content":{"rendered":"<p>&nbsp;<\/p>\n<p><span data-contrast=\"auto\"><strong>Pohjakoulutukseni ja ty\u00f6kokemukseni:<\/strong><\/span><span data-ccp-props=\"{&quot;201341983&quot;:0,&quot;335559739&quot;:160,&quot;335559740&quot;:240}\">\u00a0<\/span><\/p>\n<p><span data-contrast=\"auto\">\u00a0<\/span><\/p>\n<p><span data-contrast=\"auto\">MFA Konstfack University College of Arts, Craft and Design, Tukholma, 2013<\/span><span data-ccp-props=\"{&quot;201341983&quot;:2,&quot;335559739&quot;:160,&quot;335559740&quot;:100}\">\u00a0<\/span><\/p>\n<p><span data-contrast=\"auto\">Ammatillisen opettajan pedagogiset opinnot, HAMK, Ammatillinen opettajakorkeakoulu, H\u00e4meenlinna, 2006<\/span><span data-ccp-props=\"{&quot;201341983&quot;:2,&quot;335559739&quot;:160,&quot;335559740&quot;:100}\">\u00a0<\/span><\/p>\n<p><span data-contrast=\"auto\">Artenomi, koru- ja kiviala, Etel\u00e4-Karjalan Ammattiopisto, Taideteollisuuden yksikk\u00f6, Lappeenranta, 1999<\/span><span data-ccp-props=\"{&quot;201341983&quot;:2,&quot;335559739&quot;:160,&quot;335559740&quot;:100}\">\u00a0<\/span><\/p>\n<p><span data-contrast=\"auto\">Artesaani, kivisepp\u00e4, Lappeenrannan k\u00e4si- ja taideteollisuusoppilaitos, 1995<\/span><span data-ccp-props=\"{&quot;201341983&quot;:2,&quot;335559739&quot;:160,&quot;335559740&quot;:100}\">\u00a0<\/span><\/p>\n<p><span data-contrast=\"auto\">\u00a0<\/span><\/p>\n<p><span data-contrast=\"auto\"><strong>Mist\u00e4 saat inspiraatiota?\u00a0<\/strong><\/span><span data-ccp-props=\"{&quot;201341983&quot;:0,&quot;335559739&quot;:160,&quot;335559740&quot;:240}\">\u00a0<\/span><\/p>\n<p><span data-contrast=\"none\">\u00a0<\/span><span data-contrast=\"none\">Kulttuurin kuluttamisesta, arjesta, ymp\u00e4r\u00f6iv\u00e4st\u00e4 maailmasta.<\/span><span data-ccp-props=\"{&quot;201341983&quot;:2,&quot;335559739&quot;:160,&quot;335559740&quot;:100}\">\u00a0<\/span><\/p>\n<p><span data-contrast=\"none\">\u00a0<\/span><\/p>\n<p><span data-contrast=\"none\"><strong>Mitk\u00e4 ovat t\u00e4rkeimpi\u00e4 teemoja t\u00f6iss\u00e4si?<\/strong><\/span><span data-ccp-props=\"{&quot;201341983&quot;:0,&quot;335559739&quot;:160,&quot;335559740&quot;:240}\">\u00a0<\/span><\/p>\n<p><span data-contrast=\"auto\">Kivi on dominoinut ty\u00f6skentely\u00e4ni koko urani ajan vuodesta 1999. Ty\u00f6skentelyni on selke\u00e4sti materiaalil\u00e4ht\u00f6ist\u00e4 mutta suhde kiveen on niin perinpohjainen, ett\u00e4 se muodostuu olennaiseksi osaksi itse aihetta ja vaikuttaa suuresti ty\u00f6prosessin kulkuun muutenkin kuin fyysisten ominaisuuksiensa puolesta. Kiventy\u00f6st\u00f6taito on l\u00e4hes fetissi, t\u00e4rkein ty\u00f6kalu, jota on kuitenkin ollut viime vuosina tarve tarkastella my\u00f6s kriittisesti.\u00a0 N\u00e4in ollen kulloistakin materiaalia (esim. valkoinen kvartsi tai readymade marmoriesineet) ja siihen liittyvi\u00e4 ilmi\u00f6it\u00e4 tutkimalla l\u00f6ytyy teema joka taas vaikuttaa materiaalin ty\u00f6st\u00e4miseen.<\/span><span data-ccp-props=\"{&quot;201341983&quot;:0,&quot;335551550&quot;:6,&quot;335551620&quot;:6,&quot;335559738&quot;:280,&quot;335559739&quot;:280,&quot;335559740&quot;:259}\">\u00a0<\/span><\/p>\n<p>&nbsp;<\/p>\n<p><span data-contrast=\"auto\"><strong>Mik\u00e4 on sinulle paras aika ty\u00f6skennell\u00e4?<\/strong><\/span><span data-ccp-props=\"{&quot;201341983&quot;:0,&quot;335559739&quot;:160,&quot;335559740&quot;:240}\">\u00a0<\/span><\/p>\n<p><span data-contrast=\"auto\">Pyrin jatkuvasti virka-aikoihin mutta tehokkainta ty\u00f6skentely on iltap\u00e4iv\u00e4ll\u00e4 ja illalla.<\/span><span data-ccp-props=\"{&quot;201341983&quot;:2,&quot;335559739&quot;:160,&quot;335559740&quot;:100}\">\u00a0<\/span><\/p>\n<p><span data-contrast=\"auto\">\u00a0<\/span><\/p>\n<p><span data-contrast=\"auto\"><strong>Milloin nautit ty\u00f6st\u00e4si?<\/strong><\/span><span data-ccp-props=\"{&quot;201341983&quot;:0,&quot;335559739&quot;:160,&quot;335559740&quot;:240}\">\u00a0<\/span><\/p>\n<p><span data-contrast=\"auto\">Taiteilijuus ja tekeminen on niin olennainen osa olemista, etten osaa kategorisoida milloin siit\u00e4 nauttii ja milloin ei. Ty\u00f6 on aina, sit\u00e4 tehd\u00e4\u00e4n, p\u00e4\u00e4s\u00e4\u00e4nt\u00f6isesti se on parasta, ongelmat ovat olennainen osa prosesseja. Ty\u00f6 ei j\u00e4\u00e4 ty\u00f6huoneelle, se kulkee mukana ja on l\u00e4sn\u00e4 kaikkialla arjessa.<\/span><span data-ccp-props=\"{&quot;201341983&quot;:2,&quot;335551550&quot;:6,&quot;335551620&quot;:6,&quot;335559739&quot;:160,&quot;335559740&quot;:100}\">\u00a0<\/span><\/p>\n<p><span data-contrast=\"auto\">\u00a0<\/span><\/p>\n<p><span data-contrast=\"auto\"><strong>Ty\u00f6huoneeni kolme t\u00e4rkeint\u00e4 esinett\u00e4 + perustelut:<\/strong><\/span><span data-ccp-props=\"{&quot;201341983&quot;:0,&quot;335559739&quot;:160,&quot;335559740&quot;:240}\">\u00a0<\/span><span data-contrast=\"auto\">\u00a0<\/span><\/p>\n<p><span data-contrast=\"auto\">Kaikki kiventy\u00f6st\u00f6koneet, ilman niit\u00e4 en tekisi mit\u00e4\u00e4n.<\/span><span data-ccp-props=\"{&quot;201341983&quot;:2,&quot;335559739&quot;:160,&quot;335559740&quot;:100}\">\u00a0<\/span><span data-contrast=\"auto\">\u00a0<\/span><\/p>\n<p><span data-contrast=\"auto\">Koko kivivarasto, ilman niit\u00e4 en tekisi mit\u00e4\u00e4n.<\/span><span data-ccp-props=\"{&quot;201341983&quot;:2,&quot;335559739&quot;:160,&quot;335559740&quot;:100}\">\u00a0<\/span><\/p>\n<p><span data-contrast=\"auto\">Tietokone, v\u00e4ltt\u00e4m\u00e4t\u00f6n ammatissa toimimisessa.<\/span><span data-ccp-props=\"{&quot;201341983&quot;:2,&quot;335559739&quot;:160,&quot;335559740&quot;:100}\">\u00a0<\/span><\/p>\n","protected":false},"excerpt":{"rendered":"<p><strong>Kuva:\u00a0<\/strong>Tarja Tuupanen, Tarja Tuupasen kotialbumi 2017<\/p>\n<p>&nbsp;<\/p>\n","protected":false},"featured_media":0,"comment_status":"closed","ping_status":"closed","template":"","meta":[],"product_cat":[173,20],"product_tag":[272,86,289,266],"_links":{"self":[{"href":"https:\/\/www.kellomuseo.fi\/holvi\/wp-json\/wp\/v2\/product\/3778"}],"collection":[{"href":"https:\/\/www.kellomuseo.fi\/holvi\/wp-json\/wp\/v2\/product"}],"about":[{"href":"https:\/\/www.kellomuseo.fi\/holvi\/wp-json\/wp\/v2\/types\/product"}],"replies":[{"embeddable":true,"href":"https:\/\/www.kellomuseo.fi\/holvi\/wp-json\/wp\/v2\/comments?post=3778"}],"wp:attachment":[{"href":"https:\/\/www.kellomuseo.fi\/holvi\/wp-json\/wp\/v2\/media?parent=3778"}],"wp:term":[{"taxonomy":"product_cat","embeddable":true,"href":"https:\/\/www.kellomuseo.fi\/holvi\/wp-json\/wp\/v2\/product_cat?post=3778"},{"taxonomy":"product_tag","embeddable":true,"href":"https:\/\/www.kellomuseo.fi\/holvi\/wp-json\/wp\/v2\/product_tag?post=3778"}],"curies":[{"name":"wp","href":"https:\/\/api.w.org\/{rel}","templated":true}]}}