{"id":3769,"date":"2022-01-20T14:15:46","date_gmt":"2022-01-20T12:15:46","guid":{"rendered":"https:\/\/www.kellomuseo.fi\/holvi\/?post_type=product&#038;p=3769"},"modified":"2022-01-28T10:57:48","modified_gmt":"2022-01-28T08:57:48","slug":"aki-suutari","status":"publish","type":"product","link":"https:\/\/www.kellomuseo.fi\/holvi\/tuote\/aki-suutari\/","title":{"rendered":"Aki Suutari"},"content":{"rendered":"<p>&nbsp;<\/p>\n<p><span data-contrast=\"auto\"><strong>Pohjakoulutukseni ja\u00a0<\/strong><\/span><span data-ccp-props=\"{&quot;201341983&quot;:0,&quot;335559739&quot;:160,&quot;335559740&quot;:240}\">\u00a0<\/span><span data-contrast=\"auto\"><strong>ty\u00f6kokemukseni:<\/strong><\/span><span data-ccp-props=\"{&quot;201341983&quot;:0,&quot;335559739&quot;:160,&quot;335559740&quot;:240}\">\u00a0<\/span><\/p>\n<p><span data-contrast=\"auto\">Opettajan opinnot Jyv\u00e4skyl\u00e4n ammatillinen opettajakorkeakoulu, 2012<\/span><span data-ccp-props=\"{&quot;201341983&quot;:0,&quot;335559739&quot;:160,&quot;335559740&quot;:240}\">\u00a0<\/span><\/p>\n<p><span data-contrast=\"auto\">Korumuotoilija, Kuopion Muotoiluakatemia, 2005\u00a0<\/span><span data-ccp-props=\"{&quot;201341983&quot;:0,&quot;335559739&quot;:160,&quot;335559740&quot;:240}\">\u00a0<\/span><span data-contrast=\"auto\">\u00a0<\/span><\/p>\n<p><span data-contrast=\"auto\">Metalliartesaani, Savonlinnan ammatti- ja aikuisopisto, 2005<\/span><span data-ccp-props=\"{&quot;201341983&quot;:0,&quot;335559739&quot;:160,&quot;335559740&quot;:240}\">\u00a0<\/span><\/p>\n<p><span data-contrast=\"auto\">\u00a0<\/span><\/p>\n<p><span data-contrast=\"auto\"><strong>Mist\u00e4 saat inspiraatiota?\u00a0<\/strong><\/span><span data-ccp-props=\"{&quot;201341983&quot;:0,&quot;335559739&quot;:160,&quot;335559740&quot;:240}\">\u00a0<\/span><\/p>\n<p><span data-contrast=\"none\">Ei ole yht\u00e4 selv\u00e4\u00e4 inspiraation l\u00e4hdett\u00e4, milloin mist\u00e4kin. Kun k\u00e4yn taidemuseoissa ja n\u00e4yttelyiss\u00e4, elokuvista ja musiikista. Treenaaminen on minulle \u201domaa aikaa\u201d ja usein hyv\u00e4t ideat syntyv\u00e4t kuntosalilla treenin ohessa.<\/span><span data-ccp-props=\"{&quot;201341983&quot;:0,&quot;335559739&quot;:160,&quot;335559740&quot;:240}\">\u00a0<\/span><\/p>\n<p><span data-contrast=\"none\">\u00a0<\/span><\/p>\n<p><span data-contrast=\"none\"><strong>Mitk\u00e4 ovat t\u00e4rkeimpi\u00e4 teemoja t\u00f6iss\u00e4si?<\/strong><\/span><span data-ccp-props=\"{&quot;201341983&quot;:0,&quot;335559739&quot;:160,&quot;335559740&quot;:240}\">\u00a0<\/span><\/p>\n<p><span data-contrast=\"none\">Ihmiset ja ihmisten v\u00e4liset suhteet, el\u00e4m\u00e4n muutokset. Usein omissa vapaissa t\u00f6iss\u00e4ni puran itse\u00e4ni askarruttavia ja mielen p\u00e4\u00e4ll\u00e4 olevia ajatuksia. Usein my\u00f6s ihmisen suhde luontoon on yksi teema.<\/span><span data-ccp-props=\"{&quot;201341983&quot;:0,&quot;335551550&quot;:6,&quot;335551620&quot;:6,&quot;335559739&quot;:160,&quot;335559740&quot;:240}\">\u00a0<\/span><\/p>\n<p><span data-contrast=\"none\">\u00a0<\/span><\/p>\n<p><span data-contrast=\"auto\"><strong>Kaipaatko rauhaa vai vilin\u00e4\u00e4, miten se n\u00e4kyy arjessasi?<\/strong><\/span><span data-ccp-props=\"{&quot;201341983&quot;:0,&quot;335559739&quot;:160,&quot;335559740&quot;:240}\">\u00a0<\/span><span data-contrast=\"auto\">\u00a0<\/span><\/p>\n<p><span data-contrast=\"auto\">Kaipaan rauhaa, asun pieness\u00e4 kyl\u00e4ss\u00e4 mets\u00e4n keskell\u00e4 ja vapaa-aikani viet\u00e4n usein m\u00f6kill\u00e4 veden \u00e4\u00e4rell\u00e4. Ty\u00f6ni koostuu useista eri ty\u00f6paikoista ja yksi on opettajan ty\u00f6, jossa sosiaalinen puoli tulee hoidettua tehokkaasti, sosiaalisuuden vastapainoksi pid\u00e4n yksin olemisesta, tai muutamien l\u00e4heisten ihmisten seurasta. Oman taiteellisen ty\u00f6n, varsinkin veist\u00e4misvaiheen tykk\u00e4\u00e4n tehd\u00e4 itse omissa oloissani. Toki mets\u00e4n keskelt\u00e4 on v\u00e4lill\u00e4 hyv\u00e4 tehd\u00e4 hy\u00f6kk\u00e4yksi\u00e4 juhliin ja kaupunkiin sopivin v\u00e4liajoin.<\/span><span data-ccp-props=\"{&quot;201341983&quot;:0,&quot;335551550&quot;:6,&quot;335551620&quot;:6,&quot;335559739&quot;:160,&quot;335559740&quot;:240}\">\u00a0<\/span><\/p>\n<p><span data-contrast=\"none\">\u00a0<\/span><\/p>\n<p><span data-contrast=\"auto\"><strong>T\u00e4llainen on ty\u00f6matkani:<\/strong><\/span><span data-ccp-props=\"{&quot;201341983&quot;:0,&quot;335559739&quot;:160,&quot;335559740&quot;:240}\">\u00a0<\/span><\/p>\n<p><span data-contrast=\"auto\">Mets\u00e4n l\u00e4pi hiekkatiet\u00e4 kyl\u00e4n raitille, jossa matkalla muutama talo ja lato. Silloin kun teen omia t\u00f6it\u00e4, niin yl\u00e4kerrasta portaita pitkin keitti\u00f6n p\u00f6yd\u00e4n \u00e4\u00e4reen. Varsinaista ty\u00f6huonetta minulla ei t\u00e4ll\u00e4 hetkell\u00e4 ole, vaan juotokset, valut, tms. vaikeammat hommat teen ty\u00f6paikalla, johon on rakennuksen alla kunnollinen ty\u00f6tila. Vahaan veistelyt teen milloin miss\u00e4kin, usein keitti\u00f6n p\u00f6yd\u00e4ll\u00e4.<\/span><span data-ccp-props=\"{&quot;201341983&quot;:0,&quot;335551550&quot;:6,&quot;335551620&quot;:6,&quot;335559739&quot;:160,&quot;335559740&quot;:240}\">\u00a0<\/span><\/p>\n<p><span data-contrast=\"auto\">\u00a0<\/span><\/p>\n<p><span data-contrast=\"auto\"><strong>Mik\u00e4 on sinulle paras aika ty\u00f6skennell\u00e4?<\/strong><\/span><span data-ccp-props=\"{&quot;201341983&quot;:0,&quot;335559739&quot;:160,&quot;335559740&quot;:240}\">\u00a0<\/span><\/p>\n<p><span data-contrast=\"auto\">\u00a0<\/span><\/p>\n<p><span data-contrast=\"auto\">Milloin vain, yleens\u00e4 aloitan aamusta ty\u00f6skentelem\u00e4\u00e4n kahdeksan maissa ja lopettelen iltap\u00e4iv\u00e4st\u00e4, v\u00e4lill\u00e4 teen iltaisinkin hommia. Veistely\u00e4 ja omaa ty\u00f6t\u00e4 teen milloin miss\u00e4kin sopivassa raossa. Ei ole varsinaista suosikkiaikaa ty\u00f6lle.<\/span><span data-ccp-props=\"{&quot;201341983&quot;:0,&quot;335551550&quot;:6,&quot;335551620&quot;:6,&quot;335559739&quot;:160,&quot;335559740&quot;:240}\">\u00a0<\/span><\/p>\n<p><span data-contrast=\"auto\">\u00a0<\/span><\/p>\n<p><span data-contrast=\"auto\"><strong>Milloin nautit ty\u00f6st\u00e4si?<\/strong><\/span><span data-ccp-props=\"{&quot;201341983&quot;:0,&quot;335559739&quot;:160,&quot;335559740&quot;:240}\">\u00a0<\/span><\/p>\n<p><span data-contrast=\"auto\">Silloin kun kaikki sujuu ja etenee. Pid\u00e4n my\u00f6s siit\u00e4, kun saan ratkaistua jonkun vaikean kohdan\/ongelman.<\/span><span data-ccp-props=\"{&quot;201341983&quot;:0,&quot;335551550&quot;:6,&quot;335551620&quot;:6,&quot;335559739&quot;:160,&quot;335559740&quot;:240}\">\u00a0<\/span><\/p>\n<p><span data-contrast=\"auto\">\u00a0ija, metalli<\/span><\/p>\n<p><span data-contrast=\"auto\"><strong>Milloin et nauti ty\u00f6st\u00e4si?<\/strong><\/span><span data-ccp-props=\"{&quot;201341983&quot;:0,&quot;335559739&quot;:160,&quot;335559740&quot;:240}\">\u00a0<\/span><\/p>\n<p><span data-contrast=\"auto\">Rahaan liittyv\u00e4t vaiheet ja paperity\u00f6t. En ole koskaan nauttinut niist\u00e4, olen enemm\u00e4n suorittavan ja luovan ty\u00f6n tekij\u00e4.<\/span><span data-ccp-props=\"{&quot;201341983&quot;:0,&quot;335551550&quot;:6,&quot;335551620&quot;:6,&quot;335559739&quot;:160,&quot;335559740&quot;:240}\">\u00a0<\/span><\/p>\n<p><span data-contrast=\"auto\">\u00a0<\/span><\/p>\n<p><span data-contrast=\"auto\"><strong>Ty\u00f6huoneeni kolme t\u00e4rkeint\u00e4 esinett\u00e4 + perustelut:<\/strong><\/span><span data-ccp-props=\"{&quot;201341983&quot;:0,&quot;335559739&quot;:160,&quot;335559740&quot;:240}\">\u00a0<\/span><\/p>\n<p>&nbsp;<\/p>\n<p><span data-contrast=\"auto\">Koska t\u00e4ll\u00e4 hetkell\u00e4 teen omissa vapaissa t\u00f6iss\u00e4ni usein pieni\u00e4 veistoksia, niin puukko, jolla on hyv\u00e4 leikata ja tehd\u00e4 karkeaa muotoilua vahaan.<\/span><span data-ccp-props=\"{&quot;201341983&quot;:0,&quot;335551550&quot;:6,&quot;335551620&quot;:6,&quot;335559739&quot;:160,&quot;335559740&quot;:240}\">\u00a0<\/span><\/p>\n<p><span data-contrast=\"auto\">Katkoter\u00e4veitsi, sill\u00e4 taas teen pienemm\u00e4t ja tarkemmat kohdat veistoksissa, saa my\u00f6s hienoa pintaa aikaan.<\/span><span data-ccp-props=\"{&quot;201341983&quot;:0,&quot;335551550&quot;:6,&quot;335551620&quot;:6,&quot;335559739&quot;:160,&quot;335559740&quot;:240}\">\u00a0<\/span><\/p>\n<p><span data-contrast=\"auto\">Lehtisaha. Usein liit\u00e4n valettuun runkoon jonkin lehtisahatun yksityiskohdan tai elementin. Olen aina pit\u00e4nyt lehtisahaamisesta ja kunnollinen lehtisaha olikin ensimm\u00e4inen ty\u00f6kalu, jonka ostin vuosia sitten, terien laatuun kiinnit\u00e4n my\u00f6s paljon huomiota. Muutaman kerran olen kokeillut ty\u00f6skennell\u00e4 halpis-terill\u00e4, ei tule mit\u00e4\u00e4n.<\/span><span data-ccp-props=\"{&quot;201341983&quot;:0,&quot;335551550&quot;:6,&quot;335551620&quot;:6,&quot;335559739&quot;:160,&quot;335559740&quot;:240}\">\u00a0<\/span><\/p>\n","protected":false},"excerpt":{"rendered":"<p><strong>Kuva:\u00a0<\/strong>Aki Suutari, Aki Suutarin kotialbumi 2017<\/p>\n<p>&nbsp;<\/p>\n<p>&nbsp;<\/p>\n","protected":false},"featured_media":3770,"comment_status":"closed","ping_status":"closed","template":"","meta":[],"product_cat":[173,20],"product_tag":[69,286],"_links":{"self":[{"href":"https:\/\/www.kellomuseo.fi\/holvi\/wp-json\/wp\/v2\/product\/3769"}],"collection":[{"href":"https:\/\/www.kellomuseo.fi\/holvi\/wp-json\/wp\/v2\/product"}],"about":[{"href":"https:\/\/www.kellomuseo.fi\/holvi\/wp-json\/wp\/v2\/types\/product"}],"replies":[{"embeddable":true,"href":"https:\/\/www.kellomuseo.fi\/holvi\/wp-json\/wp\/v2\/comments?post=3769"}],"wp:featuredmedia":[{"embeddable":true,"href":"https:\/\/www.kellomuseo.fi\/holvi\/wp-json\/wp\/v2\/media\/3770"}],"wp:attachment":[{"href":"https:\/\/www.kellomuseo.fi\/holvi\/wp-json\/wp\/v2\/media?parent=3769"}],"wp:term":[{"taxonomy":"product_cat","embeddable":true,"href":"https:\/\/www.kellomuseo.fi\/holvi\/wp-json\/wp\/v2\/product_cat?post=3769"},{"taxonomy":"product_tag","embeddable":true,"href":"https:\/\/www.kellomuseo.fi\/holvi\/wp-json\/wp\/v2\/product_tag?post=3769"}],"curies":[{"name":"wp","href":"https:\/\/api.w.org\/{rel}","templated":true}]}}