{"id":3754,"date":"2022-01-20T13:04:22","date_gmt":"2022-01-20T11:04:22","guid":{"rendered":"https:\/\/www.kellomuseo.fi\/holvi\/?post_type=product&#038;p=3754"},"modified":"2022-01-28T10:48:31","modified_gmt":"2022-01-28T08:48:31","slug":"antti-nieminen","status":"publish","type":"product","link":"https:\/\/www.kellomuseo.fi\/holvi\/tuote\/antti-nieminen\/","title":{"rendered":"Antti Nieminen"},"content":{"rendered":"<p>&nbsp;<\/p>\n<p><strong>Pohjakoulutukseni ja ty\u00f6kokemukseni:<\/strong><\/p>\n<p>Kultasepp\u00e4 Lahden k\u00e4si- ja taideteollisuusoppilaitos, 2002<\/p>\n<p>Artesaani metallisepp\u00e4, Lahden k\u00e4si- ja taideteollisuusoppilaitos, 2000<\/p>\n<p>KV ty\u00f6harjoittelu; Hanoi Fine Arts University, 1999<\/p>\n<p>Metalli, muotoilu, markkinointi- kurssi;<\/p>\n<p>Keski-Uudenmaan aikuiskoulutuskeskus, 1996<\/p>\n<p>Ylioppilas, Kuhmon yhteislukio, 1994<\/p>\n<p>&nbsp;<\/p>\n<p><strong>Mist\u00e4 saat inspiraatiota?\u00a0<\/strong><\/p>\n<p>Vastaantulevat muodot, pinnat, \u00e4rsykkeet ja el\u00e4mykset. Luonto musiikikki, el\u00e4m\u00e4n koko kaari. Arvostan yleissivistyst\u00e4.<\/p>\n<p>&nbsp;<\/p>\n<p><strong>Mitk\u00e4 ovat t\u00e4rkeimpi\u00e4 teemoja t\u00f6iss\u00e4si?<\/strong><\/p>\n<p>Erilaisten tekniikoiden soveltaminen, takominen, kaikkien metallien k\u00e4ytt\u00e4m\u00e4minen. Mittakaavavaihtelut.<\/p>\n<p>&nbsp;<\/p>\n<p><strong>Kaipaatko rauhaa vai vilin\u00e4\u00e4, miten se n\u00e4kyy arjessasi?<\/strong><\/p>\n<p>Nelj\u00e4n pienen lapsen is\u00e4n\u00e4 hetken rauha on tervetullutta vaihtelua.<\/p>\n<p>&nbsp;<\/p>\n<p><strong>T\u00e4llainen on ty\u00f6matkani:<\/strong><\/p>\n<p>Verstas on talon toisessa p\u00e4\u00e4ss\u00e4 ja paja kotipihalla. Eli ty\u00f6matka on kynnyksen tai pihan ylitt\u00e4minen. Enemm\u00e4n kyse on henkisest\u00e4 siirtymisest\u00e4 ja aivot voivat k\u00e4\u00e4nty\u00e4 ty\u00f6vaihteelle miss\u00e4 ja milloin vain.<\/p>\n<p>&nbsp;<\/p>\n<p><strong>Mik\u00e4 on sinulle paras aika ty\u00f6skennell\u00e4?<\/strong><\/p>\n<p>Useimmiten aamun varhaisimmat tunnit klo 6-8 ovat tuotteliaimmat. Joskus on kiva tehd\u00e4 ylipitki\u00e4 ty\u00f6p\u00e4ivi\u00e4, mutta jatkuvana tapana se ei ole hyv\u00e4.<\/p>\n<p>&nbsp;<\/p>\n<p><strong>Milloin nautit ty\u00f6st\u00e4si?<\/strong><\/p>\n<p>Kun ty\u00f6 vie menness\u00e4\u00e4n ja lopputulos alkaa el\u00e4\u00e4. Tai kun saa aloitettua vastenmielisen teht\u00e4v\u00e4n ja huomaakin pit\u00e4v\u00e4ns\u00e4 siit\u00e4.<\/p>\n<p>&nbsp;<\/p>\n<p><strong>Milloin et nauti ty\u00f6st\u00e4si?<\/strong><\/p>\n<p>Kun joutuu tekem\u00e4\u00e4n kiireess\u00e4 tai muuten ulkopuolisen paineen alaisena. Kun ty\u00f6n ja vapaan suhde ei ole kohdallaan.<\/p>\n<p>&nbsp;<\/p>\n<p><strong>Ty\u00f6huoneeni kolme t\u00e4rkeint\u00e4 esinett\u00e4 + perustelut:<\/strong><\/p>\n<p>Vasara, muokkaa metallin.<\/p>\n<p>Viila, viimeistelee muodon.<\/p>\n<p>Radio, soittaa Ylen ykk\u00f6st\u00e4.<\/p>\n<p>&nbsp;<\/p>\n","protected":false},"excerpt":{"rendered":"<p><strong>Kuva:<\/strong> Antti Nieminen, Antti Niemisen kotialbumi 2017<\/p>\n","protected":false},"featured_media":3755,"comment_status":"closed","ping_status":"closed","template":"","meta":[],"product_cat":[173,20],"product_tag":[69,191,282],"_links":{"self":[{"href":"https:\/\/www.kellomuseo.fi\/holvi\/wp-json\/wp\/v2\/product\/3754"}],"collection":[{"href":"https:\/\/www.kellomuseo.fi\/holvi\/wp-json\/wp\/v2\/product"}],"about":[{"href":"https:\/\/www.kellomuseo.fi\/holvi\/wp-json\/wp\/v2\/types\/product"}],"replies":[{"embeddable":true,"href":"https:\/\/www.kellomuseo.fi\/holvi\/wp-json\/wp\/v2\/comments?post=3754"}],"wp:featuredmedia":[{"embeddable":true,"href":"https:\/\/www.kellomuseo.fi\/holvi\/wp-json\/wp\/v2\/media\/3755"}],"wp:attachment":[{"href":"https:\/\/www.kellomuseo.fi\/holvi\/wp-json\/wp\/v2\/media?parent=3754"}],"wp:term":[{"taxonomy":"product_cat","embeddable":true,"href":"https:\/\/www.kellomuseo.fi\/holvi\/wp-json\/wp\/v2\/product_cat?post=3754"},{"taxonomy":"product_tag","embeddable":true,"href":"https:\/\/www.kellomuseo.fi\/holvi\/wp-json\/wp\/v2\/product_tag?post=3754"}],"curies":[{"name":"wp","href":"https:\/\/api.w.org\/{rel}","templated":true}]}}