{"id":3750,"date":"2022-01-20T12:41:38","date_gmt":"2022-01-20T10:41:38","guid":{"rendered":"https:\/\/www.kellomuseo.fi\/holvi\/?post_type=product&#038;p=3750"},"modified":"2022-01-28T10:46:52","modified_gmt":"2022-01-28T08:46:52","slug":"mirja-marsch","status":"publish","type":"product","link":"https:\/\/www.kellomuseo.fi\/holvi\/tuote\/mirja-marsch\/","title":{"rendered":"Mirja Marsch"},"content":{"rendered":"<p>&nbsp;<\/p>\n<p><span data-contrast=\"auto\"><strong>Pohjakoulutukseni ja ty\u00f6kokemukseni:<\/strong><\/span><span data-ccp-props=\"{&quot;201341983&quot;:0,&quot;335559739&quot;:160,&quot;335559740&quot;:240}\">\u00a0<\/span><\/p>\n<p><span data-contrast=\"auto\">Tekstiiliartenomi EVTEK Muotoiluinstituutti 2004<\/span><span data-ccp-props=\"{&quot;201341983&quot;:0,&quot;335559739&quot;:160,&quot;335559740&quot;:240}\">\u00a0<\/span><\/p>\n<p><span data-contrast=\"auto\">Tekstiiliartesaani Vihdin k\u00e4si-ja taideteollisuusoppilaitos 2000<\/span><\/p>\n<p><span data-ccp-props=\"{&quot;201341983&quot;:0,&quot;335559739&quot;:160,&quot;335559740&quot;:240}\">\u00a0<\/span><\/p>\n<p><span data-contrast=\"auto\"><strong>Mist\u00e4 saat inspiraatiota? <\/strong>\u00a0<\/span><\/p>\n<p><span data-contrast=\"auto\">Saan inspiraatiota luonnosta, ymp\u00e4rill\u00e4ni olevista ihmisist\u00e4, elokuvista.<\/span><span data-ccp-props=\"{&quot;201341983&quot;:0,&quot;335551550&quot;:6,&quot;335551620&quot;:6,&quot;335559739&quot;:160,&quot;335559740&quot;:240}\">\u00a0<\/span><\/p>\n<p><span data-contrast=\"none\">\u00a0<\/span><\/p>\n<p><span data-contrast=\"none\"><strong>Mitk\u00e4 ovat t\u00e4rkeimpi\u00e4 teemoja t\u00f6iss\u00e4si?<\/strong><\/span><span data-ccp-props=\"{&quot;201341983&quot;:0,&quot;335559739&quot;:160,&quot;335559740&quot;:240}\">\u00a0<\/span><span data-contrast=\"none\">\u00a0<\/span><\/p>\n<p><span data-contrast=\"auto\">Ihmiset ja luonto ovat toistuvia teemoja teoksissani.<\/span><span data-ccp-props=\"{&quot;201341983&quot;:0,&quot;335551550&quot;:6,&quot;335551620&quot;:6,&quot;335559739&quot;:160,&quot;335559740&quot;:240}\">\u00a0<\/span><\/p>\n<p><span data-contrast=\"none\">\u00a0<\/span><\/p>\n<p><span data-contrast=\"auto\"><strong>Kaipaatko rauhaa vai vilin\u00e4\u00e4, miten se n\u00e4kyy arjessasi?<\/strong><\/span><span data-ccp-props=\"{&quot;201341983&quot;:0,&quot;335559739&quot;:160,&quot;335559740&quot;:240}\">\u00a0<\/span><\/p>\n<p><span data-contrast=\"auto\">Vapaap\u00e4ivin\u00e4ni leip\u00e4ty\u00f6st\u00e4ni olen mieluiten hiljaisissa paikoissa, joissa on mahdollisimman v\u00e4h\u00e4n ihmisi\u00e4, kuten omien t\u00f6itteni parissa. T\u00e4m\u00e4 johtuu paljolti leip\u00e4ty\u00f6ni luonteesta asiakaspalveluteht\u00e4viss\u00e4 vilkkaassa tavaratalossa. Jos ty\u00f6skentelisin pelk\u00e4st\u00e4\u00e4n taiteeni parissa, uskoisin kaipaavani v\u00e4lill\u00e4 my\u00f6s vipin\u00e4\u00e4.<\/span><span data-ccp-props=\"{&quot;201341983&quot;:0,&quot;335551550&quot;:6,&quot;335551620&quot;:6,&quot;335559739&quot;:160,&quot;335559740&quot;:240}\">\u00a0<\/span><\/p>\n<p><span data-contrast=\"none\">\u00a0<\/span><\/p>\n<p><span data-contrast=\"auto\"><strong>T\u00e4llainen on ty\u00f6matkani:<\/strong><\/span><span data-ccp-props=\"{&quot;201341983&quot;:0,&quot;335559739&quot;:160,&quot;335559740&quot;:240}\">\u00a0<\/span><\/p>\n<p><span data-contrast=\"auto\">Ty\u00f6p\u00f6yt\u00e4ni sijaitsee kotonani, joten aamulla her\u00e4tess\u00e4ni tallustelen muutaman metrin s\u00e4ngylt\u00e4 ty\u00f6p\u00f6yt\u00e4ni \u00e4\u00e4reen. Leip\u00e4ty\u00f6h\u00f6ni joudun matkustamaan ruuhkaisessa l\u00e4hijunassa Helsingin keskustaan, selaillen matkalla p\u00e4iv\u00e4n lehti\u00e4 ym. muuta h\u00f6mpp\u00e4\u00e4 k\u00e4nnyk\u00e4st\u00e4ni.<\/span><span data-ccp-props=\"{&quot;201341983&quot;:0,&quot;335551550&quot;:6,&quot;335551620&quot;:6,&quot;335559739&quot;:160,&quot;335559740&quot;:240}\">\u00a0<\/span><\/p>\n<p><span data-contrast=\"auto\">\u00a0<\/span><\/p>\n<p><span data-contrast=\"auto\"><strong>Mik\u00e4 on sinulle paras aika ty\u00f6skennell\u00e4?<\/strong><\/span><span data-ccp-props=\"{&quot;201341983&quot;:0,&quot;335559739&quot;:160,&quot;335559740&quot;:240}\">\u00a0<\/span><\/p>\n<p><span data-contrast=\"auto\">Olen iltavirkku, yleens\u00e4 paras ty\u00f6skentelyvireeni alkaa nelj\u00e4n maissa iltap\u00e4iv\u00e4ll\u00e4 ja saatan tehd\u00e4 hommia yhteen- kahteen asti y\u00f6ll\u00e4 jos mukaansatempaava ty\u00f6 on kesken.<\/span><span data-ccp-props=\"{&quot;201341983&quot;:0,&quot;335551550&quot;:6,&quot;335551620&quot;:6,&quot;335559739&quot;:160,&quot;335559740&quot;:240}\">\u00a0<\/span><\/p>\n<p><span data-contrast=\"auto\">\u00a0<\/span><\/p>\n<p><span data-contrast=\"auto\"><strong>Milloin nautit ty\u00f6st\u00e4si?<\/strong><\/span><span data-ccp-props=\"{&quot;201341983&quot;:0,&quot;335559739&quot;:160,&quot;335559740&quot;:240}\">\u00a0<\/span><span data-contrast=\"auto\">\u00a0<\/span><\/p>\n<p><span data-contrast=\"auto\">Silloin kun ty\u00f6 tuntuu sujuvan kuin itsest\u00e4\u00e4n, kuuntelen hyv\u00e4\u00e4 musiikkia ja kaikki on jo etuk\u00e4teen selke\u00e4sti mieless\u00e4. My\u00f6s sellaiset hetket ovat palkitsevia kun ty\u00f6skentelyss\u00e4 tekee jonkin uuden oivalluksen.<\/span><span data-ccp-props=\"{&quot;201341983&quot;:0,&quot;335551550&quot;:6,&quot;335551620&quot;:6,&quot;335559739&quot;:160,&quot;335559740&quot;:240}\">\u00a0<\/span><\/p>\n<p>&nbsp;<\/p>\n<p><span data-contrast=\"auto\"><strong>Milloin et nauti ty\u00f6st\u00e4si?<\/strong><\/span><span data-ccp-props=\"{&quot;201341983&quot;:0,&quot;335559739&quot;:160,&quot;335559740&quot;:240}\">\u00a0<\/span><\/p>\n<p><span data-contrast=\"auto\">Joskus on p\u00e4ivi\u00e4 jolloin tuntuu ett\u00e4 kaikki mit\u00e4 tekee menee pelk\u00e4ksi s\u00e4hl\u00e4ykseksi, mutta ei voi lopettaakaan ty\u00f6skentely\u00e4.. koska kohta se saattaa onnistua.<\/span><span data-ccp-props=\"{&quot;201341983&quot;:0,&quot;335551550&quot;:6,&quot;335551620&quot;:6,&quot;335559739&quot;:160,&quot;335559740&quot;:240}\">\u00a0<\/span><\/p>\n<p>&nbsp;<\/p>\n<p><span data-contrast=\"auto\"><strong>Ty\u00f6huoneeni kolme t\u00e4rkeint\u00e4 esinett\u00e4 + perustelut:<\/strong><\/span><span data-ccp-props=\"{&quot;201341983&quot;:0,&quot;335559739&quot;:160,&quot;335559740&quot;:240}\">\u00a0<\/span><span data-contrast=\"auto\">\u00a0<\/span><\/p>\n<p><span data-contrast=\"auto\">Kyn\u00e4t. Tarvitsen useita kyni\u00e4 ripoteltuna ymp\u00e4riins\u00e4. Vaikka minulla on varsinainen paikka miss\u00e4 niit\u00e4 pid\u00e4n, on saatavillani oltava heti kyn\u00e4 jos saan idean. Samoin olen yritt\u00e4nyt laittaa kaikkiin laukkuihini valmiiksi kyni\u00e4, jotten huomaa olevani h\u00e4d\u00e4ss\u00e4 ilman sellaista kun sit\u00e4 tarvitsen. Olen joskus joutunut raapustamaan meikkikyn\u00e4ll\u00e4 ja huulipunalla, joka ei ole kovinkaan k\u00e4tev\u00e4\u00e4.<\/span><span data-ccp-props=\"{&quot;201341983&quot;:0,&quot;335551550&quot;:6,&quot;335551620&quot;:6,&quot;335559739&quot;:160,&quot;335559740&quot;:259}\">\u00a0<\/span><\/p>\n<p><span data-contrast=\"auto\">Paperia. Kuten kyni\u00e4, on sit\u00e4 oltava aina saatavilla.<\/span><span data-ccp-props=\"{&quot;201341983&quot;:0,&quot;335551550&quot;:6,&quot;335551620&quot;:6,&quot;335559739&quot;:160,&quot;335559740&quot;:259}\">\u00a0<\/span><\/p>\n<p><span data-contrast=\"auto\">Sakset. Leikkaan kangasta, paperia, lankoja ja muita materiaaleja. Omistan yli kymmenet sakset ja jokaiselle on oma teht\u00e4v\u00e4ns\u00e4.<\/span><span data-ccp-props=\"{&quot;201341983&quot;:0,&quot;335551550&quot;:6,&quot;335551620&quot;:6,&quot;335559739&quot;:160,&quot;335559740&quot;:259}\">\u00a0<\/span><\/p>\n<p><span data-contrast=\"auto\">\u00a0<\/span><\/p>\n<p>&nbsp;<\/p>\n","protected":false},"excerpt":{"rendered":"<p><strong>Kuva:<\/strong> Mirja Marsch, Mirja Marschin kotialbumi 2017<\/p>\n","protected":false},"featured_media":3751,"comment_status":"closed","ping_status":"closed","template":"","meta":[],"product_cat":[173,20],"product_tag":[69,279,281,280],"_links":{"self":[{"href":"https:\/\/www.kellomuseo.fi\/holvi\/wp-json\/wp\/v2\/product\/3750"}],"collection":[{"href":"https:\/\/www.kellomuseo.fi\/holvi\/wp-json\/wp\/v2\/product"}],"about":[{"href":"https:\/\/www.kellomuseo.fi\/holvi\/wp-json\/wp\/v2\/types\/product"}],"replies":[{"embeddable":true,"href":"https:\/\/www.kellomuseo.fi\/holvi\/wp-json\/wp\/v2\/comments?post=3750"}],"wp:featuredmedia":[{"embeddable":true,"href":"https:\/\/www.kellomuseo.fi\/holvi\/wp-json\/wp\/v2\/media\/3751"}],"wp:attachment":[{"href":"https:\/\/www.kellomuseo.fi\/holvi\/wp-json\/wp\/v2\/media?parent=3750"}],"wp:term":[{"taxonomy":"product_cat","embeddable":true,"href":"https:\/\/www.kellomuseo.fi\/holvi\/wp-json\/wp\/v2\/product_cat?post=3750"},{"taxonomy":"product_tag","embeddable":true,"href":"https:\/\/www.kellomuseo.fi\/holvi\/wp-json\/wp\/v2\/product_tag?post=3750"}],"curies":[{"name":"wp","href":"https:\/\/api.w.org\/{rel}","templated":true}]}}