{"id":3748,"date":"2022-01-20T12:11:28","date_gmt":"2022-01-20T10:11:28","guid":{"rendered":"https:\/\/www.kellomuseo.fi\/holvi\/?post_type=product&#038;p=3748"},"modified":"2022-03-09T09:35:32","modified_gmt":"2022-03-09T07:35:32","slug":"minna-markkanen","status":"publish","type":"product","link":"https:\/\/www.kellomuseo.fi\/holvi\/tuote\/minna-markkanen\/","title":{"rendered":"Minna Markkanen"},"content":{"rendered":"<p><strong>Pohjakoulutukseni ja ty\u00f6kokemukseni:<\/strong><span data-ccp-props=\"{&quot;201341983&quot;:0,&quot;335559739&quot;:160,&quot;335559740&quot;:240}\">\u00a0<\/span><\/p>\n<p><span data-contrast=\"auto\">Master of Fine Arts; Gemstone and Jewelry, Hochschule Trier, 2016-<\/span><span data-ccp-props=\"{&quot;201341983&quot;:0,&quot;335559739&quot;:160,&quot;335559740&quot;:259}\">\u00a0<\/span><\/p>\n<p><span data-contrast=\"auto\">Kuvataiteilija (AMK), Saimaan ammattikorkeakoulu, 2012<\/span><span data-ccp-props=\"{&quot;201341983&quot;:0,&quot;335559739&quot;:160,&quot;335559740&quot;:259}\">\u00a0<\/span><\/p>\n<p><span data-contrast=\"auto\">Vuoksenniskan Yhteiskoulun lukio, 2008<\/span><span data-ccp-props=\"{&quot;201341983&quot;:0,&quot;335559739&quot;:160,&quot;335559740&quot;:259}\">\u00a0<\/span><\/p>\n<p>&nbsp;<\/p>\n<p><span data-contrast=\"auto\"><strong>Mist\u00e4 saat inspiraatiota?\u00a0<\/strong><\/span><span data-ccp-props=\"{&quot;201341983&quot;:0,&quot;335559739&quot;:160,&quot;335559740&quot;:240}\">\u00a0<\/span><\/p>\n<p><span data-contrast=\"auto\">Urbaani l\u00f6yt\u00f6retkeily. Usein saan inspiraationi ty\u00f6skentelyst\u00e4, teen kummallisia pieni\u00e4 palasia, jotka l\u00f6yt\u00e4v\u00e4t toisensa ennemmin tai my\u00f6hemmin. Etsin my\u00f6s paljon tietoa ja katselen l\u00e4pi tieteellisi\u00e4 julkaisuja netist\u00e4.\u00a0<\/span><span data-ccp-props=\"{&quot;201341983&quot;:0,&quot;335551550&quot;:6,&quot;335551620&quot;:6,&quot;335559739&quot;:160,&quot;335559740&quot;:259}\">\u00a0<\/span><\/p>\n<p>&nbsp;<\/p>\n<p><span data-contrast=\"none\"><strong>Mitk\u00e4 ovat t\u00e4rkeimpi\u00e4 teemoja t\u00f6iss\u00e4si?<\/strong><\/span><span data-ccp-props=\"{&quot;201341983&quot;:0,&quot;335559739&quot;:160,&quot;335559740&quot;:240}\">\u00a0<\/span><\/p>\n<p><span data-contrast=\"auto\">Keho ja sen toiminnot solutasolla. Haarniskat ja suojautuminen.\u00a0<\/span><span data-ccp-props=\"{&quot;201341983&quot;:0,&quot;335559739&quot;:160,&quot;335559740&quot;:259}\">\u00a0<\/span><\/p>\n<p>&nbsp;<\/p>\n<p><span data-contrast=\"auto\"><strong>Kaipaatko rauhaa vai vilin\u00e4\u00e4, miten se n\u00e4kyy arjessasi?<\/strong><\/span><span data-ccp-props=\"{&quot;201341983&quot;:0,&quot;335559739&quot;:160,&quot;335559740&quot;:240}\">\u00a0<\/span><\/p>\n<p><span data-contrast=\"auto\">Suuret kaupungit ovat ihan kivoja, jonkin aikaa. En kaipaa luontoon, mutta kaipaan yksinoloa ja kissojani. Jatkuva ihmisvilin\u00e4 saa p\u00e4\u00e4n sekaisin.<\/span><span data-ccp-props=\"{&quot;201341983&quot;:0,&quot;335551550&quot;:6,&quot;335551620&quot;:6,&quot;335559739&quot;:160,&quot;335559740&quot;:259}\">\u00a0<\/span><\/p>\n<p>&nbsp;<\/p>\n<p><span data-contrast=\"auto\"><strong>T\u00e4llainen on ty\u00f6matkani:<\/strong><\/span><span data-ccp-props=\"{&quot;201341983&quot;:0,&quot;335559739&quot;:160,&quot;335559740&quot;:240}\">\u00a0<\/span><\/p>\n<p><span data-contrast=\"auto\">T\u00e4ll\u00e4 hetkell\u00e4 opiskelen Saksassa korutaiteen maisteritutkintoa. Matka koululle\/ty\u00f6huoneelle tapahtuu vuoren yli bussilla, tai sunnuntaisin k\u00e4vellen.<\/span><span data-ccp-props=\"{&quot;201341983&quot;:0,&quot;335551550&quot;:6,&quot;335551620&quot;:6,&quot;335559739&quot;:160,&quot;335559740&quot;:259}\">\u00a0<\/span><\/p>\n<p>&nbsp;<\/p>\n<p><span data-contrast=\"auto\"><strong>Mik\u00e4 on sinulle paras aika ty\u00f6skennell\u00e4?<\/strong><\/span><span data-ccp-props=\"{&quot;201341983&quot;:0,&quot;335559739&quot;:160,&quot;335559740&quot;:240}\">\u00a0<\/span><\/p>\n<p><span data-contrast=\"auto\">Olen aamu-uninen, joten p\u00e4\u00e4dyn ty\u00f6p\u00f6yd\u00e4n \u00e4\u00e4reen usein vasta puolenp\u00e4iv\u00e4n aikoihin tai my\u00f6hemmin, ja jatkan iltaan asti.<\/span><span data-ccp-props=\"{&quot;201341983&quot;:0,&quot;335551550&quot;:6,&quot;335551620&quot;:6,&quot;335559739&quot;:160,&quot;335559740&quot;:259}\">\u00a0<\/span><\/p>\n<p>&nbsp;<\/p>\n<p><span data-contrast=\"auto\"><strong>Milloin nautit ty\u00f6st\u00e4si?<\/strong><\/span><span data-ccp-props=\"{&quot;201341983&quot;:0,&quot;335559739&quot;:160,&quot;335559740&quot;:240}\">\u00a0<\/span><\/p>\n<p><span data-contrast=\"auto\">Kun kaikki sujuu kuten pit\u00e4\u00e4kin. Kun keksin ratkaisun ongelmaan. Kun kehittelen hyv\u00e4n tuotteen. Kun saan valmiiksi ty\u00f6n, jota olen ty\u00f6st\u00e4nyt kauan.\u00a0<\/span><span data-ccp-props=\"{&quot;201341983&quot;:0,&quot;335551550&quot;:6,&quot;335551620&quot;:6,&quot;335559739&quot;:160,&quot;335559740&quot;:259}\">\u00a0<\/span><\/p>\n<p>&nbsp;<\/p>\n<p><span data-contrast=\"auto\"><strong>Milloin et nauti ty\u00f6st\u00e4si?<\/strong><\/span><span data-ccp-props=\"{&quot;201341983&quot;:0,&quot;335559739&quot;:160,&quot;335559740&quot;:240}\">\u00a0<\/span><\/p>\n<p><span data-contrast=\"auto\">Jos j\u00e4t\u00e4n asiat viime tippaan. En my\u00f6sk\u00e4\u00e4n jaksa usein viimeistell\u00e4 asioita luontaisesti, joten minun t\u00e4ytyy v\u00e4lill\u00e4 ponnistella saattaakseni asiat tiptop kuntoon ja maaliin asti.<\/span><span data-ccp-props=\"{&quot;201341983&quot;:0,&quot;335559739&quot;:160,&quot;335559740&quot;:240}\">\u00a0<\/span><\/p>\n<p>&nbsp;<\/p>\n<p><span data-contrast=\"auto\"><strong>Ty\u00f6huoneeni kolme t\u00e4rkeint\u00e4 esinett\u00e4 + perustelut:<\/strong><\/span><span data-ccp-props=\"{&quot;201341983&quot;:0,&quot;335559739&quot;:160,&quot;335559740&quot;:240}\">\u00a0<\/span><\/p>\n<p><span data-contrast=\"auto\">Hyv\u00e4 leikkuuveitsi. K\u00e4tevyyden vuoksi.\u00a0<\/span><span data-ccp-props=\"{&quot;201341983&quot;:0,&quot;335559739&quot;:160,&quot;335559740&quot;:259}\">\u00a0<\/span><\/p>\n<p><span data-contrast=\"auto\">P\u00f6yt\u00e4tilaa, koska levit\u00e4n viel\u00e4 keskener\u00e4iset ty\u00f6ni usein laajalle.<\/span><span data-ccp-props=\"{&quot;201341983&quot;:0,&quot;335559739&quot;:160,&quot;335559740&quot;:259}\">\u00a0<\/span><\/p>\n<p><span data-contrast=\"auto\">Vedenkeitin, ett\u00e4 saan teet\u00e4!<\/span><span data-ccp-props=\"{&quot;201341983&quot;:0,&quot;335559739&quot;:160,&quot;335559740&quot;:259}\">\u00a0<\/span><\/p>\n<p><span data-contrast=\"auto\">\u00a0<\/span><\/p>\n<p>&nbsp;<\/p>\n","protected":false},"excerpt":{"rendered":"<p><strong>Kuva:<\/strong> Minna Manninen, Minna Mannisen kotialbumi 2017<\/p>\n","protected":false},"featured_media":3749,"comment_status":"closed","ping_status":"closed","template":"","meta":[],"product_cat":[173,20],"product_tag":[69,70,279,298],"_links":{"self":[{"href":"https:\/\/www.kellomuseo.fi\/holvi\/wp-json\/wp\/v2\/product\/3748"}],"collection":[{"href":"https:\/\/www.kellomuseo.fi\/holvi\/wp-json\/wp\/v2\/product"}],"about":[{"href":"https:\/\/www.kellomuseo.fi\/holvi\/wp-json\/wp\/v2\/types\/product"}],"replies":[{"embeddable":true,"href":"https:\/\/www.kellomuseo.fi\/holvi\/wp-json\/wp\/v2\/comments?post=3748"}],"wp:featuredmedia":[{"embeddable":true,"href":"https:\/\/www.kellomuseo.fi\/holvi\/wp-json\/wp\/v2\/media\/3749"}],"wp:attachment":[{"href":"https:\/\/www.kellomuseo.fi\/holvi\/wp-json\/wp\/v2\/media?parent=3748"}],"wp:term":[{"taxonomy":"product_cat","embeddable":true,"href":"https:\/\/www.kellomuseo.fi\/holvi\/wp-json\/wp\/v2\/product_cat?post=3748"},{"taxonomy":"product_tag","embeddable":true,"href":"https:\/\/www.kellomuseo.fi\/holvi\/wp-json\/wp\/v2\/product_tag?post=3748"}],"curies":[{"name":"wp","href":"https:\/\/api.w.org\/{rel}","templated":true}]}}