{"id":3746,"date":"2022-01-20T11:49:52","date_gmt":"2022-01-20T09:49:52","guid":{"rendered":"https:\/\/www.kellomuseo.fi\/holvi\/?post_type=product&#038;p=3746"},"modified":"2022-03-09T09:37:09","modified_gmt":"2022-03-09T07:37:09","slug":"kirsi-manninen","status":"publish","type":"product","link":"https:\/\/www.kellomuseo.fi\/holvi\/tuote\/kirsi-manninen\/","title":{"rendered":"Kirsi Manninen"},"content":{"rendered":"<p><strong>Pohjakoulutukseni ja ty\u00f6kokemukseni:<\/strong><span data-ccp-props=\"{&quot;201341983&quot;:0,&quot;335559739&quot;:160,&quot;335559740&quot;:240}\">\u00a0<\/span><\/p>\n<p><span data-contrast=\"auto\">Muotoilija<\/span><span data-ccp-props=\"{&quot;201341983&quot;:2,&quot;335551550&quot;:6,&quot;335551620&quot;:6,&quot;335559739&quot;:160,&quot;335559740&quot;:100}\">\u00a0<\/span><\/p>\n<p><span data-contrast=\"auto\">Kuopion Muotoiluakatemia 2014<\/span><span data-ccp-props=\"{&quot;201341983&quot;:2,&quot;335551550&quot;:6,&quot;335551620&quot;:6,&quot;335559739&quot;:160,&quot;335559740&quot;:100}\">\u00a0<\/span><\/p>\n<p><span data-contrast=\"auto\">Metalli alan artesaani 2008<\/span><span data-ccp-props=\"{&quot;201341983&quot;:2,&quot;335551550&quot;:6,&quot;335551620&quot;:6,&quot;335559739&quot;:160,&quot;335559740&quot;:100}\">\u00a0<\/span><\/p>\n<p><span data-contrast=\"auto\">Mikkelin Yhteiskoulun lukio 2004<\/span><span data-ccp-props=\"{&quot;201341983&quot;:2,&quot;335551550&quot;:6,&quot;335551620&quot;:6,&quot;335559739&quot;:160,&quot;335559740&quot;:100}\">\u00a0<\/span><\/p>\n<p>&nbsp;<\/p>\n<p><span data-contrast=\"auto\"><strong>Mist\u00e4 saat inspiraatiota?\u00a0<\/strong><\/span><span data-ccp-props=\"{&quot;201341983&quot;:0,&quot;335559739&quot;:160,&quot;335559740&quot;:240}\">\u00a0<\/span><\/p>\n<p><span data-contrast=\"none\">Taiji (tai chi)<\/span><span data-contrast=\"auto\">, liike, ty\u00f6stett\u00e4v\u00e4st\u00e4 materiaalista, alitajunnasta.<\/span><span data-ccp-props=\"{&quot;201341983&quot;:2,&quot;335551550&quot;:6,&quot;335551620&quot;:6,&quot;335559739&quot;:160,&quot;335559740&quot;:100}\">\u00a0<\/span><\/p>\n<p>&nbsp;<\/p>\n<p><span data-contrast=\"none\"><strong>Mitk\u00e4 ovat t\u00e4rkeimpi\u00e4 teemoja t\u00f6iss\u00e4si?<\/strong><\/span><span data-ccp-props=\"{&quot;201341983&quot;:0,&quot;335559739&quot;:160,&quot;335559740&quot;:240}\">\u00a0<\/span><\/p>\n<p><span data-contrast=\"none\">Tuotteiden muotokieli on leikittelev\u00e4n yksinkertainen, kuten sormus, jossa Otavan t\u00e4htikuvio kietoutuu sormen ymp\u00e4ri. Teemat kulkevat vahvasti omien arvojen ja taijin tuoman ideologian ymp\u00e4rill\u00e4. Tutkin asioita pintaa syvemm\u00e4lt\u00e4. Tarkoitukseni on jakaa taijin tuomaa hyv\u00e4\u00e4 ja tuottaa koruja syd\u00e4men ilosta, ymp\u00e4rist\u00f6\u00e4 kunnioittaen.<\/span><\/p>\n<p><span data-ccp-props=\"{&quot;201341983&quot;:2,&quot;335551550&quot;:6,&quot;335551620&quot;:6,&quot;335559739&quot;:160,&quot;335559740&quot;:100}\">\u00a0<\/span><\/p>\n<p><span data-contrast=\"auto\"><strong>Kaipaatko rauhaa vai vilin\u00e4\u00e4, miten se n\u00e4kyy arjessasi?<\/strong><\/span><span data-ccp-props=\"{&quot;201341983&quot;:0,&quot;335559739&quot;:160,&quot;335559740&quot;:240}\">\u00a0<\/span><span data-contrast=\"auto\">\u00a0<\/span><\/p>\n<p><span data-contrast=\"none\">Olen omimmillani kun minulla on paljon puuhaa, siksi kahden ammatin harjoittaminen on minulle luonnollista. Vaikka minulla on paljon puuhaa, teen asiat rauhassa, taiji on opettanut hallitsemaan omaa vilkasta tekemisen tyyli\u00e4. Olen omimmillani ihmisten ymp\u00e4r\u00f6im\u00e4n\u00e4, mutta vet\u00e4ydyn usein my\u00f6s omaan rauhaani ja tykk\u00e4\u00e4n olla yksin, esimerkiksi matkustan mieluiten itsekseni.<\/span><span data-ccp-props=\"{&quot;201341983&quot;:2,&quot;335551550&quot;:6,&quot;335551620&quot;:6,&quot;335559739&quot;:160,&quot;335559740&quot;:100}\">\u00a0<\/span><\/p>\n<p>&nbsp;<\/p>\n<p><span data-contrast=\"auto\"><strong>T\u00e4llainen on ty\u00f6matkani:<\/strong><\/span><span data-ccp-props=\"{&quot;201341983&quot;:0,&quot;335559739&quot;:160,&quot;335559740&quot;:240}\">\u00a0<\/span><\/p>\n<p><span data-contrast=\"auto\">Aamuni alkaa tukevalla aamiaisella ja taijilla, jonka j\u00e4lkeen siirryn kulman taa yl\u00e4kertaan ty\u00f6huoneelle. Pajani ja kotini sijaitsee Otavassa vanhan kyl\u00e4kaupan tiloissa.<\/span><span data-ccp-props=\"{&quot;201341983&quot;:2,&quot;335551550&quot;:6,&quot;335551620&quot;:6,&quot;335559739&quot;:160,&quot;335559740&quot;:100}\">\u00a0<\/span><\/p>\n<p>&nbsp;<\/p>\n<p><span data-contrast=\"auto\"><strong>Mik\u00e4 on sinulle paras aika ty\u00f6skennell\u00e4?<\/strong><\/span><span data-ccp-props=\"{&quot;201341983&quot;:0,&quot;335559739&quot;:160,&quot;335559740&quot;:240}\">\u00a0<\/span><\/p>\n<p><span data-contrast=\"auto\">Ty\u00f6skentelen vaihtelevasti pajalla, taiji-opettajan ty\u00f6 rytmitt\u00e4\u00e4 arjen. Kes\u00e4ll\u00e4 on v\u00e4hemm\u00e4n opetusta, jolloin teen enemm\u00e4n koruja. Ty\u00f6skentelyrytmin vaihtelevuus on haaste ja mahdollisuus. Joskus kaipaan viikkoja, ett\u00e4 voisin vain linnottautua pajaan ilman muita aikatauluja. Ideat tulevat parhaiten esiin juuri ennen nukkumaanmenoa tai kesken taiji harjoituksen. Vireimmill\u00e4ni olen aamulla.<\/span><span data-ccp-props=\"{&quot;201341983&quot;:0,&quot;335551550&quot;:6,&quot;335551620&quot;:6,&quot;335559739&quot;:160,&quot;335559740&quot;:240}\">\u00a0<\/span><\/p>\n<p>&nbsp;<\/p>\n<p><span data-contrast=\"auto\"><strong>Milloin nautit ty\u00f6st\u00e4si?<\/strong><\/span><span data-ccp-props=\"{&quot;201341983&quot;:0,&quot;335559739&quot;:160,&quot;335559740&quot;:240}\">\u00a0<\/span><span data-contrast=\"auto\">\u00a0<\/span><\/p>\n<p><span data-contrast=\"auto\">Olen joka p\u00e4iv\u00e4 kiitollinen siit\u00e4 mit\u00e4 teen ja nautin joka hetkest\u00e4. Mieluisinta minulle on sahaaminen, voisin sahata p\u00e4iv\u00e4t pitk\u00e4t!<\/span><span data-ccp-props=\"{&quot;201341983&quot;:2,&quot;335551550&quot;:6,&quot;335551620&quot;:6,&quot;335559739&quot;:160,&quot;335559740&quot;:100}\">\u00a0<\/span><\/p>\n<p>&nbsp;<\/p>\n<p><span data-contrast=\"auto\"><strong>Milloin et nauti ty\u00f6st\u00e4si?<\/strong><\/span><span data-ccp-props=\"{&quot;201341983&quot;:0,&quot;335559739&quot;:160,&quot;335559740&quot;:240}\">\u00a0<\/span><\/p>\n<p><span data-contrast=\"auto\">Olen oppinut nauttimaan my\u00f6s ep\u00e4onnistumisen hetkist\u00e4, ne opettavat eniten. Jos on huono p\u00e4iv\u00e4 ja ei meinaa onnistua edes rutiinihommat niin keit\u00e4n kahvit ja irroitan hetkeksi.\u00a0<\/span><span data-ccp-props=\"{&quot;201341983&quot;:2,&quot;335551550&quot;:6,&quot;335551620&quot;:6,&quot;335559739&quot;:160,&quot;335559740&quot;:100}\">\u00a0<\/span><\/p>\n<p>&nbsp;<\/p>\n<p><span data-contrast=\"auto\"><strong>Ty\u00f6huoneeni:<\/strong><\/span><span data-ccp-props=\"{&quot;201341983&quot;:0,&quot;335559739&quot;:160,&quot;335559740&quot;:240}\">\u00a0<\/span><span data-contrast=\"auto\">\u00a0<\/span><\/p>\n<p><span data-contrast=\"auto\">Ty\u00f6huone on yleens\u00e4 melko kaoottinen. Kaikilla tasoilla on usein keskener\u00e4inen ty\u00f6 ja on tavallista ett\u00e4 t\u00f6it\u00e4 on kolme, kaksi on lepotilassa ja yht\u00e4 ty\u00f6st\u00e4n.<\/span><span data-ccp-props=\"{&quot;201341983&quot;:0,&quot;335551550&quot;:6,&quot;335551620&quot;:6,&quot;335559739&quot;:160,&quot;335559740&quot;:240}\">\u00a0<\/span><\/p>\n<p>&nbsp;<\/p>\n<p><span data-contrast=\"auto\"><strong>Ty\u00f6huoneeni kolme t\u00e4rkeint\u00e4 esinett\u00e4 + perustelut:<\/strong><\/span><span data-ccp-props=\"{&quot;201341983&quot;:0,&quot;335559739&quot;:160,&quot;335559740&quot;:240}\">\u00a0<\/span><\/p>\n<p><span data-contrast=\"auto\">Saha, koska rakastan sahaamista<\/span><span data-ccp-props=\"{&quot;201341983&quot;:2,&quot;335551550&quot;:6,&quot;335551620&quot;:6,&quot;335559739&quot;:160,&quot;335559740&quot;:100}\">\u00a0<\/span><\/p>\n<p><span data-contrast=\"auto\">Naakeli, ilman kunnon tukea sahaaminen ei onnistuisi<\/span><span data-ccp-props=\"{&quot;201341983&quot;:2,&quot;335551550&quot;:6,&quot;335551620&quot;:6,&quot;335559739&quot;:160,&quot;335559740&quot;:100}\">\u00a0<\/span><\/p>\n<p><span data-contrast=\"auto\">Matti Mattssonin tekem\u00e4 kello vaaleanpunaisesta kattilankannesta. Matti on antanut \u201dintiaaninimeni\u201d Little Big Woman tutustuttuamme 2008 ja vaaleanpunainen on lempiv\u00e4rini. H\u00e4nen innoittamana olen ajautunut korujen pariin.<\/span><span data-ccp-props=\"{&quot;201341983&quot;:2,&quot;335551550&quot;:6,&quot;335551620&quot;:6,&quot;335559739&quot;:160,&quot;335559740&quot;:100}\">\u00a0<\/span><\/p>\n<p>&nbsp;<\/p>\n","protected":false},"excerpt":{"rendered":"<p><strong>Kuva: <\/strong>Kirsi Manninen, Kirsi Mannisen kotialbumi 2017<\/p>\n","protected":false},"featured_media":3747,"comment_status":"closed","ping_status":"closed","template":"","meta":[],"product_cat":[173,20],"product_tag":[69,70,298],"_links":{"self":[{"href":"https:\/\/www.kellomuseo.fi\/holvi\/wp-json\/wp\/v2\/product\/3746"}],"collection":[{"href":"https:\/\/www.kellomuseo.fi\/holvi\/wp-json\/wp\/v2\/product"}],"about":[{"href":"https:\/\/www.kellomuseo.fi\/holvi\/wp-json\/wp\/v2\/types\/product"}],"replies":[{"embeddable":true,"href":"https:\/\/www.kellomuseo.fi\/holvi\/wp-json\/wp\/v2\/comments?post=3746"}],"wp:featuredmedia":[{"embeddable":true,"href":"https:\/\/www.kellomuseo.fi\/holvi\/wp-json\/wp\/v2\/media\/3747"}],"wp:attachment":[{"href":"https:\/\/www.kellomuseo.fi\/holvi\/wp-json\/wp\/v2\/media?parent=3746"}],"wp:term":[{"taxonomy":"product_cat","embeddable":true,"href":"https:\/\/www.kellomuseo.fi\/holvi\/wp-json\/wp\/v2\/product_cat?post=3746"},{"taxonomy":"product_tag","embeddable":true,"href":"https:\/\/www.kellomuseo.fi\/holvi\/wp-json\/wp\/v2\/product_tag?post=3746"}],"curies":[{"name":"wp","href":"https:\/\/api.w.org\/{rel}","templated":true}]}}