{"id":3744,"date":"2022-01-20T11:37:56","date_gmt":"2022-01-20T09:37:56","guid":{"rendered":"https:\/\/www.kellomuseo.fi\/holvi\/?post_type=product&#038;p=3744"},"modified":"2022-03-09T09:39:50","modified_gmt":"2022-03-09T07:39:50","slug":"mia-maljojoki","status":"publish","type":"product","link":"https:\/\/www.kellomuseo.fi\/holvi\/tuote\/mia-maljojoki\/","title":{"rendered":"Mia Maljojoki"},"content":{"rendered":"<p>&nbsp;<\/p>\n<p><span data-contrast=\"auto\"><strong>Pohjakoulutukseni ja ty\u00f6kokemukseni:<\/strong><\/span><span data-ccp-props=\"{&quot;201341983&quot;:0,&quot;335559739&quot;:160,&quot;335559740&quot;:240}\">\u00a0<\/span><\/p>\n<p><span data-contrast=\"auto\">BFA \u2013jewelry, Massachusetts College of Arts and Design, Boston, USA<\/span><span data-ccp-props=\"{&quot;201341983&quot;:0,&quot;335559739&quot;:160,&quot;335559740&quot;:240}\">\u00a0<\/span><span data-contrast=\"auto\">\u00a0<\/span><\/p>\n<p><span data-contrast=\"auto\">DIPLOM , Art Akademy Munich, Germany<\/span><span data-ccp-props=\"{&quot;201341983&quot;:0,&quot;335559739&quot;:160,&quot;335559740&quot;:240}\">\u00a0<\/span><\/p>\n<p>&nbsp;<\/p>\n<p><span data-contrast=\"auto\"><strong>Mist\u00e4 saat inspiraatiota?\u00a0<\/strong><\/span><span data-ccp-props=\"{&quot;201341983&quot;:0,&quot;335559739&quot;:160,&quot;335559740&quot;:240}\">\u00a0<\/span><\/p>\n<p><span data-contrast=\"auto\">Jokap\u00e4iv\u00e4isest\u00e4 el\u00e4m\u00e4st\u00e4. Mit\u00e4 ja miss\u00e4 maailma menee. <\/span><span data-contrast=\"auto\">And I am inspired by the moods.<\/span><span data-ccp-props=\"{&quot;201341983&quot;:0,&quot;335551550&quot;:6,&quot;335551620&quot;:6,&quot;335559739&quot;:160,&quot;335559740&quot;:240}\">\u00a0<\/span><\/p>\n<p>&nbsp;<\/p>\n<p><span data-contrast=\"none\"><strong>Mitk\u00e4 ovat t\u00e4rkeimpi\u00e4 teemoja t\u00f6iss\u00e4si?<\/strong><\/span><span data-ccp-props=\"{&quot;201341983&quot;:0,&quot;335559739&quot;:160,&quot;335559740&quot;:240}\">\u00a0<\/span><\/p>\n<p><span data-contrast=\"none\">Keho ja sen selviytyminen.<\/span><span data-ccp-props=\"{&quot;201341983&quot;:0,&quot;335559739&quot;:160,&quot;335559740&quot;:240}\">\u00a0<\/span><\/p>\n<p>&nbsp;<\/p>\n<p><span data-contrast=\"auto\"><strong>Kaipaatko rauhaa vai vilin\u00e4\u00e4, miten se n\u00e4kyy arjessasi?<\/strong><\/span><span data-ccp-props=\"{&quot;201341983&quot;:0,&quot;335559739&quot;:160,&quot;335559740&quot;:240}\">\u00a0<\/span><\/p>\n<p><span data-contrast=\"auto\">Kaipaan ihan molempia. Vaihtelu on t\u00e4rke\u00e4\u00e4 minulle. Mutta kun olen syv\u00e4ll\u00e4 keskell\u00e4 tuottamista ja tekemist\u00e4 erakoidun.<\/span><span data-ccp-props=\"{&quot;201341983&quot;:0,&quot;335551550&quot;:6,&quot;335551620&quot;:6,&quot;335559739&quot;:160,&quot;335559740&quot;:240}\">\u00a0<\/span><\/p>\n<p>&nbsp;<\/p>\n<p><span data-contrast=\"auto\"><strong>T\u00e4llainen on ty\u00f6matkani:<\/strong><\/span><span data-ccp-props=\"{&quot;201341983&quot;:0,&quot;335559739&quot;:160,&quot;335559740&quot;:240}\">\u00a0<\/span><\/p>\n<p><span data-contrast=\"auto\">Pakkaan p\u00e4iv\u00e4\u00e4 ennen korut. Otan aina tietokoneen ja ulkoisen kovalevyn mukaan. Luentoa joudun aina edellisen\u00e4 p\u00e4iv\u00e4n\u00e4kin v\u00e4h\u00e4n katsastamaan ja ehk\u00e4 jotain vaihtamaan. Usein reissussa ollessani joudun hoitamaan my\u00f6s muita ty\u00f6asioitani. Kent\u00e4ll\u00e4 minua ollaan vastassa, tapaan aina paljon uusia ihmisi\u00e4. Tarvitsen paljon omaa tilaa eli minulle on t\u00e4rke\u00e4\u00e4, ett\u00e4 illan lopuksi voin menn\u00e4 hotelliin ja \u201dgroup up with myself\u201d ennen seuraavaa p\u00e4iv\u00e4\u00e4. Ja k\u00e4yn illalla l\u00e4pi seuraavan p\u00e4iv\u00e4n asiat.\u00a0<\/span><span data-ccp-props=\"{&quot;201341983&quot;:0,&quot;335551550&quot;:6,&quot;335551620&quot;:6,&quot;335559739&quot;:160,&quot;335559740&quot;:240}\">\u00a0<\/span><\/p>\n<p><span data-contrast=\"auto\">Tykk\u00e4\u00e4n matkustaa. Ja vaikka usein ty\u00f6p\u00e4iv\u00e4t ovat pitki\u00e4 toivon silti n\u00e4kev\u00e4ni jotain uutta, tai ainakin k\u00e4yd\u00e4 k\u00e4velem\u00e4ss\u00e4\u2026 Minulle on t\u00e4rke\u00e4\u00e4 n\u00e4hd\u00e4 hautausmaa ja sauna \u2013 kuinka kehoa kohdellaan.<\/span><span data-ccp-props=\"{&quot;201341983&quot;:0,&quot;335551550&quot;:6,&quot;335551620&quot;:6,&quot;335559739&quot;:160,&quot;335559740&quot;:240}\">\u00a0<\/span><\/p>\n<p>&nbsp;<\/p>\n<p><span data-contrast=\"auto\"><strong>Mik\u00e4 on sinulle paras aika ty\u00f6skennell\u00e4?<\/strong><\/span><span data-ccp-props=\"{&quot;201341983&quot;:0,&quot;335559739&quot;:160,&quot;335559740&quot;:240}\">\u00a0<\/span><span data-contrast=\"auto\">\u00a0<\/span><\/p>\n<p><span data-contrast=\"auto\">Ei ole parasta aikaa. Jokainen p\u00e4iv\u00e4ni on erilainen. Aamusta heti on ihana menn\u00e4 ty\u00f6huoneeseen ja illasta taas my\u00f6s, voin tehd\u00e4 joskus todella my\u00f6h\u00e4\u00e4n t\u00f6it\u00e4 kuunnellen musiikkia.<\/span><span data-ccp-props=\"{&quot;201341983&quot;:0,&quot;335551550&quot;:6,&quot;335551620&quot;:6,&quot;335559739&quot;:160,&quot;335559740&quot;:240}\">\u00a0<\/span><span data-contrast=\"auto\">\u00a0<\/span><\/p>\n<p>&nbsp;<\/p>\n<p><span data-contrast=\"auto\"><strong>Milloin nautit ty\u00f6st\u00e4si?<\/strong><\/span><span data-ccp-props=\"{&quot;201341983&quot;:0,&quot;335559739&quot;:160,&quot;335559740&quot;:240}\">\u00a0<\/span><\/p>\n<p><span data-contrast=\"auto\">\u00a0<\/span><span data-contrast=\"auto\">Aina.<\/span><span data-ccp-props=\"{&quot;201341983&quot;:0,&quot;335559739&quot;:160,&quot;335559740&quot;:240}\">\u00a0<\/span><span data-contrast=\"auto\">\u00a0<\/span><\/p>\n<p>&nbsp;<\/p>\n<p><span data-contrast=\"auto\"><strong>Milloin et nauti ty\u00f6st\u00e4si?<\/strong><\/span><span data-ccp-props=\"{&quot;201341983&quot;:0,&quot;335559739&quot;:160,&quot;335559740&quot;:240}\">\u00a0<\/span><\/p>\n<p><span data-contrast=\"auto\">Kun on monta projektia p\u00e4\u00e4llekk\u00e4in.<\/span><span data-ccp-props=\"{&quot;201341983&quot;:0,&quot;335559739&quot;:160,&quot;335559740&quot;:240}\">\u00a0<\/span><\/p>\n<p>&nbsp;<\/p>\n<p><span data-contrast=\"auto\"><strong>Ty\u00f6huoneeni kolme t\u00e4rkeint\u00e4 esinett\u00e4 + perustelut:<\/strong><\/span><span data-ccp-props=\"{&quot;201341983&quot;:0,&quot;335559739&quot;:160,&quot;335559740&quot;:240}\">\u00a0<\/span><\/p>\n<p><span data-contrast=\"auto\">\u00a0<\/span><span data-contrast=\"auto\">Tarvitsen essun p\u00e4\u00e4lleni, kun rupean ty\u00f6skentelem\u00e4\u00e4n. Siisteys on minulle t\u00e4rke\u00e4\u00e4. Asioiden t\u00e4ytyy olla jonkinlaisessa j\u00e4rjestyksess\u00e4. Tietenkin kun on keskell\u00e4 projektia, niin syntyy sotku mutta se on toimiva sellainen. Jokaisen projektin j\u00e4lkeen siivoan, joskus maalaan my\u00f6s sein\u00e4t, kun kirjoitan niihin my\u00f6s. Ett\u00e4 voin taas aloittaa puhtaalta p\u00f6yd\u00e4lt\u00e4.<\/span><span data-ccp-props=\"{&quot;201341983&quot;:0,&quot;335551550&quot;:6,&quot;335551620&quot;:6,&quot;335559739&quot;:160,&quot;335559740&quot;:240}\">\u00a0<\/span><\/p>\n<p><span data-contrast=\"auto\">Juottotikku on minulle t\u00e4rke\u00e4. Tied\u00e4n, miten sen kanssa toimitaan\u2026 En osaa muita k\u00e4ytt\u00e4\u00e4.<\/span><span data-ccp-props=\"{&quot;201341983&quot;:0,&quot;335551550&quot;:6,&quot;335551620&quot;:6,&quot;335559739&quot;:160,&quot;335559740&quot;:240}\">\u00a0<\/span><\/p>\n<p><span data-contrast=\"auto\">Hyv\u00e4 tunnelma, johon kuuluu valot ja musiikki. Sill\u00e4 luon fiiliksen. Pensselit ovat t\u00e4rkeit\u00e4 my\u00f6s. Nekin pit\u00e4\u00e4 tuntea kuinka ne tekev\u00e4t linjaa tai antavat v\u00e4ri\u00e4.<\/span><span data-ccp-props=\"{&quot;201341983&quot;:0,&quot;335551550&quot;:6,&quot;335551620&quot;:6,&quot;335559739&quot;:160,&quot;335559740&quot;:240}\">\u00a0<\/span><\/p>\n<p><span data-contrast=\"auto\">\u00a0<\/span><\/p>\n<p>&nbsp;<\/p>\n<p>&nbsp;<\/p>\n","protected":false},"excerpt":{"rendered":"<p><strong>Kuva:<\/strong> Mia Miljojoki, Mia Miljojoen kotialbumi 2017<\/p>\n<p>&nbsp;<\/p>\n","protected":false},"featured_media":3745,"comment_status":"closed","ping_status":"closed","template":"","meta":[],"product_cat":[173,20],"product_tag":[69,70,266,298],"_links":{"self":[{"href":"https:\/\/www.kellomuseo.fi\/holvi\/wp-json\/wp\/v2\/product\/3744"}],"collection":[{"href":"https:\/\/www.kellomuseo.fi\/holvi\/wp-json\/wp\/v2\/product"}],"about":[{"href":"https:\/\/www.kellomuseo.fi\/holvi\/wp-json\/wp\/v2\/types\/product"}],"replies":[{"embeddable":true,"href":"https:\/\/www.kellomuseo.fi\/holvi\/wp-json\/wp\/v2\/comments?post=3744"}],"wp:featuredmedia":[{"embeddable":true,"href":"https:\/\/www.kellomuseo.fi\/holvi\/wp-json\/wp\/v2\/media\/3745"}],"wp:attachment":[{"href":"https:\/\/www.kellomuseo.fi\/holvi\/wp-json\/wp\/v2\/media?parent=3744"}],"wp:term":[{"taxonomy":"product_cat","embeddable":true,"href":"https:\/\/www.kellomuseo.fi\/holvi\/wp-json\/wp\/v2\/product_cat?post=3744"},{"taxonomy":"product_tag","embeddable":true,"href":"https:\/\/www.kellomuseo.fi\/holvi\/wp-json\/wp\/v2\/product_tag?post=3744"}],"curies":[{"name":"wp","href":"https:\/\/api.w.org\/{rel}","templated":true}]}}