{"id":3742,"date":"2022-01-20T11:25:47","date_gmt":"2022-01-20T09:25:47","guid":{"rendered":"https:\/\/www.kellomuseo.fi\/holvi\/?post_type=product&#038;p=3742"},"modified":"2022-01-28T10:42:02","modified_gmt":"2022-01-28T08:42:02","slug":"eero-lintusaari","status":"publish","type":"product","link":"https:\/\/www.kellomuseo.fi\/holvi\/tuote\/eero-lintusaari\/","title":{"rendered":"Eero Lintusaari"},"content":{"rendered":"<p>&nbsp;<\/p>\n<p><b><span data-contrast=\"auto\">Pohjakoulutukseni ja ty\u00f6kokemukseni:<\/span><\/b><span data-ccp-props=\"{&quot;201341983&quot;:0,&quot;335559739&quot;:160,&quot;335559740&quot;:240}\">\u00a0<\/span><\/p>\n<p><span data-contrast=\"none\">\u201d Lintusaari on koruntekij\u00e4n\u00e4 pitk\u00e4lti itseoppinut, mik\u00e4 osaltaan selitt\u00e4\u00e4 vapauden irtautua perinteisest\u00e4. Oman tekeminen nojaamatta hyv\u00e4ksi todettuun, vaatii vahvuutta ja mielikuvitusta mutta my\u00f6s riitt\u00e4v\u00e4sti taitoja. Perusoppinsa k\u00e4sill\u00e4 tekemisess\u00e4 Lintusaari sai 1980-luvulla Kuopion k\u00e4si- ja taideteollisen oppilaitoksen tekstiilipuolella, jossa oli mahdollisuus suorittaa erityiskursseja esimerkiksi nahkan ja jalometallien ty\u00f6st\u00e4misest\u00e4. My\u00f6hemmin h\u00e4n t\u00e4ydensi metallitaiteen oppejaan Taideteollisen korkeakoulun iltalinjalla, mutta taidot ovat karttuneet ennen muuta yritt\u00e4misen ja erehtymisen kautta.\u201d<\/span><span data-ccp-props=\"{&quot;335551550&quot;:6,&quot;335551620&quot;:6}\">\u00a0<\/span><\/p>\n<p><i><span data-contrast=\"none\">Taidehistorioitsija, filosofian maisteri, Johanna Vakkari<\/span><\/i><span data-ccp-props=\"{&quot;335551550&quot;:6,&quot;335551620&quot;:6}\">\u00a0<\/span><\/p>\n<p><b><span data-contrast=\"auto\">Mist\u00e4 saat inspiraatiota?<\/span><\/b><b><span data-contrast=\"none\">\u00a0<\/span><\/b><span data-ccp-props=\"{&quot;201341983&quot;:0,&quot;335559739&quot;:160,&quot;335559740&quot;:240}\">\u00a0<\/span><\/p>\n<p><b><span data-contrast=\"none\">Mitk\u00e4 ovat t\u00e4rkeimpi\u00e4 teemoja t\u00f6iss\u00e4si?<\/span><\/b><span data-ccp-props=\"{&quot;201341983&quot;:0,&quot;335559739&quot;:160,&quot;335559740&quot;:240}\">\u00a0<\/span><\/p>\n<p><span data-contrast=\"none\">El\u00e4v\u00e4n el\u00e4m\u00e4n seuraaminen, eri kulttuureissa paljon reissanneena, ty\u00f6skentely lastensuojelun- ja maahanmuuton parissa antavat kyll\u00e4 tarpeeksi ev\u00e4it\u00e4 taiteelliseen ja yhteiskunnalliseen pohdiskeluun. T\u00f6ihini liittyy usein yhteiskunnallinen-, kriittinen teema.<\/span><span data-ccp-props=\"{&quot;201341983&quot;:0,&quot;335551550&quot;:6,&quot;335551620&quot;:6,&quot;335559739&quot;:160,&quot;335559740&quot;:240}\">\u00a0<\/span><\/p>\n<p><b><span data-contrast=\"auto\">Kaipaatko rauhaa vai vilin\u00e4\u00e4, miten se n\u00e4kyy arjessasi?<\/span><\/b><span data-ccp-props=\"{&quot;201341983&quot;:0,&quot;335559739&quot;:160,&quot;335559740&quot;:240}\">\u00a0<\/span><\/p>\n<p><span data-contrast=\"none\">Asun maalla, p\u00e4\u00e4kaupunkiseudulla, Ruuhkan Reunalla. Rauhan vastapainona vilin\u00e4\u00e4 kyll\u00e4 riitt\u00e4\u00e4, vaikka vuosittaisia Sirkusjuhlia pit\u00e4m\u00e4ll\u00e4.<\/span><span data-ccp-props=\"{&quot;201341983&quot;:0,&quot;335551550&quot;:6,&quot;335551620&quot;:6,&quot;335559739&quot;:160,&quot;335559740&quot;:240}\">\u00a0<\/span><\/p>\n<p><b><span data-contrast=\"auto\">T\u00e4llainen on ty\u00f6matkani:<\/span><\/b><span data-contrast=\"none\">\u00a0<\/span><span data-ccp-props=\"{}\">\u00a0<\/span><\/p>\n<p><span data-contrast=\"none\">Ty\u00f6matkani on niinkin eksoottinen, kuin pihan poikki tarpominen. Ty\u00f6huoneeni on hallittu kaaos 16m2, jossa viihdyn erinomaisesti. <\/span><span data-ccp-props=\"{&quot;335551550&quot;:6,&quot;335551620&quot;:6}\">\u00a0<\/span><\/p>\n<p><b><span data-contrast=\"auto\">Mik\u00e4 on sinulle paras aika ty\u00f6skennell\u00e4?<\/span><\/b><span data-contrast=\"none\">\u00a0<\/span><span data-ccp-props=\"{}\">\u00a0<\/span><span data-ccp-props=\"{}\">\u00a0<\/span><\/p>\n<p><span data-contrast=\"none\">T\u00f6it\u00e4 teen m\u00e4\u00e4rittelem\u00e4tt\u00f6m\u00e4sti, joskin pyrkimys on pit\u00e4\u00e4 p\u00e4iv\u00e4rytmi s\u00e4\u00e4nn\u00f6llisen\u00e4.\u00a0<\/span><\/p>\n<p><b><span data-contrast=\"auto\">Milloin nautit ty\u00f6st\u00e4si?<\/span><\/b><span data-ccp-props=\"{&quot;201341983&quot;:0,&quot;335559739&quot;:160,&quot;335559740&quot;:240}\">\u00a0<\/span><\/p>\n<p><b><span data-contrast=\"auto\">Milloin et nauti ty\u00f6st\u00e4si?<\/span><\/b><span data-ccp-props=\"{&quot;201341983&quot;:0,&quot;335559739&quot;:160,&quot;335559740&quot;:240}\">\u00a0<\/span><\/p>\n<p><span data-contrast=\"none\">Kinkkisten ratkaisujen ja pakkotahtisuuden edess\u00e4 koen joskus, etten nauti ty\u00f6st\u00e4ni. Onneksi Harvoin! Niukkaa talouspuolta olen pit\u00e4nyt tasapainossa koko taiteellisen urani vaihtelevilla, ei-tyypillisill\u00e4 p\u00e4tk\u00e4t\u00f6ill\u00e4, \u201dmit\u00e4-vain-periaatteella\u201d mm. ty\u00f6skentelem\u00e4ll\u00e4 lastensuojelussa, vastaanottokeskuksissa, ala-asteilla, kursseilla, luennoilla&#8230;\u201d Teen ty\u00f6t\u00e4 saadakseni tehd\u00e4 ty\u00f6t\u00e4\u201d on ollut mottoni.<\/span><span data-ccp-props=\"{&quot;335551550&quot;:6,&quot;335551620&quot;:6}\">\u00a0<\/span><\/p>\n<p><b><span data-contrast=\"auto\">Ty\u00f6huoneeni kolme t\u00e4rkeint\u00e4 esinett\u00e4 + perustelut:<\/span><\/b><span data-ccp-props=\"{&quot;201341983&quot;:0,&quot;335559739&quot;:160,&quot;335559740&quot;:240}\">\u00a0<\/span><\/p>\n<p><span data-contrast=\"none\">Porin-Matti -kamina, stereot, kyn\u00e4&amp;paperi sen enemp\u00e4\u00e4 selittelem\u00e4tt\u00e4&#8230;<\/span><span data-ccp-props=\"{&quot;335551550&quot;:6,&quot;335551620&quot;:6}\">\u00a0<\/span><\/p>\n<p><span data-ccp-props=\"{&quot;201341983&quot;:0,&quot;335551550&quot;:6,&quot;335551620&quot;:6,&quot;335559739&quot;:160,&quot;335559740&quot;:240}\">\u00a0<\/span><\/p>\n","protected":false},"excerpt":{"rendered":"<p><strong>Kuva:<\/strong> Eero Lintusaari,<strong>\u00a0<\/strong>Eero Lintusaaren kotialbumi 2017<\/p>\n<p>&nbsp;<\/p>\n","protected":false},"featured_media":3743,"comment_status":"closed","ping_status":"closed","template":"","meta":[],"product_cat":[173,20],"product_tag":[69,70,266],"_links":{"self":[{"href":"https:\/\/www.kellomuseo.fi\/holvi\/wp-json\/wp\/v2\/product\/3742"}],"collection":[{"href":"https:\/\/www.kellomuseo.fi\/holvi\/wp-json\/wp\/v2\/product"}],"about":[{"href":"https:\/\/www.kellomuseo.fi\/holvi\/wp-json\/wp\/v2\/types\/product"}],"replies":[{"embeddable":true,"href":"https:\/\/www.kellomuseo.fi\/holvi\/wp-json\/wp\/v2\/comments?post=3742"}],"wp:featuredmedia":[{"embeddable":true,"href":"https:\/\/www.kellomuseo.fi\/holvi\/wp-json\/wp\/v2\/media\/3743"}],"wp:attachment":[{"href":"https:\/\/www.kellomuseo.fi\/holvi\/wp-json\/wp\/v2\/media?parent=3742"}],"wp:term":[{"taxonomy":"product_cat","embeddable":true,"href":"https:\/\/www.kellomuseo.fi\/holvi\/wp-json\/wp\/v2\/product_cat?post=3742"},{"taxonomy":"product_tag","embeddable":true,"href":"https:\/\/www.kellomuseo.fi\/holvi\/wp-json\/wp\/v2\/product_tag?post=3742"}],"curies":[{"name":"wp","href":"https:\/\/api.w.org\/{rel}","templated":true}]}}