{"id":3740,"date":"2022-01-20T11:07:41","date_gmt":"2022-01-20T09:07:41","guid":{"rendered":"https:\/\/www.kellomuseo.fi\/holvi\/?post_type=product&#038;p=3740"},"modified":"2022-01-28T10:41:18","modified_gmt":"2022-01-28T08:41:18","slug":"tytti-lindstrom","status":"publish","type":"product","link":"https:\/\/www.kellomuseo.fi\/holvi\/tuote\/tytti-lindstrom\/","title":{"rendered":"Tytti Lindstr\u00f6m"},"content":{"rendered":"<p>&nbsp;<\/p>\n<p><span data-contrast=\"auto\"><strong>Pohjakoulutukseni\u00a0<\/strong><\/span><span data-ccp-props=\"{&quot;201341983&quot;:0,&quot;335559739&quot;:160,&quot;335559740&quot;:240}\">\u00a0<\/span><span data-contrast=\"auto\"><strong>ja ty\u00f6kokemukseni:<\/strong><\/span><span data-ccp-props=\"{&quot;201341983&quot;:0,&quot;335559739&quot;:160,&quot;335559740&quot;:240}\">\u00a0<\/span><\/p>\n<p><span data-contrast=\"auto\">\u00a0<\/span><span data-contrast=\"auto\">Muotoilija AMK, Kuopion Muotoiluakatemia 2003<\/span><span data-ccp-props=\"{&quot;201341983&quot;:0,&quot;335551550&quot;:6,&quot;335551620&quot;:6,&quot;335559739&quot;:160,&quot;335559740&quot;:259}\">\u00a0<\/span><\/p>\n<p><span data-contrast=\"auto\">\u00a0<\/span><span data-contrast=\"auto\">Kallaveden lukio, Kuopio 1999<\/span><span data-ccp-props=\"{&quot;201341983&quot;:0,&quot;335551550&quot;:6,&quot;335551620&quot;:6,&quot;335559739&quot;:160,&quot;335559740&quot;:259}\">\u00a0<\/span><\/p>\n<p><span data-contrast=\"auto\">\u00a0<\/span><\/p>\n<p><span data-contrast=\"auto\"><strong>Mist\u00e4 saat inspiraatiota?\u00a0<\/strong><\/span><span data-ccp-props=\"{&quot;201341983&quot;:0,&quot;335559739&quot;:160,&quot;335559740&quot;:240}\">\u00a0<\/span><\/p>\n<p><span data-contrast=\"auto\">Maailmassa on aivan liikaa kiinnostavia ja innostavia asioita rajalliseen aikaan n\u00e4hden. Yksi merkitt\u00e4vimmist\u00e4 inspiraation l\u00e4hteist\u00e4 on luonto, niin ulkona kuin sis\u00e4ll\u00e4kin &#8211;\u00a0 viherkasvit ovat valtaamassa vuosi vuodelta yh\u00e4 isompaa osaa kodistani ja ty\u00f6huoneestani. Inspiroidun yht\u00e4lailla urbaanista, rakennetusta ymp\u00e4rist\u00f6st\u00e4 ja sen \u00f6isist\u00e4 valoista, elektronisen musiikin sykkeest\u00e4. Olen aina tuntenut suurta vieh\u00e4tyst\u00e4 vastakohtiin.<\/span><span data-ccp-props=\"{&quot;201341983&quot;:0,&quot;335551550&quot;:6,&quot;335551620&quot;:6,&quot;335559739&quot;:160,&quot;335559740&quot;:259}\">\u00a0<\/span><\/p>\n<p><span data-contrast=\"none\">\u00a0<\/span><\/p>\n<p><span data-contrast=\"none\"><strong>Mitk\u00e4 ovat t\u00e4rkeimpi\u00e4 teemoja t\u00f6iss\u00e4si?<\/strong><\/span><span data-ccp-props=\"{&quot;201341983&quot;:0,&quot;335559739&quot;:160,&quot;335559740&quot;:240}\">\u00a0<\/span><\/p>\n<p><span data-contrast=\"auto\">Koruilleni on luonteenomaista abstrakti muoto, monik\u00e4ytt\u00f6isyys sek\u00e4 korujen rakenteen keveys. Joskus leikittelen koruissani esitt\u00e4v\u00e4n ja abstraktin rajapinnalla \u2013 pid\u00e4n m\u00e4\u00e4rittelem\u00e4tt\u00f6myydest\u00e4, harmaista alueista. Intohimonani on rakentaa koruista kangasmaisen soljuvia ja niiss\u00e4 onkin usein roikkuvia osia, jotka her\u00e4\u00e4v\u00e4t eloon liikkeess\u00e4. Korujeni p\u00e4\u00e4materiaali on hopea, jota yhdist\u00e4n v\u00e4lill\u00e4 my\u00f6s muihin kiinnostaviin materiaaleihin, kuten keramiikkaan ja puuhun.<\/span><span data-ccp-props=\"{&quot;201341983&quot;:0,&quot;335551550&quot;:6,&quot;335551620&quot;:6,&quot;335559739&quot;:160,&quot;335559740&quot;:259}\">\u00a0<\/span><\/p>\n<p><span data-contrast=\"none\">\u00a0<\/span><\/p>\n<p><span data-contrast=\"auto\"><strong>Kaipaatko rauhaa vai vilin\u00e4\u00e4, miten se n\u00e4kyy arjessasi?<\/strong><\/span><span data-ccp-props=\"{&quot;201341983&quot;:0,&quot;335559739&quot;:160,&quot;335559740&quot;:240}\">\u00a0<\/span><\/p>\n<p><span data-contrast=\"auto\">Olen aika tyylipuhdas introvertti, joka nauttii omasta rauhasta sek\u00e4 kotona ett\u00e4 ty\u00f6huoneella. Korujen tekemisen ohella muut ty\u00f6ni edellytt\u00e4v\u00e4t sosiaalisuutta ja kompromisseja, joten yksin ty\u00f6skentely omalla ty\u00f6huoneella sopii paremmin kuin hyvin.<\/span><span data-ccp-props=\"{&quot;201341983&quot;:0,&quot;335551550&quot;:6,&quot;335551620&quot;:6,&quot;335559739&quot;:160,&quot;335559740&quot;:259}\">\u00a0<\/span><\/p>\n<p><span data-contrast=\"none\">\u00a0<\/span><\/p>\n<p><span data-contrast=\"auto\"><strong>T\u00e4llainen on ty\u00f6matkani:<\/strong><\/span><span data-ccp-props=\"{&quot;201341983&quot;:0,&quot;335559739&quot;:160,&quot;335559740&quot;:240}\">\u00a0<\/span><\/p>\n<p><span data-contrast=\"auto\">Suurimman osan vuodesta nappaan py\u00f6r\u00e4kellarista raskastekoisen py\u00f6r\u00e4ni, jolla matkaan ty\u00f6huoneelle 4 km mittaisen ty\u00f6matkan yll\u00e4pit\u00e4en samalla kuntoani. Talvella kuljen bussilla.<\/span><span data-ccp-props=\"{&quot;201341983&quot;:0,&quot;335551550&quot;:6,&quot;335551620&quot;:6,&quot;335559739&quot;:160,&quot;335559740&quot;:259}\">\u00a0<\/span><\/p>\n<p><span data-contrast=\"auto\">\u00a0<\/span><\/p>\n<p><span data-contrast=\"auto\"><strong>Mik\u00e4 on sinulle paras aika ty\u00f6skennell\u00e4?<\/strong><\/span><span data-ccp-props=\"{&quot;201341983&quot;:0,&quot;335559739&quot;:160,&quot;335559740&quot;:240}\">\u00a0<\/span><\/p>\n<p><span data-contrast=\"auto\">Pid\u00e4n p\u00e4iv\u00e4nvalosta, vaikken aamuvirkku olekaan. Pyrin aloittamaan ty\u00f6t viimeist\u00e4\u00e4n klo 12, mutta tehokkain ty\u00f6skentelyaika alkaa iltap\u00e4iv\u00e4st\u00e4.<\/span><span data-ccp-props=\"{&quot;201341983&quot;:0,&quot;335551550&quot;:6,&quot;335551620&quot;:6,&quot;335559739&quot;:160,&quot;335559740&quot;:259}\">\u00a0<\/span><\/p>\n<p><span data-contrast=\"auto\">\u00a0<\/span><\/p>\n<p><span data-contrast=\"auto\"><strong>Milloin nautit ty\u00f6st\u00e4si?<\/strong><\/span><span data-ccp-props=\"{&quot;201341983&quot;:0,&quot;335559739&quot;:160,&quot;335559740&quot;:240}\">\u00a0<\/span><\/p>\n<p><span data-contrast=\"auto\">Nautin ty\u00f6huoneella olosta erityisesti kes\u00e4ll\u00e4, kun valoa riitt\u00e4\u00e4 pitkin p\u00e4iv\u00e4\u00e4. Kun olen p\u00e4iv\u00e4n aluksi onnistunut keitt\u00e4m\u00e4\u00e4n kupillisen todella hyv\u00e4\u00e4 kahvia, auringonvalo siivil\u00f6ityy kauniisti avoimista ikkunoista sis\u00e4\u00e4n ja ulkoa kantautuu vanhalla tiilisein\u00e4ll\u00e4 levi\u00e4v\u00e4ss\u00e4 villiviiniss\u00e4 majailevien varpusperheen tsirp-\u00e4\u00e4ni\u00e4.<\/span><span data-ccp-props=\"{&quot;201341983&quot;:0,&quot;335551550&quot;:6,&quot;335551620&quot;:6,&quot;335559739&quot;:160,&quot;335559740&quot;:259}\">\u00a0<\/span><\/p>\n<p><span data-contrast=\"auto\"><strong>Milloin et nauti ty\u00f6st\u00e4si?<\/strong><\/span><span data-ccp-props=\"{&quot;201341983&quot;:0,&quot;335559739&quot;:160,&quot;335559740&quot;:240}\">\u00a0<\/span><\/p>\n<p><span data-contrast=\"auto\">Viikkoni ovat usein hyvin sirpaleisia ja sinne t\u00e4nne hajasijoitetut ty\u00f6huonep\u00e4iv\u00e4t saavat yleens\u00e4 vain vihaiseksi. Ep\u00e4kiitollisimpia ovat ne hetket, kun huomaat taas kerran j\u00e4rjest\u00e4neesi silppuviikkoja, vaikka niin monta kertaa p\u00e4\u00e4tit tekev\u00e4si ensi kerralla toisin.<\/span><span data-ccp-props=\"{&quot;201341983&quot;:0,&quot;335551550&quot;:6,&quot;335551620&quot;:6,&quot;335559739&quot;:160,&quot;335559740&quot;:259}\">\u00a0<\/span><\/p>\n<p><span data-contrast=\"auto\"><strong>Ty\u00f6huoneeni kolme t\u00e4rkeint\u00e4 esinett\u00e4 + perustelut:<\/strong><\/span><span data-ccp-props=\"{&quot;201341983&quot;:0,&quot;335559739&quot;:160,&quot;335559740&quot;:240}\">\u00a0<\/span><\/p>\n<p><span data-contrast=\"auto\">T\u00e4rkein on ehdottomasti kaunis ja k\u00e4teensopiva kahvimuki, sill\u00e4 p\u00e4iv\u00e4n ensimm\u00e4inen rutiinini on kahvin keitt\u00e4minen. Tulevan p\u00e4iv\u00e4n suunnittelu alkaa l\u00e4hes poikkeuksetta istahtamalla pehme\u00e4lle sohvalle (joka on muuten se toiseksi t\u00e4rkein esine) kahvista nautiskellen. Kolmas t\u00e4rke\u00e4 esine on radio, joka \u00e4\u00e4nill\u00e4\u00e4n luo riitt\u00e4v\u00e4n illuusion sosiaalisuudesta ty\u00f6huoneen omaan rauhaan.<\/span><span data-ccp-props=\"{&quot;201341983&quot;:0,&quot;335551550&quot;:6,&quot;335551620&quot;:6,&quot;335559739&quot;:160,&quot;335559740&quot;:259}\">\u00a0<\/span><\/p>\n<p>&nbsp;<\/p>\n","protected":false},"excerpt":{"rendered":"<p><strong>Kuva:<\/strong> Tytti Lindstr\u00f6m, Tytti Lindstr\u00f6min kotialbumi 2017<\/p>\n<p>&nbsp;<\/p>\n","protected":false},"featured_media":3741,"comment_status":"closed","ping_status":"closed","template":"","meta":[],"product_cat":[173,20],"product_tag":[69,70,266],"_links":{"self":[{"href":"https:\/\/www.kellomuseo.fi\/holvi\/wp-json\/wp\/v2\/product\/3740"}],"collection":[{"href":"https:\/\/www.kellomuseo.fi\/holvi\/wp-json\/wp\/v2\/product"}],"about":[{"href":"https:\/\/www.kellomuseo.fi\/holvi\/wp-json\/wp\/v2\/types\/product"}],"replies":[{"embeddable":true,"href":"https:\/\/www.kellomuseo.fi\/holvi\/wp-json\/wp\/v2\/comments?post=3740"}],"wp:featuredmedia":[{"embeddable":true,"href":"https:\/\/www.kellomuseo.fi\/holvi\/wp-json\/wp\/v2\/media\/3741"}],"wp:attachment":[{"href":"https:\/\/www.kellomuseo.fi\/holvi\/wp-json\/wp\/v2\/media?parent=3740"}],"wp:term":[{"taxonomy":"product_cat","embeddable":true,"href":"https:\/\/www.kellomuseo.fi\/holvi\/wp-json\/wp\/v2\/product_cat?post=3740"},{"taxonomy":"product_tag","embeddable":true,"href":"https:\/\/www.kellomuseo.fi\/holvi\/wp-json\/wp\/v2\/product_tag?post=3740"}],"curies":[{"name":"wp","href":"https:\/\/api.w.org\/{rel}","templated":true}]}}