{"id":3661,"date":"2022-01-19T13:07:46","date_gmt":"2022-01-19T11:07:46","guid":{"rendered":"https:\/\/www.kellomuseo.fi\/holvi\/?post_type=product&#038;p=3661"},"modified":"2022-01-28T10:33:00","modified_gmt":"2022-01-28T08:33:00","slug":"elina-honkanen","status":"publish","type":"product","link":"https:\/\/www.kellomuseo.fi\/holvi\/tuote\/elina-honkanen\/","title":{"rendered":"Elina Honkanen"},"content":{"rendered":"<p>&nbsp;<\/p>\n<p><b><span data-contrast=\"auto\">Pohjakoulutukseni ja ty\u00f6kokemukseni:<\/span><\/b><span data-ccp-props=\"{&quot;201341983&quot;:0,&quot;335559739&quot;:160,&quot;335559740&quot;:240}\">\u00a0<\/span><\/p>\n<p><span data-ccp-props=\"{&quot;201341983&quot;:0,&quot;335559739&quot;:160,&quot;335559740&quot;:240}\">\u00a0<\/span><\/p>\n<p><span data-contrast=\"auto\">Muotoilija 2016<\/span><span data-ccp-props=\"{&quot;201341983&quot;:0,&quot;335559739&quot;:160,&quot;335559740&quot;:240}\">\u00a0<\/span><\/p>\n<p><span data-ccp-props=\"{&quot;201341983&quot;:0,&quot;335559739&quot;:160,&quot;335559740&quot;:240}\">\u00a0<\/span><\/p>\n<p><span data-contrast=\"auto\">Kuvataiteilija 2007<\/span><span data-ccp-props=\"{&quot;201341983&quot;:0,&quot;335559739&quot;:160,&quot;335559740&quot;:240}\">\u00a0<\/span><\/p>\n<p><span data-ccp-props=\"{&quot;201341983&quot;:0,&quot;335559739&quot;:160,&quot;335559740&quot;:240}\">\u00a0<\/span><\/p>\n<p><span data-contrast=\"auto\">Ylioppilas 2003<\/span><span data-ccp-props=\"{&quot;201341983&quot;:0,&quot;335559739&quot;:160,&quot;335559740&quot;:240}\">\u00a0<\/span><\/p>\n<p><span data-ccp-props=\"{&quot;201341983&quot;:0,&quot;335559739&quot;:160,&quot;335559740&quot;:240}\">\u00a0<\/span><\/p>\n<p><b><span data-contrast=\"auto\">Mist\u00e4 saat inspiraatiota?<\/span><\/b><b><span data-contrast=\"none\">\u00a0<\/span><\/b><span data-ccp-props=\"{&quot;201341983&quot;:0,&quot;335559739&quot;:160,&quot;335559740&quot;:240}\">\u00a0<\/span><\/p>\n<p><span data-ccp-props=\"{&quot;201341983&quot;:0,&quot;335559739&quot;:160,&quot;335559740&quot;:240}\">\u00a0<\/span><\/p>\n<p><span data-contrast=\"auto\">Kaikesta, mit\u00e4 ymp\u00e4rill\u00e4ni tapahtuu. Eniten minua kiinnostavat ja inspiroivat hetket, kun jokin on muuttumassa, siirtym\u00e4ss\u00e4 toisenlaiseen olemisen muotoon. Kun olen aloittamassa uutta, tarvitsen rauhaa ja omaa tilaa p\u00e4\u00e4st\u00e4kseni oikeanlaiseen tunnelmaan. Sitten alan yleens\u00e4 kirjoittaa jonkinlaista ajatuksien virtaa yl\u00f6s ja sen pohjalta syntyy konsepti uuteen kokonaisuuteen. K\u00e4sittelen aiheitani sarjoina, eli teen usein monta ty\u00f6t\u00e4 liittyen samaan teemaan. Tekniset ratkaisut tulevat mieleen useimmiten aivan arkisissa tilanteissa &#8211; suihkussa, k\u00e4velless\u00e4, leip\u00e4\u00e4 voidellessa.<\/span><span data-ccp-props=\"{&quot;201341983&quot;:0,&quot;335551550&quot;:6,&quot;335551620&quot;:6,&quot;335559739&quot;:160,&quot;335559740&quot;:240}\">\u00a0<\/span><\/p>\n<p><span data-ccp-props=\"{&quot;201341983&quot;:0,&quot;335559739&quot;:160,&quot;335559740&quot;:240}\">\u00a0<\/span><\/p>\n<p><b><span data-contrast=\"none\">Mitk\u00e4 ovat t\u00e4rkeimpi\u00e4 teemoja t\u00f6iss\u00e4si?<\/span><\/b><span data-ccp-props=\"{&quot;201341983&quot;:0,&quot;335559739&quot;:160,&quot;335559740&quot;:240}\">\u00a0<\/span><\/p>\n<p><span data-ccp-props=\"{&quot;201341983&quot;:0,&quot;335559739&quot;:160,&quot;335559740&quot;:240}\">\u00a0<\/span><\/p>\n<p><span data-contrast=\"none\">Olen huomannut k\u00e4sittelev\u00e4ni toistuvasti lohdullisuutta, inhimillisyytt\u00e4 ja ehk\u00e4 rohkeuttakin t\u00f6iss\u00e4ni. T\u00e4m\u00e4 ei ole niink\u00e4\u00e4n tietoinen asia, vaan l\u00e4hinn\u00e4 jotakin, mit\u00e4 alitajuntani pit\u00e4\u00e4 pinnalla. Olen antanut itselleni vapauden kuunnella sit\u00e4.<\/span><span data-ccp-props=\"{&quot;201341983&quot;:0,&quot;335551550&quot;:6,&quot;335551620&quot;:6,&quot;335559739&quot;:160,&quot;335559740&quot;:240}\">\u00a0<\/span><\/p>\n<p><span data-ccp-props=\"{&quot;201341983&quot;:0,&quot;335559739&quot;:160,&quot;335559740&quot;:240}\">\u00a0<\/span><\/p>\n<p><b><span data-contrast=\"auto\">Kaipaatko rauhaa vai vilin\u00e4\u00e4, miten se n\u00e4kyy arjessasi?<\/span><\/b><span data-ccp-props=\"{&quot;201341983&quot;:0,&quot;335559739&quot;:160,&quot;335559740&quot;:240}\">\u00a0<\/span><\/p>\n<p><span data-ccp-props=\"{&quot;201341983&quot;:0,&quot;335551550&quot;:6,&quot;335551620&quot;:6,&quot;335559739&quot;:160,&quot;335559740&quot;:240}\">\u00a0<\/span><\/p>\n<p><span data-contrast=\"auto\">Kaipaan rauhaa ja vilin\u00e4\u00e4 molempia sopivassa suhteessa. Asun Helsingiss\u00e4 ja el\u00e4v\u00e4inen kaupunkiymp\u00e4rist\u00f6 tekee minut onnelliseksi. Tulen kuitenkin kovin stressaantuneeksi, jos kalenterissa on liikaa menoja. Minulle on t\u00e4rke\u00e4\u00e4 viett\u00e4\u00e4 paljon aikaa kotona ilman suunnitelmia.<\/span><span data-ccp-props=\"{&quot;201341983&quot;:0,&quot;335551550&quot;:6,&quot;335551620&quot;:6,&quot;335559739&quot;:160,&quot;335559740&quot;:240}\">\u00a0<\/span><\/p>\n<p><span data-ccp-props=\"{&quot;201341983&quot;:0,&quot;335559739&quot;:160,&quot;335559740&quot;:240}\">\u00a0<\/span><\/p>\n<p><b><span data-contrast=\"auto\">T\u00e4llainen on ty\u00f6matkani:<\/span><\/b><span data-ccp-props=\"{&quot;201341983&quot;:0,&quot;335559739&quot;:160,&quot;335559740&quot;:240}\">\u00a0<\/span><\/p>\n<p><span data-ccp-props=\"{&quot;201341983&quot;:0,&quot;335559739&quot;:160,&quot;335559740&quot;:240}\">\u00a0<\/span><\/p>\n<p><span data-contrast=\"auto\">Istahdan ratikkaan ja ajelen sill\u00e4 ty\u00f6huoneelleni etel\u00e4iselle puolelle kaupunkia.<\/span><span data-ccp-props=\"{&quot;201341983&quot;:0,&quot;335551550&quot;:6,&quot;335551620&quot;:6,&quot;335559739&quot;:160,&quot;335559740&quot;:240}\">\u00a0<\/span><\/p>\n<p><span data-ccp-props=\"{&quot;201341983&quot;:0,&quot;335559739&quot;:160,&quot;335559740&quot;:240}\">\u00a0<\/span><\/p>\n<p><b><span data-contrast=\"auto\">Mik\u00e4 on sinulle paras aika ty\u00f6skennell\u00e4?<\/span><\/b><span data-ccp-props=\"{&quot;201341983&quot;:0,&quot;335559739&quot;:160,&quot;335559740&quot;:240}\">\u00a0<\/span><\/p>\n<p><span data-ccp-props=\"{&quot;201341983&quot;:0,&quot;335551550&quot;:6,&quot;335551620&quot;:6,&quot;335559739&quot;:160,&quot;335559740&quot;:240}\">\u00a0<\/span><\/p>\n<p><span data-contrast=\"auto\">Aamup\u00e4iv\u00e4n tunnit tuntuvat olevan minulle tuottoisinta aikaa, iltap\u00e4iv\u00e4ll\u00e4 mieli alkaa jo hiukan harhailla. Minulla on siis aika s\u00e4\u00e4nn\u00f6llinen ty\u00f6rytmi: aamulla ty\u00f6huoneelle ja iltap\u00e4iv\u00e4ll\u00e4 kotiin.<\/span><span data-ccp-props=\"{&quot;201341983&quot;:0,&quot;335551550&quot;:6,&quot;335551620&quot;:6,&quot;335559739&quot;:160,&quot;335559740&quot;:240}\">\u00a0<\/span><\/p>\n<p><span data-ccp-props=\"{&quot;201341983&quot;:0,&quot;335559739&quot;:160,&quot;335559740&quot;:240}\">\u00a0<\/span><\/p>\n<p><b><span data-contrast=\"auto\">Milloin nautit ty\u00f6st\u00e4si?<\/span><\/b><span data-ccp-props=\"{&quot;201341983&quot;:0,&quot;335559739&quot;:160,&quot;335559740&quot;:240}\">\u00a0<\/span><\/p>\n<p><span data-ccp-props=\"{&quot;201341983&quot;:0,&quot;335559739&quot;:160,&quot;335559740&quot;:240}\">\u00a0<\/span><\/p>\n<p><span data-contrast=\"auto\">Melkein kaikki asiat ty\u00f6ss\u00e4ni ovat suosikkejani! Tykk\u00e4\u00e4n siit\u00e4 tunteesta, kun prosessin alussa kaikki on vasta hahmotonta ja mahdollisuudet ovat rajattomat. Toisaalta joinain p\u00e4ivin\u00e4 taas oikein odotan sit\u00e4, ett\u00e4 ohjelmassa on vain ty\u00f6vaiheita, jotka ovat pelkk\u00e4\u00e4 k\u00e4sity\u00f6t\u00e4, eiv\u00e4tk\u00e4 sis\u00e4ll\u00e4 sen enempi\u00e4 luovia prosesseja. Silloin aivot saavat lepoa.<\/span><span data-ccp-props=\"{&quot;201341983&quot;:0,&quot;335551550&quot;:6,&quot;335551620&quot;:6,&quot;335559739&quot;:160,&quot;335559740&quot;:240}\">\u00a0<\/span><\/p>\n<p><span data-ccp-props=\"{&quot;201341983&quot;:0,&quot;335551550&quot;:6,&quot;335551620&quot;:6,&quot;335559739&quot;:160,&quot;335559740&quot;:240}\">\u00a0<\/span><\/p>\n<p><b><span data-contrast=\"auto\">Milloin et nauti ty\u00f6st\u00e4si?<\/span><\/b><span data-ccp-props=\"{&quot;201341983&quot;:0,&quot;335559739&quot;:160,&quot;335559740&quot;:240}\">\u00a0<\/span><\/p>\n<p><span data-ccp-props=\"{&quot;201341983&quot;:0,&quot;335559739&quot;:160,&quot;335559740&quot;:240}\">\u00a0<\/span><\/p>\n<p><span data-contrast=\"auto\">Tekniset ep\u00e4onnistumiset ovat turhauttavia, koska niihin kuluu turhaan aikaa ja resursseja. Toisaalta yleens\u00e4 kaikista ep\u00e4onnistumisista oppii jotain ja tietysti onnistuminen pitk\u00e4n tahkoamisen j\u00e4lkeen tuntuu viel\u00e4kin paremmalta.<\/span><span data-ccp-props=\"{&quot;201341983&quot;:0,&quot;335551550&quot;:6,&quot;335551620&quot;:6,&quot;335559739&quot;:160,&quot;335559740&quot;:240}\">\u00a0<\/span><\/p>\n<p><span data-ccp-props=\"{&quot;201341983&quot;:0,&quot;335559739&quot;:160,&quot;335559740&quot;:240}\">\u00a0<\/span><\/p>\n<p><b><span data-contrast=\"auto\">Ty\u00f6huoneeni kolme t\u00e4rkeint\u00e4 esinett\u00e4 + perustelut:<\/span><\/b><span data-ccp-props=\"{&quot;201341983&quot;:0,&quot;335559739&quot;:160,&quot;335559740&quot;:240}\">\u00a0<\/span><\/p>\n<p><span data-ccp-props=\"{&quot;201341983&quot;:0,&quot;335559739&quot;:160,&quot;335559740&quot;:240}\">\u00a0<\/span><\/p>\n<p><span data-contrast=\"auto\">Ty\u00f6p\u00f6yt\u00e4ni. Se on iso ja sotkuinen ja k\u00e4tkee sis\u00e4\u00e4ns\u00e4 suuren m\u00e4\u00e4r\u00e4n erilaista s\u00e4l\u00e4\u00e4. P\u00f6yd\u00e4n \u00e4\u00e4ress\u00e4 tapahtuvat kaikki taiteelliseen ty\u00f6h\u00f6ni liittyv\u00e4t asiat. Ty\u00f6huoneellani on minun lis\u00e4kseni yhdeks\u00e4n muuta tekij\u00e4\u00e4 ja ty\u00f6p\u00f6yt\u00e4ni rajaa minulle huoneen nurkkaan pienen kotoisan tilan.<\/span><span data-ccp-props=\"{&quot;201341983&quot;:0,&quot;335551550&quot;:6,&quot;335551620&quot;:6,&quot;335559739&quot;:160,&quot;335559740&quot;:240}\">\u00a0<\/span><\/p>\n<p><span data-ccp-props=\"{&quot;201341983&quot;:0,&quot;335551550&quot;:6,&quot;335551620&quot;:6,&quot;335559739&quot;:160,&quot;335559740&quot;:240}\">\u00a0<\/span><\/p>\n<p><span data-contrast=\"auto\">Mikromoottori. K\u00e4yt\u00f6ss\u00e4 melkein joka p\u00e4iv\u00e4. K\u00e4yt\u00e4n teoksissani paljon erilaisia materiaaleja ja ter\u00e4\u00e4 vaihtamalla mikromoottori soveltuu l\u00e4hes kaiken ty\u00f6st\u00e4miseen.\u00a0<\/span><span data-ccp-props=\"{&quot;201341983&quot;:0,&quot;335551550&quot;:6,&quot;335551620&quot;:6,&quot;335559739&quot;:160,&quot;335559740&quot;:240}\">\u00a0<\/span><\/p>\n<p><span data-ccp-props=\"{&quot;201341983&quot;:0,&quot;335551550&quot;:6,&quot;335551620&quot;:6,&quot;335559739&quot;:160,&quot;335559740&quot;:240}\">\u00a0<\/span><\/p>\n<p><span data-contrast=\"auto\">Hammasl\u00e4\u00e4k\u00e4rin raaputinty\u00f6kalu. En tied\u00e4 mik\u00e4 on t\u00e4m\u00e4n esineen oikea nimi, mutta se on eritt\u00e4in monik\u00e4ytt\u00f6inen. Siin\u00e4 on kummassakin p\u00e4\u00e4ss\u00e4 ter\u00e4ksiset piikit, jotka taipuvat eri suuntiin. T\u00e4m\u00e4 ty\u00f6kalu ratkaisee yleens\u00e4 ongelman kuin ongelman ja olen kaiken lis\u00e4ksi saanut sen lahjaksi rakkaalta yst\u00e4v\u00e4lt\u00e4.\u00a0<\/span><span data-ccp-props=\"{&quot;201341983&quot;:0,&quot;335551550&quot;:6,&quot;335551620&quot;:6,&quot;335559739&quot;:160,&quot;335559740&quot;:240}\">\u00a0<\/span><\/p>\n","protected":false},"excerpt":{"rendered":"<p><strong>Kuva:<\/strong> Elina Honkanen,Elina Honkasen kotialbumi 2017<\/p>\n<p>&nbsp;<\/p>\n","protected":false},"featured_media":3710,"comment_status":"closed","ping_status":"closed","template":"","meta":[],"product_cat":[173,20],"product_tag":[69,70,266],"_links":{"self":[{"href":"https:\/\/www.kellomuseo.fi\/holvi\/wp-json\/wp\/v2\/product\/3661"}],"collection":[{"href":"https:\/\/www.kellomuseo.fi\/holvi\/wp-json\/wp\/v2\/product"}],"about":[{"href":"https:\/\/www.kellomuseo.fi\/holvi\/wp-json\/wp\/v2\/types\/product"}],"replies":[{"embeddable":true,"href":"https:\/\/www.kellomuseo.fi\/holvi\/wp-json\/wp\/v2\/comments?post=3661"}],"wp:featuredmedia":[{"embeddable":true,"href":"https:\/\/www.kellomuseo.fi\/holvi\/wp-json\/wp\/v2\/media\/3710"}],"wp:attachment":[{"href":"https:\/\/www.kellomuseo.fi\/holvi\/wp-json\/wp\/v2\/media?parent=3661"}],"wp:term":[{"taxonomy":"product_cat","embeddable":true,"href":"https:\/\/www.kellomuseo.fi\/holvi\/wp-json\/wp\/v2\/product_cat?post=3661"},{"taxonomy":"product_tag","embeddable":true,"href":"https:\/\/www.kellomuseo.fi\/holvi\/wp-json\/wp\/v2\/product_tag?post=3661"}],"curies":[{"name":"wp","href":"https:\/\/api.w.org\/{rel}","templated":true}]}}