{"id":3643,"date":"2022-01-19T12:03:26","date_gmt":"2022-01-19T10:03:26","guid":{"rendered":"https:\/\/www.kellomuseo.fi\/holvi\/?post_type=product&#038;p=3643"},"modified":"2022-01-26T13:18:52","modified_gmt":"2022-01-26T11:18:52","slug":"ornamo","status":"publish","type":"product","link":"https:\/\/www.kellomuseo.fi\/holvi\/tuote\/ornamo\/","title":{"rendered":"Ornamo"},"content":{"rendered":"<p>Ornamon yli 2800 j\u00e4sent\u00e4 muodostavat muotoilualalla ty\u00f6skentelevien korkeakoulutettujen ammattilaisten ainutlaatuisen yhteis\u00f6n ja verkoston.<\/p>\n<p>Ornamon j\u00e4senet ty\u00f6skentelev\u00e4t muotoilun kent\u00e4ll\u00e4, jossa perinteiset ammatit kehittyv\u00e4t yhdess\u00e4 uusien ty\u00f6nkuvien kanssa.<\/p>\n<p>Digitalisoituvan yhteiskunnan luomisessa ovat mukana erilaisia k\u00e4ytt\u00f6liittymi\u00e4, palvelukokemuksia, \u00e4lylaitteita, sek\u00e4 virtuaali- ja kaupunkiymp\u00e4rist\u00f6j\u00e4 suunnittelevat muotoilijat. Tunnettuja ammatteja j\u00e4senist\u00f6ss\u00e4 edustavat, sisustusarkkitehdit, teolliset- ja taideteolliset muotoilijat, tekstiili-, printti- ja vaatesuunnittelijat sek\u00e4 taidek\u00e4sity\u00f6l\u00e4iset ja taiteilijat. J\u00e4senist\u00f6\u00f6n kuuluvat my\u00f6s muun muassa eri rooleissa ty\u00f6skentelev\u00e4t palvelumuotoilijat, strategisen muotoilun asiantuntijat, muotoilujohtajat sek\u00e4 alan yritt\u00e4j\u00e4t.<\/p>\n<p>&nbsp;<\/p>\n<p>www.ornamo.fi<\/p>\n<p>www.finnishdesigners.fi<\/p>\n<p><a href=\"https:\/\/www.ornamo.fi\/meista\/ota-yhteytta\/\">https:\/\/www.ornamo.fi\/meista\/ota-yhteytta\/<\/a><\/p>\n","protected":false},"excerpt":{"rendered":"<p>L\u00e4hde: Ornamo<\/p>\n","protected":false},"featured_media":3646,"comment_status":"closed","ping_status":"closed","template":"","meta":[],"product_cat":[182,20],"product_tag":[264,263,298],"_links":{"self":[{"href":"https:\/\/www.kellomuseo.fi\/holvi\/wp-json\/wp\/v2\/product\/3643"}],"collection":[{"href":"https:\/\/www.kellomuseo.fi\/holvi\/wp-json\/wp\/v2\/product"}],"about":[{"href":"https:\/\/www.kellomuseo.fi\/holvi\/wp-json\/wp\/v2\/types\/product"}],"replies":[{"embeddable":true,"href":"https:\/\/www.kellomuseo.fi\/holvi\/wp-json\/wp\/v2\/comments?post=3643"}],"wp:featuredmedia":[{"embeddable":true,"href":"https:\/\/www.kellomuseo.fi\/holvi\/wp-json\/wp\/v2\/media\/3646"}],"wp:attachment":[{"href":"https:\/\/www.kellomuseo.fi\/holvi\/wp-json\/wp\/v2\/media?parent=3643"}],"wp:term":[{"taxonomy":"product_cat","embeddable":true,"href":"https:\/\/www.kellomuseo.fi\/holvi\/wp-json\/wp\/v2\/product_cat?post=3643"},{"taxonomy":"product_tag","embeddable":true,"href":"https:\/\/www.kellomuseo.fi\/holvi\/wp-json\/wp\/v2\/product_tag?post=3643"}],"curies":[{"name":"wp","href":"https:\/\/api.w.org\/{rel}","templated":true}]}}