{"id":1803,"date":"2021-12-13T15:37:31","date_gmt":"2021-12-13T13:37:31","guid":{"rendered":"https:\/\/www.kellomuseo.fi\/holvi\/?post_type=product&#038;p=1803"},"modified":"2021-12-13T15:37:31","modified_gmt":"2021-12-13T13:37:31","slug":"oppisopimus","status":"publish","type":"product","link":"https:\/\/www.kellomuseo.fi\/holvi\/tuote\/oppisopimus\/","title":{"rendered":"Oppisopimus"},"content":{"rendered":"<p>&nbsp;<\/p>\n<p class=\"p1\">Oppisopimus-opiskelussa ty\u00f6nantaja kouluttaa ty\u00f6ntekij\u00e4n ja tekee h\u00e4nen kanssaan m\u00e4\u00e4r\u00e4aikaisen ty\u00f6sopimuksen. Oppisopimuksella voi suorittaa mink\u00e4 tahansa toisen asteen ammatillisen tutkinnon ja sen voi suorittaa my\u00f6s monessa eri yrityksess\u00e4. Oppisopimustutkinto suoritetaan oppilaitosyhteisty\u00f6ss\u00e4. Suoritettu tutkinto vastaa perustutkintoa ja siit\u00e4 saa vastaavan jatko-opintokelpoisuuden. Oppisopimuksella kouluttaudut ty\u00f6t\u00e4 tehden ja saat sovitun palkan. Sit\u00e4 voi my\u00f6s hy\u00f6dynt\u00e4\u00e4 lis\u00e4koulutukseen ja yksitt\u00e4isten tutkinnonosien suorittaminen on mahdollista.<span class=\"Apple-converted-space\">\u00a0<\/span><\/p>\n<p>&nbsp;<\/p>\n<p class=\"p2\"><span class=\"s1\"><a href=\"https:\/\/www.oppisopimus.fi\/opiskelijalle\/oppisopimuskoulutus\/\">https:\/\/www.oppisopimus.fi\/opiskelijalle\/oppisopimuskoulutus\/<\/a><\/span><\/p>\n","protected":false},"excerpt":{"rendered":"<p>&nbsp;<\/p>\n<p>&nbsp;<\/p>\n","protected":false},"featured_media":0,"comment_status":"closed","ping_status":"closed","template":"","meta":[],"product_cat":[80],"product_tag":[36,87],"_links":{"self":[{"href":"https:\/\/www.kellomuseo.fi\/holvi\/wp-json\/wp\/v2\/product\/1803"}],"collection":[{"href":"https:\/\/www.kellomuseo.fi\/holvi\/wp-json\/wp\/v2\/product"}],"about":[{"href":"https:\/\/www.kellomuseo.fi\/holvi\/wp-json\/wp\/v2\/types\/product"}],"replies":[{"embeddable":true,"href":"https:\/\/www.kellomuseo.fi\/holvi\/wp-json\/wp\/v2\/comments?post=1803"}],"wp:attachment":[{"href":"https:\/\/www.kellomuseo.fi\/holvi\/wp-json\/wp\/v2\/media?parent=1803"}],"wp:term":[{"taxonomy":"product_cat","embeddable":true,"href":"https:\/\/www.kellomuseo.fi\/holvi\/wp-json\/wp\/v2\/product_cat?post=1803"},{"taxonomy":"product_tag","embeddable":true,"href":"https:\/\/www.kellomuseo.fi\/holvi\/wp-json\/wp\/v2\/product_tag?post=1803"}],"curies":[{"name":"wp","href":"https:\/\/api.w.org\/{rel}","templated":true}]}}