{"id":1661,"date":"2021-12-09T13:22:16","date_gmt":"2021-12-09T11:22:16","guid":{"rendered":"https:\/\/www.kellomuseo.fi\/holvi\/?post_type=product&#038;p=1661"},"modified":"2022-03-08T13:24:19","modified_gmt":"2022-03-08T11:24:19","slug":"designrannekellot","status":"publish","type":"product","link":"https:\/\/www.kellomuseo.fi\/holvi\/tuote\/designrannekellot\/","title":{"rendered":"Designkellot"},"content":{"rendered":"<p>Designkellot ovat usein jonkin tunnetun muotoilijan suunnittelemia kelloja. Niit\u00e4 on yleens\u00e4 valmistettu pieni\u00e4 sarjoja.<\/p>\n<p><strong>Pekka Piek\u00e4isen designkelloja 1970-luvulta<\/strong><\/p>\n<p>Pekka Piek\u00e4inen (1945-2004) toimi vuodesta 1971 l\u00e4htien Auran Kultasepp\u00e4 Oy:n p\u00e4\u00e4suunnittelijana parinkymmenen vuoden ajan. 1970-luvulla Piek\u00e4inen suunnitteli 40 korukellon kokoelman sveitsil\u00e4iselle Tissot\u2019lle. Auran Kultasepp\u00e4 Oy:ss\u00e4 valmistettiin hopeiset rannekkeet. Valmistettujen kellojen m\u00e4\u00e4r\u00e4 oli noin 120\u00a0000. N\u00e4ist\u00e4 p\u00e4\u00e4osa meni myyntiin Ranskaan ja Sveitsiin.<\/p>\n<p><strong>Lapponia Jewerlyn kellot<\/strong><\/p>\n<p>Idea kellojen valmistuksesta Lapponialla tuli 1970-luvun alussa taiteilija Bj\u00f6rn Weckstr\u00f6milt\u00e4. H\u00e4n ehdotti Pekka Anttilalle korumaisten kellojen valmistusta t\u00e4ydent\u00e4m\u00e4\u00e4n Lapponian korumallistoa. Weckstr\u00f6m halusi luoda \u201dtotaalisen lookin\u201d korujen kantajille ja sai ennakkoluulottoman Anttilan vakuutetuksi ideasta. Korumaisten kellojen suunnittelu oli maailmalla, kuten Suomessakin, uusi ilmi\u00f6 johon Lapponia rohkeasti tarttui.<\/p>\n<p>Ensimm\u00e4iset Lapponian kulta- ja hopeakellot valmistuivat 1975 Weckstr\u00f6min suunnittelemana. Tiedonantaja-kultakello sai odottamattoman vastaanoton Baselin kellomessuilla, kun tilauksia korumaiselle kellolle tuli kymmenitt\u00e4in. Suurta huomiota osakseen saivat my\u00f6s hopeaa ja akryyli\u00e4 vallankumouksellisesti yhdist\u00e4neet Aikarauta, Aikasauva ja Super Star. N\u00e4iss\u00e4 malleissa kellon koneistot n\u00e4kyv\u00e4t paksun akryylin alta. Kultaisen Aurinkokello-riipuskellon sanottiin olevan kaunis kuin koru. Kellojen suunnittelussa onnistuttiin toteuttamaan idea kellosta, joka on kuin koru. Varhaisimpia malleja lukuun ottamatta Lapponian kelloissa on pysynyt hyvin samanlainen numeroimaton ja pelkistetty kellotaulu sek\u00e4 osoittimet. N\u00e4iden l\u00e4ht\u00f6kohtien ymp\u00e4rille syntyi erilaisia kiehtovia muotoja ja tarinoita viidelt\u00e4 eri taiteilijalta<\/p>\n<p>Lapponia Jewelryn valmistamia kelloja on kaikkiaan 49 eri mallia ja ne ovat suunnitelleet\u00a0 Bj\u00f6rn Weckstr\u00f6m, Zoltan Popovits, Poul Havgaard, Christophe Burger ja Pekka Hirvonen.<\/p>\n<p>Lapponian kellojen valmistus p\u00e4\u00e4ttyi 2010-luvulla. Lapponia on nyky\u00e4\u00e4n osa Kalevala Korua.<\/p>\n<p><strong>L\u00e4hde:<\/strong> Kellomuseon \u201dLapponia.The Art of Time\u201d -erikoisn\u00e4yttelyn esittelyteksti, Laura Kovero 2011<\/p>\n<p><strong>Sirokorun korukello<\/strong><\/p>\n<p>Kultasepp\u00e4 Matti Hyv\u00e4risen suunnittelema Sirko \u2013korukello on turkulaisen Sirokoru Ky:n mallistoa.<\/p>\n<p><strong>Aikamuoto<\/strong><\/p>\n<p>Kello- ja kultasepp\u00e4 Timo Turusen ja kellosepp\u00e4 Jari Kolarin Helsinkiin vuonna 2001 perustaman Aikamuoto Watch &amp; Design Oy:n tuotantoa oleva rannekello a-typeS24. Hopeaa ja titaania. Sveitsil\u00e4inen automaattikoneisto.<\/p>\n<p><strong>Harri Koskisen vakio<\/strong><\/p>\n<p>Muotoilija Harri Koskinen suunnitteli vuonna 2003 Issey Miyakelle kuuden rannekellon sarjan, josta sittemmin on valmistettu 19 erilaista versiota. Kelloille on tunnusomaista kaksoiskellotaulut ja yksinkertainen muotoilu. Kelloissa on Seikon koneisto.<\/p>\n<p><strong>Stepan Sarpaneva\u00a0<\/strong><\/p>\n<p>Kev\u00e4\u00e4ll\u00e4 2003 kellosepp\u00e4 Stepan Sarpaneva avasi oman kelloateljeensa Kaapelitehtaalle Helsinkiin. Kellotehtaille teht\u00e4v\u00e4n alihankintaty\u00f6n ja kellojen korjaus- ja huoltopalvelun ohella Sarpaneva ryhtyi valmistamaan omaa kellomallistoaan. SUF:n eli Sarpaneva Uhrenfabrikin kelloissa k\u00e4ytet\u00e4\u00e4n sveitsil\u00e4isi\u00e4 ETA:n automaattikoneistoja, kaliipereita 2824 ja 2892.<\/p>\n<p><strong>Huom. \u00a0T\u00e4m\u00e4 t\u00e4ydentyy\u00a0 SUF-n\u00e4yttelyst\u00e4<\/strong><\/p>\n<p><strong>L\u00e4hde:<\/strong> Kellomuseon &#8221;Aika koneita&#8221; -n\u00e4yttelyn esiteteksti<\/p>\n","protected":false},"excerpt":{"rendered":"<p>Designkellot ovat usein jonkin tunnetun muotoilijan suunnittelemia kelloja. Niit\u00e4 on yleens\u00e4 valmistettu pieni\u00e4 sarjoja. Pekka Piek\u00e4isen designkelloja 1970-luvulta Pekka Piek\u00e4inen (1945-2004) toimi vuodesta 1971 l\u00e4htien Auran Kultasepp\u00e4 Oy:n p\u00e4\u00e4suunnittelijana parinkymmenen vuoden ajan. 1970-luvulla Piek\u00e4inen suunnitteli 40 korukellon kokoelman sveitsil\u00e4iselle Tissot\u2019lle. Auran Kultasepp\u00e4 Oy:ss\u00e4 valmistettiin hopeiset rannekkeet. Valmistettujen kellojen m\u00e4\u00e4r\u00e4 oli noin 120\u00a0000. N\u00e4ist\u00e4 p\u00e4\u00e4osa meni [&hellip;]<\/p>\n","protected":false},"featured_media":0,"comment_status":"closed","ping_status":"closed","template":"","meta":[],"product_cat":[407,31,20],"product_tag":[123,36,45,120,113,126,125,46,30,115,116,122,119,114,118,94,121,127,128,124,117],"_links":{"self":[{"href":"https:\/\/www.kellomuseo.fi\/holvi\/wp-json\/wp\/v2\/product\/1661"}],"collection":[{"href":"https:\/\/www.kellomuseo.fi\/holvi\/wp-json\/wp\/v2\/product"}],"about":[{"href":"https:\/\/www.kellomuseo.fi\/holvi\/wp-json\/wp\/v2\/types\/product"}],"replies":[{"embeddable":true,"href":"https:\/\/www.kellomuseo.fi\/holvi\/wp-json\/wp\/v2\/comments?post=1661"}],"wp:attachment":[{"href":"https:\/\/www.kellomuseo.fi\/holvi\/wp-json\/wp\/v2\/media?parent=1661"}],"wp:term":[{"taxonomy":"product_cat","embeddable":true,"href":"https:\/\/www.kellomuseo.fi\/holvi\/wp-json\/wp\/v2\/product_cat?post=1661"},{"taxonomy":"product_tag","embeddable":true,"href":"https:\/\/www.kellomuseo.fi\/holvi\/wp-json\/wp\/v2\/product_tag?post=1661"}],"curies":[{"name":"wp","href":"https:\/\/api.w.org\/{rel}","templated":true}]}}