{"id":1657,"date":"2021-12-09T12:30:14","date_gmt":"2021-12-09T10:30:14","guid":{"rendered":"https:\/\/www.kellomuseo.fi\/holvi\/?post_type=product&#038;p=1657"},"modified":"2021-12-13T12:26:01","modified_gmt":"2021-12-13T10:26:01","slug":"lentajan-kellot","status":"publish","type":"product","link":"https:\/\/www.kellomuseo.fi\/holvi\/tuote\/lentajan-kellot\/","title":{"rendered":"Lent\u00e4j\u00e4n kellot"},"content":{"rendered":"<p>&#8221;aviator watch&#8221; eli lent\u00e4j\u00e4n kellot on alun perin suunniteltu nimenomaan lent\u00e4jien k\u00e4ytt\u00f6\u00f6n toisen maailmansodan aikoihin. Niiss\u00e4 on iso kellotauu ja selke\u00e4 n\u00e4ytt\u00f6. Kompassin lis\u00e4ksi kellossa on korkeus \u2013 ja muita mitta-asteikkoja.<\/p>\n<p>Tunnetuin suomalainen lent\u00e4j\u00e4n kelloja valmistava yritys on De Motu.<\/p>\n<p>&nbsp;<\/p>\n","protected":false},"excerpt":{"rendered":"<p>&#8221;aviator watch&#8221; eli lent\u00e4j\u00e4n kellot on alun perin suunniteltu nimenomaan lent\u00e4jien k\u00e4ytt\u00f6\u00f6n toisen maailmansodan aikoihin. Niiss\u00e4 on iso kellotauu ja selke\u00e4 n\u00e4ytt\u00f6. Kompassin lis\u00e4ksi kellossa on korkeus \u2013 ja muita mitta-asteikkoja. Tunnetuin suomalainen lent\u00e4j\u00e4n kelloja valmistava yritys on De Motu. &nbsp;<\/p>\n","protected":false},"featured_media":0,"comment_status":"closed","ping_status":"closed","template":"","meta":[],"product_cat":[31],"product_tag":[30,106,110,94],"_links":{"self":[{"href":"https:\/\/www.kellomuseo.fi\/holvi\/wp-json\/wp\/v2\/product\/1657"}],"collection":[{"href":"https:\/\/www.kellomuseo.fi\/holvi\/wp-json\/wp\/v2\/product"}],"about":[{"href":"https:\/\/www.kellomuseo.fi\/holvi\/wp-json\/wp\/v2\/types\/product"}],"replies":[{"embeddable":true,"href":"https:\/\/www.kellomuseo.fi\/holvi\/wp-json\/wp\/v2\/comments?post=1657"}],"wp:attachment":[{"href":"https:\/\/www.kellomuseo.fi\/holvi\/wp-json\/wp\/v2\/media?parent=1657"}],"wp:term":[{"taxonomy":"product_cat","embeddable":true,"href":"https:\/\/www.kellomuseo.fi\/holvi\/wp-json\/wp\/v2\/product_cat?post=1657"},{"taxonomy":"product_tag","embeddable":true,"href":"https:\/\/www.kellomuseo.fi\/holvi\/wp-json\/wp\/v2\/product_tag?post=1657"}],"curies":[{"name":"wp","href":"https:\/\/api.w.org\/{rel}","templated":true}]}}