{"id":1656,"date":"2021-12-09T10:59:11","date_gmt":"2021-12-09T08:59:11","guid":{"rendered":"https:\/\/www.kellomuseo.fi\/holvi\/?post_type=product&#038;p=1656"},"modified":"2021-12-13T12:26:32","modified_gmt":"2021-12-13T10:26:32","slug":"lastenhuoneen-seinakellot","status":"publish","type":"product","link":"https:\/\/www.kellomuseo.fi\/holvi\/tuote\/lastenhuoneen-seinakellot\/","title":{"rendered":"Lastenhuoneen sein\u00e4kellot"},"content":{"rendered":"<p>Lapsen\u00a0ensimm\u00e4inen kello on usein t\u00e4rke\u00e4 apu kellonaikojen opetteluun. Kellotaulun tulee olla selke\u00e4 ja se on avainasemassa kaikissa lasten ranne-, her\u00e4tys- ja lastenhuoneen sein\u00e4kelloissa.<\/p>\n<p>Monelle kello on merkki koulun alkamisesta ja itsen\u00e4isemm\u00e4st\u00e4 el\u00e4m\u00e4nvaiheesta.<\/p>\n<p>&nbsp;<\/p>\n<p>&nbsp;<\/p>\n<p>&nbsp;<\/p>\n","protected":false},"excerpt":{"rendered":"<p>Lapsen\u00a0ensimm\u00e4inen kello on usein t\u00e4rke\u00e4 apu kellonaikojen opetteluun. Kellotaulun tulee olla selke\u00e4 ja se on avainasemassa kaikissa lasten ranne-, her\u00e4tys- ja lastenhuoneen sein\u00e4kelloissa. Monelle kello on merkki koulun alkamisesta ja itsen\u00e4isemm\u00e4st\u00e4 el\u00e4m\u00e4nvaiheesta. &nbsp; &nbsp; &nbsp;<\/p>\n","protected":false},"featured_media":0,"comment_status":"closed","ping_status":"closed","template":"","meta":[],"product_cat":[31,38],"product_tag":[108,30,107,109,94,111],"_links":{"self":[{"href":"https:\/\/www.kellomuseo.fi\/holvi\/wp-json\/wp\/v2\/product\/1656"}],"collection":[{"href":"https:\/\/www.kellomuseo.fi\/holvi\/wp-json\/wp\/v2\/product"}],"about":[{"href":"https:\/\/www.kellomuseo.fi\/holvi\/wp-json\/wp\/v2\/types\/product"}],"replies":[{"embeddable":true,"href":"https:\/\/www.kellomuseo.fi\/holvi\/wp-json\/wp\/v2\/comments?post=1656"}],"wp:attachment":[{"href":"https:\/\/www.kellomuseo.fi\/holvi\/wp-json\/wp\/v2\/media?parent=1656"}],"wp:term":[{"taxonomy":"product_cat","embeddable":true,"href":"https:\/\/www.kellomuseo.fi\/holvi\/wp-json\/wp\/v2\/product_cat?post=1656"},{"taxonomy":"product_tag","embeddable":true,"href":"https:\/\/www.kellomuseo.fi\/holvi\/wp-json\/wp\/v2\/product_tag?post=1656"}],"curies":[{"name":"wp","href":"https:\/\/api.w.org\/{rel}","templated":true}]}}