{"id":1649,"date":"2021-12-08T16:32:30","date_gmt":"2021-12-08T14:32:30","guid":{"rendered":"https:\/\/www.kellomuseo.fi\/holvi\/?post_type=product&#038;p=1649"},"modified":"2022-02-25T14:23:44","modified_gmt":"2022-02-25T12:23:44","slug":"kultaseppia-ja-korumuotoilijoita-lahdesta","status":"publish","type":"product","link":"https:\/\/www.kellomuseo.fi\/holvi\/tuote\/kultaseppia-ja-korumuotoilijoita-lahdesta\/","title":{"rendered":"Kultaseppi\u00e4 ja korumuotoilijoita Lahdesta\u00a0"},"content":{"rendered":"<p>&nbsp;<\/p>\n<p class=\"p1\">Viimeisten vuosikymmenien aikana Lahti on noussut usein otsikoihin menestyvien muotoilijoiden koulutuspaikkana. Muotoiluinstituutti, joka kuuluu nykyisin Lahden ammattikorkeakouluun, syntyi kolmen kulttuuritaustaltaan erilaisen oppilaitoksen, Kotiteollisuusopettajaopiston, Kultasepp\u00e4opiston ja Taideteollisen oppilaitoksen yhdistyess\u00e4 Lahden taide- ja k\u00e4siteollisuusoppilaitokseksi vuonna 1979. Laitoksen nimi muuttui Lahden muotoiluinstituutiksi rehtori Antti Hassin ehdotuksesta vuonna 1989. Yhteisen kielen l\u00f6yt\u00e4minen vei kuitenkin vuosikausia. Ennakkoluulot h\u00e4lveniv\u00e4t v\u00e4hitellen yhteisten opettajien, kaikille yhteisten oppiaineiden ja lopulta yhteiselle kampukselle keskittyneen opetuksen my\u00f6t\u00e4.<span class=\"Apple-converted-space\">\u00a0<\/span><\/p>\n<p><strong>L\u00e4hde: <\/strong>Esko Timonen<\/p>\n","protected":false},"excerpt":{"rendered":"<p>&nbsp;<\/p>\n<p>&nbsp;<\/p>\n","protected":false},"featured_media":0,"comment_status":"closed","ping_status":"closed","template":"","meta":[],"product_cat":[80],"product_tag":[86,36,88,87,83,93],"_links":{"self":[{"href":"https:\/\/www.kellomuseo.fi\/holvi\/wp-json\/wp\/v2\/product\/1649"}],"collection":[{"href":"https:\/\/www.kellomuseo.fi\/holvi\/wp-json\/wp\/v2\/product"}],"about":[{"href":"https:\/\/www.kellomuseo.fi\/holvi\/wp-json\/wp\/v2\/types\/product"}],"replies":[{"embeddable":true,"href":"https:\/\/www.kellomuseo.fi\/holvi\/wp-json\/wp\/v2\/comments?post=1649"}],"wp:attachment":[{"href":"https:\/\/www.kellomuseo.fi\/holvi\/wp-json\/wp\/v2\/media?parent=1649"}],"wp:term":[{"taxonomy":"product_cat","embeddable":true,"href":"https:\/\/www.kellomuseo.fi\/holvi\/wp-json\/wp\/v2\/product_cat?post=1649"},{"taxonomy":"product_tag","embeddable":true,"href":"https:\/\/www.kellomuseo.fi\/holvi\/wp-json\/wp\/v2\/product_tag?post=1649"}],"curies":[{"name":"wp","href":"https:\/\/api.w.org\/{rel}","templated":true}]}}