{"id":1636,"date":"2021-12-08T16:05:25","date_gmt":"2021-12-08T14:05:25","guid":{"rendered":"https:\/\/www.kellomuseo.fi\/holvi\/?post_type=product&#038;p=1636"},"modified":"2022-02-28T09:30:48","modified_gmt":"2022-02-28T07:30:48","slug":"koulutus-elinkeinovapauden-toteuttamisen-jalkeen","status":"publish","type":"product","link":"https:\/\/www.kellomuseo.fi\/holvi\/tuote\/koulutus-elinkeinovapauden-toteuttamisen-jalkeen\/","title":{"rendered":"Koulutus elinkeinovapauden toteuttamisen j\u00e4lkeen"},"content":{"rendered":"<p>&nbsp;<\/p>\n<p class=\"p1\">Oppiajan perusluonne s\u00e4ilyi Suomessa ammattikuntalaitoksen lakkauttamisen j\u00e4lkeen 1860-luvulta ennallaan. Kellosep\u00e4n oli edelleen ment\u00e4v\u00e4 vanhemmalle kellosep\u00e4lle oppia saamaan. Muutaman vuoden oppipoikana ty\u00f6skentelyn j\u00e4lkeen kellosep\u00e4ksi aikova saattoi aloittaa kis\u00e4llinn\u00e4ytteens\u00e4 valmistelun. Laki ei kuitenkaan en\u00e4\u00e4 velvoittanut ammattia harjoittavia kelloseppi\u00e4 kouluttamaan uusia kellosepp\u00e4polvia, vaan se riippui usein yksitt\u00e4isten kelloseppien omasta ty\u00f6voiman tarpeesta ja halusta.<\/p>\n<p class=\"p1\">1870-luvun lopulta alkaen syntyi kaupunkeihin k\u00e4sity\u00f6- ja teollisuusyhdistyksi\u00e4, joille kis\u00e4lli- ja mestarin\u00e4ytety\u00f6t esiteltiin. Raadissa istuneet vanhemmat k\u00e4sity\u00f6l\u00e4iset arvostelivat ty\u00f6t ja my\u00f6nsiv\u00e4t tai kielsiv\u00e4t kis\u00e4llin- ja mestarinarvot. Porvarisvalaa ei en\u00e4\u00e4 tarvinnut vannoa, vaan kellosep\u00e4n oli teht\u00e4v\u00e4 ilmoitus elinkeinonharjoittamisesta paikallisviranomaisille tai siirty\u00e4 jonkun kellosepp\u00e4liikkeen palvelukseen.<\/p>\n<p class=\"p1\">Kis\u00e4lleill\u00e4 oli 1900-luvun alussa edelleenkin tapana kiert\u00e4\u00e4 mestarin palveluksesta toiseen oppiakseen erilaisia ty\u00f6tapoja ja saadakseen vaihtelua. Hyv\u00e4 ammattimies saattoi olla varma, ett\u00e4 h\u00e4n l\u00f6ysi t\u00f6it\u00e4.<\/p>\n<p class=\"p1\">Valvonnan ja yhteistoiminnan p\u00e4\u00e4ttyminen johtivat ammattitaidon laskuun ja oppilaskoulutuksen tason heikkenemiseen, koska en\u00e4\u00e4 ei kiinnitetty huomiota koulutukseen tai ammattitaidon kohentamiseen vaan ammattikunnassa keskityttiin l\u00e4hinn\u00e4 paikallisten hintakartellien luomiseen.<\/p>\n<p>&nbsp;<\/p>\n<p class=\"p2\"><strong>L\u00e4hde:<\/strong> Suomen kellomuseo<\/p>\n","protected":false},"excerpt":{"rendered":"<p>&nbsp;<\/p>\n<p>&nbsp;<\/p>\n","protected":false},"featured_media":0,"comment_status":"closed","ping_status":"closed","template":"","meta":[],"product_cat":[80],"product_tag":[36,90,55,89],"_links":{"self":[{"href":"https:\/\/www.kellomuseo.fi\/holvi\/wp-json\/wp\/v2\/product\/1636"}],"collection":[{"href":"https:\/\/www.kellomuseo.fi\/holvi\/wp-json\/wp\/v2\/product"}],"about":[{"href":"https:\/\/www.kellomuseo.fi\/holvi\/wp-json\/wp\/v2\/types\/product"}],"replies":[{"embeddable":true,"href":"https:\/\/www.kellomuseo.fi\/holvi\/wp-json\/wp\/v2\/comments?post=1636"}],"wp:attachment":[{"href":"https:\/\/www.kellomuseo.fi\/holvi\/wp-json\/wp\/v2\/media?parent=1636"}],"wp:term":[{"taxonomy":"product_cat","embeddable":true,"href":"https:\/\/www.kellomuseo.fi\/holvi\/wp-json\/wp\/v2\/product_cat?post=1636"},{"taxonomy":"product_tag","embeddable":true,"href":"https:\/\/www.kellomuseo.fi\/holvi\/wp-json\/wp\/v2\/product_tag?post=1636"}],"curies":[{"name":"wp","href":"https:\/\/api.w.org\/{rel}","templated":true}]}}