{"id":1632,"date":"2021-12-08T15:55:40","date_gmt":"2021-12-08T13:55:40","guid":{"rendered":"https:\/\/www.kellomuseo.fi\/holvi\/?post_type=product&#038;p=1632"},"modified":"2021-12-13T11:06:22","modified_gmt":"2021-12-13T09:06:22","slug":"kelloseppakoulun-tutkintoon-tahtaava-koulutus","status":"publish","type":"product","link":"https:\/\/www.kellomuseo.fi\/holvi\/tuote\/kelloseppakoulun-tutkintoon-tahtaava-koulutus\/","title":{"rendered":"Kellosepp\u00e4koulun tutkintoon t\u00e4ht\u00e4\u00e4v\u00e4 koulutus"},"content":{"rendered":"<p class=\"p1\">Kellosepp\u00e4koulu<\/p>\n<p class=\"p1\">Vanha maantie 11<span class=\"Apple-converted-space\">\u00a0<\/span><\/p>\n<p class=\"p1\">02650 Espoo<\/p>\n<p class=\"p3\">www.kelloseppakoulu.fi<\/p>\n<p>&nbsp;<\/p>\n<p>&nbsp;<\/p>\n<p class=\"p5\">Kellosepp\u00e4koulu on Suomessa ainoa oppilaitos, josta valmistuu kelloseppi\u00e4 ja mikromekaanikkoja. T\u00e4h\u00e4n menness\u00e4 valmistuneita kelloseppi\u00e4 on yli tuhat ja mikromekaanikkoja 250.<\/p>\n<ul class=\"ul1\">\n<li class=\"li5\"><strong>Taideteollisuusalan perustutkinto, kello- ja mikromekaniikan osaamisala, kellosepp\u00e4<\/strong><\/li>\n<\/ul>\n<p class=\"p6\">Kellosepp\u00e4 on kelloalan huippuammattilainen, joka pystyy korjaamaan eri tyyppisi\u00e4 kelloja sek\u00e4 valmistamaan niihin sadasosamillimetrin tarkkoja osia my\u00f6s k\u00e4sity\u00f6n\u00e4, perinteisin menetelmin ja ty\u00f6kaluin.<\/p>\n<p class=\"p8\">Kellosep\u00e4ksi valmistunut on p\u00e4tev\u00e4 kellojen korjaus- ja myyntiteht\u00e4viin v\u00e4hitt\u00e4is- tai tukkukaupan palveluksessa tai itsen\u00e4isen\u00e4 yritt\u00e4j\u00e4n\u00e4. Monet valmistuneet sijoittuvat kuitenkin my\u00f6s tarkkuusty\u00f6n taitoja edellytt\u00e4vien rinnakkaisalojen palvelukseen<\/p>\n<ul class=\"ul1\">\n<li class=\"li5\"><strong>Taideteollisuusalan perustutkinto, kello- ja mikromekaniikan osaamisala, mikromekaanikko<\/strong><\/li>\n<\/ul>\n<p class=\"p6\">Mikromekaanikko on tarkkuusk\u00e4sity\u00f6n taitaja, jonka ammattitaito perustuu mekaniikan ja elektroniikan tuntemukseen. H\u00e4n kykenee valmistamaan prototyyppej\u00e4 sek\u00e4 pieni\u00e4 sarjoja yritysten tuotekehitysteht\u00e4viss\u00e4.<\/p>\n<p class=\"p6\">Kellosepp\u00e4koulusta valmistuneita mikromekaanikkoja toimii mit\u00e4 erilaisimmilla aloilla. Mm. konepajat, innovatiiviset pienteollisuusyritykset, optisen alan yritykset, instrumenttiteknologian ja l\u00e4\u00e4ketieteellisten alojen yritykset sek\u00e4 suomalaiset ja kansainv\u00e4liset tutkimuslaitokset ovat ty\u00f6llist\u00e4neet heit\u00e4.<span class=\"Apple-converted-space\">\u00a0<\/span><\/p>\n<p class=\"p1\">Opiskelupaikkaa haetaan suoraan ja p\u00e4\u00e4sykokeiden perusteella valitaan vuosittain 15 kellosepp\u00e4- ja 15 mikromekaanikko-opiskelijaa. Opinnot on jaksotettu kolmelle vuodelle.<\/p>\n","protected":false},"excerpt":{"rendered":"<p>&nbsp;<\/p>\n<p>&nbsp;<\/p>\n","protected":false},"featured_media":0,"comment_status":"closed","ping_status":"closed","template":"","meta":[],"product_cat":[80],"product_tag":[36,68,89,87],"_links":{"self":[{"href":"https:\/\/www.kellomuseo.fi\/holvi\/wp-json\/wp\/v2\/product\/1632"}],"collection":[{"href":"https:\/\/www.kellomuseo.fi\/holvi\/wp-json\/wp\/v2\/product"}],"about":[{"href":"https:\/\/www.kellomuseo.fi\/holvi\/wp-json\/wp\/v2\/types\/product"}],"replies":[{"embeddable":true,"href":"https:\/\/www.kellomuseo.fi\/holvi\/wp-json\/wp\/v2\/comments?post=1632"}],"wp:attachment":[{"href":"https:\/\/www.kellomuseo.fi\/holvi\/wp-json\/wp\/v2\/media?parent=1632"}],"wp:term":[{"taxonomy":"product_cat","embeddable":true,"href":"https:\/\/www.kellomuseo.fi\/holvi\/wp-json\/wp\/v2\/product_cat?post=1632"},{"taxonomy":"product_tag","embeddable":true,"href":"https:\/\/www.kellomuseo.fi\/holvi\/wp-json\/wp\/v2\/product_tag?post=1632"}],"curies":[{"name":"wp","href":"https:\/\/api.w.org\/{rel}","templated":true}]}}