{"id":1628,"date":"2021-12-08T15:47:50","date_gmt":"2021-12-08T13:47:50","guid":{"rendered":"https:\/\/www.kellomuseo.fi\/holvi\/?post_type=product&#038;p=1628"},"modified":"2022-02-09T13:36:31","modified_gmt":"2022-02-09T11:36:31","slug":"ikaalisten-kasi-ja-taideteollisuus-oppilaitos-sasky","status":"publish","type":"product","link":"https:\/\/www.kellomuseo.fi\/holvi\/tuote\/ikaalisten-kasi-ja-taideteollisuus-oppilaitos-sasky\/","title":{"rendered":"Ikaalisten k\u00e4si- ja taideteollisuus- oppilaitos, Sasky"},"content":{"rendered":"<p class=\"p1\"><strong>K\u00e4si- ja taideteollisuusalan, tuotteen suunnittelun ja valmistuksen osaamisala, korusuunnittelu- ja valmistus, artesaani<\/strong><\/p>\n<p>&nbsp;<\/p>\n<p class=\"p1\">Ikaalisten k\u00e4si- ja taideteollisuusoppilaitos, Sasky<\/p>\n<p class=\"p1\">Eino Salmelaisen katu 20, 39500 Ikaalinen<\/p>\n<p class=\"p1\">www.sasky.fi<\/p>\n<p>&nbsp;<\/p>\n<p>&nbsp;<\/p>\n<p class=\"p1\">Korusuunnittelun opinnoissa perehdyt\u00e4\u00e4n monipuolisesti korujen suunnitteluun ja valmistukseen. Keskeisen\u00e4 materiaalina korunvalmistuksessa k\u00e4ytet\u00e4\u00e4n lasia monissa eri muodossa esim: kuparifolio-, hiekkapuhallus-, lasinsulatus-, lasimaalaus-, ja lasinpuhallusteknikoiden mahdollisuuksia.<\/p>\n<p class=\"p1\">Opintojen aikana tulevat tutuksi eri lasinty\u00f6st\u00f6tekniikat. Lampputekniikkaan keskityt\u00e4\u00e4n usean opintoviikon ajan mm. lasihelmien ja -korujen valmistuksessa<\/p>\n<p class=\"p1\">Lasin lis\u00e4ksi opitaan monipuolisesti eri materiaalien k\u00e4ytt\u00f6\u00e4 korujen valmistuksessa. Koruja suunnitellaan ja valmistetaan yksil\u00f6llisiksi uniikkituotteiksi sek\u00e4 sarjavalmisteisiksi tuotteiksi. Koko koulutuksen ajan huomioidaan kaikkia niit\u00e4 tekij\u00f6it\u00e4, jotka muodostavat tuotteista laadukkaan myyntituotekokonaisuuden. Lis\u00e4ksi opitaan k\u00e4ytt\u00e4m\u00e4\u00e4n ja hy\u00f6dynt\u00e4m\u00e4\u00e4n tietotekniikkaa ammattitoiminnassa.<\/p>\n<p class=\"p1\">Korusuunnittelun artesaani voi ty\u00f6skennell\u00e4 omassa studiossaan tai korunvalmistuskurssien ohjaajana eri kouluissa, kurssikeskuksissa, opistoissa ja nuorisotaloissa. Opiskelija saa valmiudet yritt\u00e4j\u00e4n\u00e4 toimimiseen ja hyv\u00e4n pohjan mahdollisille jatko-opinnoilleen.<\/p>\n","protected":false},"excerpt":{"rendered":"<p>&nbsp;<\/p>\n<p>&nbsp;<\/p>\n","protected":false},"featured_media":0,"comment_status":"closed","ping_status":"closed","template":"","meta":[],"product_cat":[80],"product_tag":[86,36,84,85,83,81],"_links":{"self":[{"href":"https:\/\/www.kellomuseo.fi\/holvi\/wp-json\/wp\/v2\/product\/1628"}],"collection":[{"href":"https:\/\/www.kellomuseo.fi\/holvi\/wp-json\/wp\/v2\/product"}],"about":[{"href":"https:\/\/www.kellomuseo.fi\/holvi\/wp-json\/wp\/v2\/types\/product"}],"replies":[{"embeddable":true,"href":"https:\/\/www.kellomuseo.fi\/holvi\/wp-json\/wp\/v2\/comments?post=1628"}],"wp:attachment":[{"href":"https:\/\/www.kellomuseo.fi\/holvi\/wp-json\/wp\/v2\/media?parent=1628"}],"wp:term":[{"taxonomy":"product_cat","embeddable":true,"href":"https:\/\/www.kellomuseo.fi\/holvi\/wp-json\/wp\/v2\/product_cat?post=1628"},{"taxonomy":"product_tag","embeddable":true,"href":"https:\/\/www.kellomuseo.fi\/holvi\/wp-json\/wp\/v2\/product_tag?post=1628"}],"curies":[{"name":"wp","href":"https:\/\/api.w.org\/{rel}","templated":true}]}}