{"id":1626,"date":"2021-12-08T15:39:49","date_gmt":"2021-12-08T13:39:49","guid":{"rendered":"https:\/\/www.kellomuseo.fi\/holvi\/?post_type=product&#038;p=1626"},"modified":"2022-02-09T13:35:30","modified_gmt":"2022-02-09T11:35:30","slug":"axxell-utbildning-ab","status":"publish","type":"product","link":"https:\/\/www.kellomuseo.fi\/holvi\/tuote\/axxell-utbildning-ab\/","title":{"rendered":"Axxell utbildning AB"},"content":{"rendered":"<p class=\"p1\"><strong>Taideteollisuusala, jalometallialan osaamisala, kultasepp\u00e4-artesaani<\/strong><\/p>\n<p class=\"p1\"><strong>Taideteollisuusala, jalometallialan ammattitutkinto, kultasepp\u00e4<\/strong><\/p>\n<p>&nbsp;<\/p>\n<p class=\"p1\">Axxell, \u00d6verby, Kultasep\u00e4nala<\/p>\n<p class=\"p1\">Pehtorinkuja 3, 02940 Espoo<\/p>\n<p class=\"p1\">www.axxell.fi<span class=\"Apple-converted-space\">\u00a0<\/span><\/p>\n<p>&nbsp;<\/p>\n<p>&nbsp;<\/p>\n<p class=\"p4\">Koulumme on sitten viime selvityksen muuttanut. T\u00e4ll\u00e4 hetkell\u00e4 koulumme sijaitsee Espoossa. Meill\u00e4 suoritetaan Taideteollisuusalan perustutkintoa jalometallin osaamisala ja suuntautuminen kultasep\u00e4nala. Syksyst\u00e4 2020 meill\u00e4 voi my\u00f6s suorittaa taideteollisuusalan ammattitutkinto tutkintonimikkeell\u00e4 Kultasepp\u00e4.<\/p>\n<p class=\"p4\">Perustutkinnossa on aikuisopiskelijoita, jotka opiskelevat monimuotoisesti. Opinnot kest\u00e4v\u00e4t noin 2 vuotta, l\u00e4hiopetusta on kahtena iltana viikossa ja yksi viikonloppu kuukaudessa. Painotamme koulutuksessa kultasep\u00e4nalan k\u00e4sity\u00f6n perustekniikoiden hallintaa koska jos hallitsee ne kunnolla, niin pystyy, ominkin p\u00e4in oppimaan t\u00e4m\u00e4n p\u00e4iv\u00e4n tietoyhteiskunnassa yll\u00e4tt\u00e4v\u00e4n haasteellisiakin ammatillisia asioita. Tietenk\u00e4\u00e4n tietoteknologiaa, sarjavalmistusta ja asiakkaita unohtamatta. Tuotesuunnittelun perusteiden k\u00e4ytt\u00f6 sek\u00e4 oikean asiakkaan kohtaaminen on mielest\u00e4mme yksi t\u00e4rkeimmist\u00e4 asioista koska useimmat kultasep\u00e4t ty\u00f6skentelev\u00e4t pieniss\u00e4 pajoissa ja valmistavat tuotteita suoraan asiakkaalle.<\/p>\n<p class=\"p4\">Kultasep\u00e4n ammattitutkinnossa opiskellaan paljon et\u00e4n\u00e4 k\u00e4ytt\u00e4en hyv\u00e4ksi digitaalisuutta. Jokaisella opiskelijalla on ty\u00f6paikka tai oma ty\u00f6paja, jossa voi suorittaa k\u00e4yt\u00e4nn\u00f6n ty\u00f6teht\u00e4vi\u00e4. Ammattitutkinnossa olemme valinneet koululla tarjottaviin valinnaisiin tutkinnonosiin Tuotteen suunnittelun ja Tuotteiden markkinointi ja kaupallistaminen. Teemme yhteisty\u00f6t\u00e4 ty\u00f6el\u00e4m\u00e4n edustajien kanssa, jotka ohjaavat ja opettavat opiskelijoita.<\/p>\n<p>&nbsp;<\/p>\n","protected":false},"excerpt":{"rendered":"<p>&nbsp;<\/p>\n<p>&nbsp;<\/p>\n","protected":false},"featured_media":0,"comment_status":"closed","ping_status":"closed","template":"","meta":[],"product_cat":[80],"product_tag":[86,36,82,87,83,81],"_links":{"self":[{"href":"https:\/\/www.kellomuseo.fi\/holvi\/wp-json\/wp\/v2\/product\/1626"}],"collection":[{"href":"https:\/\/www.kellomuseo.fi\/holvi\/wp-json\/wp\/v2\/product"}],"about":[{"href":"https:\/\/www.kellomuseo.fi\/holvi\/wp-json\/wp\/v2\/types\/product"}],"replies":[{"embeddable":true,"href":"https:\/\/www.kellomuseo.fi\/holvi\/wp-json\/wp\/v2\/comments?post=1626"}],"wp:attachment":[{"href":"https:\/\/www.kellomuseo.fi\/holvi\/wp-json\/wp\/v2\/media?parent=1626"}],"wp:term":[{"taxonomy":"product_cat","embeddable":true,"href":"https:\/\/www.kellomuseo.fi\/holvi\/wp-json\/wp\/v2\/product_cat?post=1626"},{"taxonomy":"product_tag","embeddable":true,"href":"https:\/\/www.kellomuseo.fi\/holvi\/wp-json\/wp\/v2\/product_tag?post=1626"}],"curies":[{"name":"wp","href":"https:\/\/api.w.org\/{rel}","templated":true}]}}