{"id":1612,"date":"2021-12-08T14:53:17","date_gmt":"2021-12-08T12:53:17","guid":{"rendered":"https:\/\/www.kellomuseo.fi\/holvi\/?post_type=product&#038;p=1612"},"modified":"2022-03-08T16:23:17","modified_gmt":"2022-03-08T14:23:17","slug":"esteri-perkko","status":"publish","type":"product","link":"https:\/\/www.kellomuseo.fi\/holvi\/tuote\/esteri-perkko\/","title":{"rendered":"Esteri Perkko"},"content":{"rendered":"<p>&nbsp;<\/p>\n<p>Yksi keskeisimmist\u00e4 kello- ja kultasep\u00e4nliikkeist\u00e4 Suomessa on vuonna 1918 perustettu Oy Perkko, joka on toiminut kellojen, varaosien ja kellosep\u00e4nty\u00f6kalujen maahantuojana ja tukkuliikkeen\u00e4 n\u00e4ihin p\u00e4iviin asti. Yrityksen perustajaveljekset olivat Jalo, Oiva ja Urho Perkko. Vastuu liiketoiminnan kehitt\u00e4misest\u00e4 lankesi Jalo Perkolle, josta tuli yrityksen arvostettu ja kunnioitettu johtaja. H\u00e4nen poikansa Ensio Perkko kaatui It\u00e4-Karjalan taisteluissa vuonna 1941. Pojan kuolema oli isku koko perheelle ja yritykselle, sill\u00e4 h\u00e4nest\u00e4 oli kaavailtu perheyrityksen jatkajaa. N\u00e4m\u00e4 toiveet kuitenkin luhistuivat ainoan pojan kuoleman my\u00f6t\u00e4. Isku oli niin kova, ett\u00e4 vuosi pojan kuoleman j\u00e4lkeen kuoli my\u00f6s Jalo Perkko.<\/p>\n<p>T\u00e4ss\u00e4 vaikeassa tilanteessa yhti\u00f6n johtoon asettui Jalo Perkon puoliso Esteri Perkko (1891 \u2013 1967), joka oli jo miehens\u00e4 el\u00e4ess\u00e4 osallistunut aktiivisesti liikkeen hoitoon. H\u00e4n halusi poikansa muistoa kunnioittaen lahjoittaa Kellosepp\u00e4liitolle 500\u00a0000 markkaa Kellosepp\u00e4liiton perustamista varten. Lahjoituksen my\u00f6t\u00e4 kelloseppien koulutus alkoi kellosepp\u00e4koululla vuonna 1944. Esteri Perkko oli my\u00f6s Suomen Kelloseppien Naisten perustajaj\u00e4sen ja sen ensimm\u00e4inen puheenjohtaja 24 vuoden ajan. Kellosepp\u00e4liiton kunniaj\u00e4seneksi Esteri Perkko kutsuttiin vuonna 1961.<\/p>\n<p>L\u00e4hde: Suomen kellomuseo<\/p>\n","protected":false},"excerpt":{"rendered":"<p><strong>Kuva:<\/strong>\u00a0 Esteri Perkko, Suomen kello- ja korumuseo Kruunu<\/p>\n<p>&nbsp;<\/p>\n","protected":false},"featured_media":1613,"comment_status":"closed","ping_status":"closed","template":"","meta":[],"product_cat":[173,20],"product_tag":[71,51,55,58,30,52],"_links":{"self":[{"href":"https:\/\/www.kellomuseo.fi\/holvi\/wp-json\/wp\/v2\/product\/1612"}],"collection":[{"href":"https:\/\/www.kellomuseo.fi\/holvi\/wp-json\/wp\/v2\/product"}],"about":[{"href":"https:\/\/www.kellomuseo.fi\/holvi\/wp-json\/wp\/v2\/types\/product"}],"replies":[{"embeddable":true,"href":"https:\/\/www.kellomuseo.fi\/holvi\/wp-json\/wp\/v2\/comments?post=1612"}],"wp:featuredmedia":[{"embeddable":true,"href":"https:\/\/www.kellomuseo.fi\/holvi\/wp-json\/wp\/v2\/media\/1613"}],"wp:attachment":[{"href":"https:\/\/www.kellomuseo.fi\/holvi\/wp-json\/wp\/v2\/media?parent=1612"}],"wp:term":[{"taxonomy":"product_cat","embeddable":true,"href":"https:\/\/www.kellomuseo.fi\/holvi\/wp-json\/wp\/v2\/product_cat?post=1612"},{"taxonomy":"product_tag","embeddable":true,"href":"https:\/\/www.kellomuseo.fi\/holvi\/wp-json\/wp\/v2\/product_tag?post=1612"}],"curies":[{"name":"wp","href":"https:\/\/api.w.org\/{rel}","templated":true}]}}