{"id":1587,"date":"2021-12-08T10:30:59","date_gmt":"2021-12-08T08:30:59","guid":{"rendered":"https:\/\/www.kellomuseo.fi\/holvi\/?post_type=product&#038;p=1587"},"modified":"2021-12-13T11:55:07","modified_gmt":"2021-12-13T09:55:07","slug":"jannitys-unohtui","status":"publish","type":"product","link":"https:\/\/www.kellomuseo.fi\/holvi\/tuote\/jannitys-unohtui\/","title":{"rendered":"J\u00e4nnitys unohtui"},"content":{"rendered":"<p class=\"p1\">Se oli t\u00e4rke\u00e4 p\u00e4iv\u00e4 pienelle tyt\u00f6lle 46 vuotta sitten, kun l\u00e4ksin ekaluokalle kouluun ja rakas is\u00e4ni antoi minulle uuden, ensimm\u00e4isen rannekellon.<\/p>\n<p class=\"p1\">Sit\u00e4h\u00e4n oli niin ylpe\u00e4 uudesta kellosta, ett\u00e4 kaikki muut asiat sitten unohtuikin, kuin joku ekap\u00e4iv\u00e4 j\u00e4nnitys.<\/p>\n<p class=\"p1\">Hyv\u00e4 etten kompastunut koulutiell\u00e4, kun piti tuijottaa rannekelloa koko ajan.<\/p>\n<p class=\"p1\">Se oli Citizen -merkkinen ja olen rakkaudella s\u00e4ilytt\u00e4nyt sen piirongin laatikossa edelleen.<\/p>\n<p>&nbsp;<\/p>\n<p class=\"p3\">Anonyymi<\/p>\n","protected":false},"excerpt":{"rendered":"<p>Se oli t\u00e4rke\u00e4 p\u00e4iv\u00e4 pienelle tyt\u00f6lle 46 vuotta sitten, kun l\u00e4ksin ekaluokalle kouluun ja rakas is\u00e4ni antoi minulle uuden, ensimm\u00e4isen rannekellon. Sit\u00e4h\u00e4n oli niin ylpe\u00e4 uudesta kellosta, ett\u00e4 kaikki muut asiat sitten unohtuikin, kuin joku ekap\u00e4iv\u00e4 j\u00e4nnitys. Hyv\u00e4 etten kompastunut koulutiell\u00e4, kun piti tuijottaa rannekelloa koko ajan. Se oli Citizen -merkkinen ja olen rakkaudella s\u00e4ilytt\u00e4nyt [&hellip;]<\/p>\n","protected":false},"featured_media":0,"comment_status":"closed","ping_status":"closed","template":"","meta":[],"product_cat":[38],"product_tag":[36,63,62],"_links":{"self":[{"href":"https:\/\/www.kellomuseo.fi\/holvi\/wp-json\/wp\/v2\/product\/1587"}],"collection":[{"href":"https:\/\/www.kellomuseo.fi\/holvi\/wp-json\/wp\/v2\/product"}],"about":[{"href":"https:\/\/www.kellomuseo.fi\/holvi\/wp-json\/wp\/v2\/types\/product"}],"replies":[{"embeddable":true,"href":"https:\/\/www.kellomuseo.fi\/holvi\/wp-json\/wp\/v2\/comments?post=1587"}],"wp:attachment":[{"href":"https:\/\/www.kellomuseo.fi\/holvi\/wp-json\/wp\/v2\/media?parent=1587"}],"wp:term":[{"taxonomy":"product_cat","embeddable":true,"href":"https:\/\/www.kellomuseo.fi\/holvi\/wp-json\/wp\/v2\/product_cat?post=1587"},{"taxonomy":"product_tag","embeddable":true,"href":"https:\/\/www.kellomuseo.fi\/holvi\/wp-json\/wp\/v2\/product_tag?post=1587"}],"curies":[{"name":"wp","href":"https:\/\/api.w.org\/{rel}","templated":true}]}}