{"id":1584,"date":"2021-12-08T10:28:19","date_gmt":"2021-12-08T08:28:19","guid":{"rendered":"https:\/\/www.kellomuseo.fi\/holvi\/?post_type=product&#038;p=1584"},"modified":"2021-12-13T11:54:48","modified_gmt":"2021-12-13T09:54:48","slug":"niiskuneiti-herattajana","status":"publish","type":"product","link":"https:\/\/www.kellomuseo.fi\/holvi\/tuote\/niiskuneiti-herattajana\/","title":{"rendered":"Niiskuneiti her\u00e4tt\u00e4j\u00e4n\u00e4"},"content":{"rendered":"<p class=\"p1\">Ensimm\u00e4inen kelloni on minulla edelleenkin tallella. Se on keltainen, Niiskuneidin muotoinen, noin 20 sentti\u00e4 korkea her\u00e4tyskello. Niiskuneidin k\u00e4dess\u00e4 on olkihattu ja nilkassa keltainen kumilenkki nilkkakoruna. Vatsan kohdalla on kellotaulu. Hauskinta on lapsen laulamana ja Muumien tunnuss\u00e4velm\u00e4n siivitt\u00e4m\u00e4n\u00e4 kuuluva her\u00e4tys\u00e4\u00e4ni: &#8221;Her\u00e4tys, on kiva p\u00e4iv\u00e4 t\u00e4n\u00e4\u00e4n, her\u00e4\u00e4 jo!&#8221;<\/p>\n<p>&nbsp;<\/p>\n<p class=\"p3\">Anonyymi<\/p>\n","protected":false},"excerpt":{"rendered":"<p>Ensimm\u00e4inen kelloni on minulla edelleenkin tallella. Se on keltainen, Niiskuneidin muotoinen, noin 20 sentti\u00e4 korkea her\u00e4tyskello. Niiskuneidin k\u00e4dess\u00e4 on olkihattu ja nilkassa keltainen kumilenkki nilkkakoruna. Vatsan kohdalla on kellotaulu. Hauskinta on lapsen laulamana ja Muumien tunnuss\u00e4velm\u00e4n siivitt\u00e4m\u00e4n\u00e4 kuuluva her\u00e4tys\u00e4\u00e4ni: &#8221;Her\u00e4tys, on kiva p\u00e4iv\u00e4 t\u00e4n\u00e4\u00e4n, her\u00e4\u00e4 jo!&#8221; &nbsp; Anonyymi<\/p>\n","protected":false},"featured_media":0,"comment_status":"closed","ping_status":"closed","template":"","meta":[],"product_cat":[38],"product_tag":[36,63,62],"_links":{"self":[{"href":"https:\/\/www.kellomuseo.fi\/holvi\/wp-json\/wp\/v2\/product\/1584"}],"collection":[{"href":"https:\/\/www.kellomuseo.fi\/holvi\/wp-json\/wp\/v2\/product"}],"about":[{"href":"https:\/\/www.kellomuseo.fi\/holvi\/wp-json\/wp\/v2\/types\/product"}],"replies":[{"embeddable":true,"href":"https:\/\/www.kellomuseo.fi\/holvi\/wp-json\/wp\/v2\/comments?post=1584"}],"wp:attachment":[{"href":"https:\/\/www.kellomuseo.fi\/holvi\/wp-json\/wp\/v2\/media?parent=1584"}],"wp:term":[{"taxonomy":"product_cat","embeddable":true,"href":"https:\/\/www.kellomuseo.fi\/holvi\/wp-json\/wp\/v2\/product_cat?post=1584"},{"taxonomy":"product_tag","embeddable":true,"href":"https:\/\/www.kellomuseo.fi\/holvi\/wp-json\/wp\/v2\/product_tag?post=1584"}],"curies":[{"name":"wp","href":"https:\/\/api.w.org\/{rel}","templated":true}]}}