{"id":1583,"date":"2021-12-08T10:27:34","date_gmt":"2021-12-08T08:27:34","guid":{"rendered":"https:\/\/www.kellomuseo.fi\/holvi\/?post_type=product&#038;p=1583"},"modified":"2021-12-13T11:54:12","modified_gmt":"2021-12-13T09:54:12","slug":"pakkohuutokaupattu-kello-olikin-perinto-aidilta","status":"publish","type":"product","link":"https:\/\/www.kellomuseo.fi\/holvi\/tuote\/pakkohuutokaupattu-kello-olikin-perinto-aidilta\/","title":{"rendered":"Pakkohuutokaupattu kello olikin perint\u00f6 \u00e4idilt\u00e4"},"content":{"rendered":"<p class=\"p1\">Oli pakkohuutokauppa ja j\u00e4nnitin valtavasti kun is\u00e4ni kertoi huutavansa minulle kelloa ja jos onnistuu, saat sen ikiomaksi. Syd\u00e4meni takoi koko huutokaupan ajan enk\u00e4 muista siit\u00e4 mit\u00e4\u00e4n. Olin yhdeks\u00e4n vuotta. \u00c4itini oli kuollut hiljattain.<\/p>\n<p class=\"p1\">Olin is\u00e4ni kanssa liikkeell\u00e4. Ei 9 ik\u00e4inen silloin ainakaan tiennyt oikein, mik\u00e4 on pakkohuutokauppa ja minulle se oli j\u00e4nn\u00e4 juttu!<\/p>\n<p class=\"p1\">Kotiin palatessa is\u00e4ni antoi kellon ja sanoi, ett\u00e4 nyt se on sinun. Kello oli kullan v\u00e4rinen ja kaunis kuin mik\u00e4, pienen tyt\u00f6n unelma. Unelmaa kestikin useampi vuosi, kunnes is\u00e4ni kertoi kellon olevan \u00e4itini j\u00e4\u00e4mist\u00f6st\u00e4, josta is\u00e4ni halusi sen muistoksi minulle! My\u00f6hemmin sitten vanhettuani minulle kerrottiin asiaan liittyv\u00e4t asiat ja kelloni on rakkaampi kuin koskaan.<\/p>\n<p>&nbsp;<\/p>\n<p class=\"p3\">Anonyymi<\/p>\n","protected":false},"excerpt":{"rendered":"<p>Oli pakkohuutokauppa ja j\u00e4nnitin valtavasti kun is\u00e4ni kertoi huutavansa minulle kelloa ja jos onnistuu, saat sen ikiomaksi. Syd\u00e4meni takoi koko huutokaupan ajan enk\u00e4 muista siit\u00e4 mit\u00e4\u00e4n. Olin yhdeks\u00e4n vuotta. \u00c4itini oli kuollut hiljattain. Olin is\u00e4ni kanssa liikkeell\u00e4. Ei 9 ik\u00e4inen silloin ainakaan tiennyt oikein, mik\u00e4 on pakkohuutokauppa ja minulle se oli j\u00e4nn\u00e4 juttu! Kotiin palatessa [&hellip;]<\/p>\n","protected":false},"featured_media":0,"comment_status":"closed","ping_status":"closed","template":"","meta":[],"product_cat":[38],"product_tag":[36,63,62],"_links":{"self":[{"href":"https:\/\/www.kellomuseo.fi\/holvi\/wp-json\/wp\/v2\/product\/1583"}],"collection":[{"href":"https:\/\/www.kellomuseo.fi\/holvi\/wp-json\/wp\/v2\/product"}],"about":[{"href":"https:\/\/www.kellomuseo.fi\/holvi\/wp-json\/wp\/v2\/types\/product"}],"replies":[{"embeddable":true,"href":"https:\/\/www.kellomuseo.fi\/holvi\/wp-json\/wp\/v2\/comments?post=1583"}],"wp:attachment":[{"href":"https:\/\/www.kellomuseo.fi\/holvi\/wp-json\/wp\/v2\/media?parent=1583"}],"wp:term":[{"taxonomy":"product_cat","embeddable":true,"href":"https:\/\/www.kellomuseo.fi\/holvi\/wp-json\/wp\/v2\/product_cat?post=1583"},{"taxonomy":"product_tag","embeddable":true,"href":"https:\/\/www.kellomuseo.fi\/holvi\/wp-json\/wp\/v2\/product_tag?post=1583"}],"curies":[{"name":"wp","href":"https:\/\/api.w.org\/{rel}","templated":true}]}}