{"id":1582,"date":"2021-12-08T10:26:56","date_gmt":"2021-12-08T08:26:56","guid":{"rendered":"https:\/\/www.kellomuseo.fi\/holvi\/?post_type=product&#038;p=1582"},"modified":"2021-12-13T11:54:07","modified_gmt":"2021-12-13T09:54:07","slug":"ompelukoneen-oljylla-terastetty-heratyskello","status":"publish","type":"product","link":"https:\/\/www.kellomuseo.fi\/holvi\/tuote\/ompelukoneen-oljylla-terastetty-heratyskello\/","title":{"rendered":"Ompelukoneen \u00f6ljyll\u00e4 ter\u00e4stetty her\u00e4tyskello"},"content":{"rendered":"<p class=\"p1\">Ensimm\u00e4inen kelloni, jonka muistan, oli iso her\u00e4tyskello, jonka \u00e4\u00e4nikin oli kuin kaappikellolla. En ole ihan varma, kuinka vanha olin, mutta ehk\u00e4 nelj\u00e4n tai viiden vanha. Sain kellon, koska se ei ollut en\u00e4\u00e4 kovin luotettava ja saattoi joskus pys\u00e4hty\u00e4 aivan kokonaankin.<\/p>\n<p class=\"p1\">Vaarini antoi sen ilmeisesti vain teknisten harrastusten kohteeksi (katso mit\u00e4 se on sy\u00f6nyt), mutta lopputulos oli aika hauska. Ensimm\u00e4inen asia, jonka opin oli, ett\u00e4 kellon vetoruuveissa on vasenk\u00e4tiset kierteet. Kun takakansi lopulta aukeni, oli vastassa kovin paljon mielenkiintoisia vipstaakeja.<\/p>\n<p class=\"p1\">Aikani sit\u00e4 sitten tutkiskelin ja ihmettelin ja pikkuhiljaa alkoi perimm\u00e4inen toiminta-ajatus selvit\u00e4. Kellon sis\u00e4lle oli aikojen kuluessa joutunut melkoinen m\u00e4\u00e4r\u00e4 kaikenlaista sinne kuulumatonta tavaraa, mm. sahanpurua. Vaarini oli puusepp\u00e4, joten sahanpurua oli v\u00e4h\u00e4n siell\u00e4 sun t\u00e4\u00e4ll\u00e4, tai olisiko kello joskus ollut verstaalla k\u00e4yt\u00f6ss\u00e4.<\/p>\n<p class=\"p1\">Monta p\u00e4iv\u00e4\u00e4 sit\u00e4 kelloa putsasin ja tutkin, v\u00e4lill\u00e4 kokeilin toimiiko. Yhten\u00e4 p\u00e4iv\u00e4n\u00e4 menin sitten mummon luo ja pyysin Singer-\u00f6ljy\u00e4. Tiesin, ett\u00e4 sit\u00e4 on ompelukoneen laatikossa. Mummo sit\u00e4 ensin v\u00e4h\u00e4n ihmetteli, mutta lopulta kuitenkin antoi.<\/p>\n<p class=\"p1\">Sit\u00e4 \u00f6ljy\u00e4 sitten tiputtelin oikeaksi katsomiini paikkoihin ja ihme ja kumma, kellon \u00e4\u00e4ni muuttui heti. Ei en\u00e4\u00e4 kuulunut krahinoita vaan hillitty tik tak. Olin jo aiemmin huomannut kellon takana vivun, jonka kohdalla luki +\/-. Olinpa jopa p\u00e4\u00e4tellyt, ett\u00e4 siit\u00e4 sai kellon k\u00e4ym\u00e4\u00e4n tiuhempaan ja harvempaan.<\/p>\n<p class=\"p1\">Aikani kun s\u00e4\u00e4telin, alkoi kello k\u00e4yd\u00e4 samaan tahtiin auringon kanssa, joka viel\u00e4 vaarin taskunauriista varmistettiin. Kun kerran kello olikin kunnossa, ei se en\u00e4\u00e4 pikkupojan leluksi joutanutkaan, vaan nostettiin takaisin piirongin p\u00e4\u00e4lle.<\/p>\n<p class=\"p1\">Kauan se siin\u00e4 piirongin p\u00e4\u00e4ll\u00e4 ja muutamassa muussakin paikassa aikaa toimitti, mutta aikanaan sitten meni vetojousi poikki. Mummo viel\u00e4 vuosikymmeni\u00e4 my\u00f6hemmin muisti kellon tarinan ja Singer-\u00f6ljyn hakemisen.<\/p>\n<p>&nbsp;<\/p>\n<p class=\"p3\">Teppo Vanamo<\/p>\n","protected":false},"excerpt":{"rendered":"<p>Ensimm\u00e4inen kelloni, jonka muistan, oli iso her\u00e4tyskello, jonka \u00e4\u00e4nikin oli kuin kaappikellolla. En ole ihan varma, kuinka vanha olin, mutta ehk\u00e4 nelj\u00e4n tai viiden vanha. Sain kellon, koska se ei ollut en\u00e4\u00e4 kovin luotettava ja saattoi joskus pys\u00e4hty\u00e4 aivan kokonaankin. Vaarini antoi sen ilmeisesti vain teknisten harrastusten kohteeksi (katso mit\u00e4 se on sy\u00f6nyt), mutta lopputulos [&hellip;]<\/p>\n","protected":false},"featured_media":0,"comment_status":"closed","ping_status":"closed","template":"","meta":[],"product_cat":[38],"product_tag":[36,63,62],"_links":{"self":[{"href":"https:\/\/www.kellomuseo.fi\/holvi\/wp-json\/wp\/v2\/product\/1582"}],"collection":[{"href":"https:\/\/www.kellomuseo.fi\/holvi\/wp-json\/wp\/v2\/product"}],"about":[{"href":"https:\/\/www.kellomuseo.fi\/holvi\/wp-json\/wp\/v2\/types\/product"}],"replies":[{"embeddable":true,"href":"https:\/\/www.kellomuseo.fi\/holvi\/wp-json\/wp\/v2\/comments?post=1582"}],"wp:attachment":[{"href":"https:\/\/www.kellomuseo.fi\/holvi\/wp-json\/wp\/v2\/media?parent=1582"}],"wp:term":[{"taxonomy":"product_cat","embeddable":true,"href":"https:\/\/www.kellomuseo.fi\/holvi\/wp-json\/wp\/v2\/product_cat?post=1582"},{"taxonomy":"product_tag","embeddable":true,"href":"https:\/\/www.kellomuseo.fi\/holvi\/wp-json\/wp\/v2\/product_tag?post=1582"}],"curies":[{"name":"wp","href":"https:\/\/api.w.org\/{rel}","templated":true}]}}