{"id":1581,"date":"2021-12-08T10:25:47","date_gmt":"2021-12-08T08:25:47","guid":{"rendered":"https:\/\/www.kellomuseo.fi\/holvi\/?post_type=product&#038;p=1581"},"modified":"2021-12-13T11:54:02","modified_gmt":"2021-12-13T09:54:02","slug":"sukupolvien-kello","status":"publish","type":"product","link":"https:\/\/www.kellomuseo.fi\/holvi\/tuote\/sukupolvien-kello\/","title":{"rendered":"Sukupolvien kello"},"content":{"rendered":"<p class=\"p1\">Kovin vanha ja arvokas kello sein\u00e4ll\u00e4ni, Junghans. Se on Pohjanmaalta kulkeutunut t\u00e4nne Espooseen. Kertoisipa ajasta, arjesta, kun ensimm\u00e4inen omistaja on itselleen sen hankkinut. Elettiin vuoden 1800 loppua. Tiet\u00e4isip\u00e4 h\u00e4n suuri k\u00e4sity\u00f6nmestari, ett\u00e4 viel\u00e4 t\u00e4n\u00e4 p\u00e4iv\u00e4n\u00e4 kello saa paljon ihailua. Suuri taideteos on se; mestarillinen k\u00e4sity\u00f6, tummasta puusta veistetty, niin koristeellinen.<\/p>\n<p class=\"p1\">Is\u00e4ni ollessaan pieni poika mummonsa sylist\u00e4 sai avaimella vet\u00e4\u00e4 kellon k\u00e4ym\u00e4\u00e4n. Oli kuulemma t\u00e4rke\u00e4 teht\u00e4v\u00e4ss\u00e4\u00e4n. Nyt kun is\u00e4ni aika on j\u00e4tt\u00e4nyt, on minulla kello perint\u00f6n\u00e4. T\u00e4m\u00e4n muistoesineen niin moni olisi sukulaisistani ottanut muistojen ja menneen ajan ihmisten vuoksi.<\/p>\n<p class=\"p1\">Tosiasia on, ett\u00e4 t\u00e4m\u00e4n p\u00e4iv\u00e4n ihmisill\u00e4 2000-lukulaisilla on kelloja kaikkialla. Kelloja on ranteessa, mikrossa, digiboksissa, k\u00e4nnyk\u00e4ss\u00e4, autoissa..kaikkialla. Ostetaan uusi, kun vanha ei toimi tai v\u00e4ri, muoti vaihtuu. Mutta meill\u00e4 on vain yksi aika, mit\u00e4 mitata. Is\u00e4ni perint\u00f6kello kertoo, miten arvokas on aikamme, el\u00e4m\u00e4mme. Sukupolvet vaihtuu, aika kuluu, maailma muuttuu.<\/p>\n<p>&nbsp;<\/p>\n<p class=\"p3\">Anonyymi<\/p>\n","protected":false},"excerpt":{"rendered":"<p>Kovin vanha ja arvokas kello sein\u00e4ll\u00e4ni, Junghans. Se on Pohjanmaalta kulkeutunut t\u00e4nne Espooseen. Kertoisipa ajasta, arjesta, kun ensimm\u00e4inen omistaja on itselleen sen hankkinut. Elettiin vuoden 1800 loppua. Tiet\u00e4isip\u00e4 h\u00e4n suuri k\u00e4sity\u00f6nmestari, ett\u00e4 viel\u00e4 t\u00e4n\u00e4 p\u00e4iv\u00e4n\u00e4 kello saa paljon ihailua. Suuri taideteos on se; mestarillinen k\u00e4sity\u00f6, tummasta puusta veistetty, niin koristeellinen. Is\u00e4ni ollessaan pieni poika mummonsa [&hellip;]<\/p>\n","protected":false},"featured_media":0,"comment_status":"closed","ping_status":"closed","template":"","meta":[],"product_cat":[38],"product_tag":[36,63,62],"_links":{"self":[{"href":"https:\/\/www.kellomuseo.fi\/holvi\/wp-json\/wp\/v2\/product\/1581"}],"collection":[{"href":"https:\/\/www.kellomuseo.fi\/holvi\/wp-json\/wp\/v2\/product"}],"about":[{"href":"https:\/\/www.kellomuseo.fi\/holvi\/wp-json\/wp\/v2\/types\/product"}],"replies":[{"embeddable":true,"href":"https:\/\/www.kellomuseo.fi\/holvi\/wp-json\/wp\/v2\/comments?post=1581"}],"wp:attachment":[{"href":"https:\/\/www.kellomuseo.fi\/holvi\/wp-json\/wp\/v2\/media?parent=1581"}],"wp:term":[{"taxonomy":"product_cat","embeddable":true,"href":"https:\/\/www.kellomuseo.fi\/holvi\/wp-json\/wp\/v2\/product_cat?post=1581"},{"taxonomy":"product_tag","embeddable":true,"href":"https:\/\/www.kellomuseo.fi\/holvi\/wp-json\/wp\/v2\/product_tag?post=1581"}],"curies":[{"name":"wp","href":"https:\/\/api.w.org\/{rel}","templated":true}]}}