{"id":1580,"date":"2021-12-08T10:25:17","date_gmt":"2021-12-08T08:25:17","guid":{"rendered":"https:\/\/www.kellomuseo.fi\/holvi\/?post_type=product&#038;p=1580"},"modified":"2021-12-13T11:53:57","modified_gmt":"2021-12-13T09:53:57","slug":"olohuoneen-kello","status":"publish","type":"product","link":"https:\/\/www.kellomuseo.fi\/holvi\/tuote\/olohuoneen-kello\/","title":{"rendered":"Olohuoneen kello"},"content":{"rendered":"<p class=\"p1\">Ensimm\u00e4isen rannekelloni sain varmaankin rippilahjaksi. El\u00e4m\u00e4ni t\u00e4rkeimm\u00e4ksi mieleeni j\u00e4\u00e4neeksi kelloksi on kuitenkin muodostunut lapsuudenkodissani viel\u00e4kin olohuoneen sein\u00e4ll\u00e4 tikitt\u00e4v\u00e4 ja puolen tunnin v\u00e4lein aikaa kuuluvilla ly\u00f6nneill\u00e4 ilmoittava musta puinen \u00e4itini pappalta (omalta is\u00e4lt\u00e4\u00e4n) perim\u00e4 kaappikello, jonka nykyinen pappa (is\u00e4ni) kerran viikossa, yleens\u00e4 sunnuntaisin, vet\u00e4\u00e4 isolla avaimella &#8221;k\u00e4yntiin&#8221; taas viikoksi eteenp\u00e4in. Ennen vanhaan kellot k\u00e4viv\u00e4t hitaammin kuin nyky\u00e4\u00e4n, ja tunnissakin ehti tehd\u00e4 vaikka mit\u00e4; t\u00e4lt\u00e4 se varmaan meist\u00e4 useimmista tuntuu! Nyky\u00e4\u00e4n ei edes 24 tuntia vuorokaudessa riit\u00e4, sill\u00e4 aina aika loppuu kesken!<\/p>\n<p>&nbsp;<\/p>\n<p class=\"p1\">Birgitta<\/p>\n","protected":false},"excerpt":{"rendered":"<p>Ensimm\u00e4isen rannekelloni sain varmaankin rippilahjaksi. El\u00e4m\u00e4ni t\u00e4rkeimm\u00e4ksi mieleeni j\u00e4\u00e4neeksi kelloksi on kuitenkin muodostunut lapsuudenkodissani viel\u00e4kin olohuoneen sein\u00e4ll\u00e4 tikitt\u00e4v\u00e4 ja puolen tunnin v\u00e4lein aikaa kuuluvilla ly\u00f6nneill\u00e4 ilmoittava musta puinen \u00e4itini pappalta (omalta is\u00e4lt\u00e4\u00e4n) perim\u00e4 kaappikello, jonka nykyinen pappa (is\u00e4ni) kerran viikossa, yleens\u00e4 sunnuntaisin, vet\u00e4\u00e4 isolla avaimella &#8221;k\u00e4yntiin&#8221; taas viikoksi eteenp\u00e4in. Ennen vanhaan kellot k\u00e4viv\u00e4t hitaammin kuin [&hellip;]<\/p>\n","protected":false},"featured_media":0,"comment_status":"closed","ping_status":"closed","template":"","meta":[],"product_cat":[38],"product_tag":[36,63,62],"_links":{"self":[{"href":"https:\/\/www.kellomuseo.fi\/holvi\/wp-json\/wp\/v2\/product\/1580"}],"collection":[{"href":"https:\/\/www.kellomuseo.fi\/holvi\/wp-json\/wp\/v2\/product"}],"about":[{"href":"https:\/\/www.kellomuseo.fi\/holvi\/wp-json\/wp\/v2\/types\/product"}],"replies":[{"embeddable":true,"href":"https:\/\/www.kellomuseo.fi\/holvi\/wp-json\/wp\/v2\/comments?post=1580"}],"wp:attachment":[{"href":"https:\/\/www.kellomuseo.fi\/holvi\/wp-json\/wp\/v2\/media?parent=1580"}],"wp:term":[{"taxonomy":"product_cat","embeddable":true,"href":"https:\/\/www.kellomuseo.fi\/holvi\/wp-json\/wp\/v2\/product_cat?post=1580"},{"taxonomy":"product_tag","embeddable":true,"href":"https:\/\/www.kellomuseo.fi\/holvi\/wp-json\/wp\/v2\/product_tag?post=1580"}],"curies":[{"name":"wp","href":"https:\/\/api.w.org\/{rel}","templated":true}]}}