{"id":1579,"date":"2021-12-08T10:24:40","date_gmt":"2021-12-08T08:24:40","guid":{"rendered":"https:\/\/www.kellomuseo.fi\/holvi\/?post_type=product&#038;p=1579"},"modified":"2021-12-13T11:53:52","modified_gmt":"2021-12-13T09:53:52","slug":"lahja-aidilta","status":"publish","type":"product","link":"https:\/\/www.kellomuseo.fi\/holvi\/tuote\/lahja-aidilta\/","title":{"rendered":"Lahja \u00e4idilt\u00e4"},"content":{"rendered":"<p class=\"p1\">Olin yhteiskoulun ekaluokkalainen ja kaikilla toisilla oli rannekellot ja minusta ne kellot olivat tosi hienoja. Ajattelin mieless\u00e4ni, ett\u00e4 jospa min\u00e4kin saisin sellaisen. Tuo oli suuri haave, olinhan k\u00f6yh\u00e4st\u00e4 maalaiskodista. Vanhempani saivat yhteiskunnalta tukea opiskeluuni. Sin\u00e4 kev\u00e4\u00e4n\u00e4 kun t\u00e4ytin 11 vuotta, mainitsin \u00e4idilleni kellon tarpeestani. H\u00e4n hymyili oudosti. Eih\u00e4n meill\u00e4 ole varaa, v\u00e4l\u00e4hti mieless\u00e4ni. Katsottuaan minua hetken h\u00e4n k\u00e4veli topakoin askelin kohti kirjahylly\u00e4, otti sielt\u00e4 vanhaan kirstuun sopivan avaimen ja sanoi: &#8221;T\u00e4m\u00e4n olin kyll\u00e4 ajatellut antaa v\u00e4h\u00e4n my\u00f6hemmin, mutta kun n\u00e4yt sit\u00e4 niin kovin tarvitsevan, niin saat sen nyt. Muista ettet kadota sit\u00e4. Olen sen itse omilla rahoillani tienannut ty\u00f6skennelless\u00e4ni naapureiden karjakeitti\u00f6iss\u00e4, lehmien hoitajana. Silloin en viel\u00e4 tuntenut is\u00e4\u00e4si.&#8221; \u00c4iti laittoi kellon k\u00e4teeni. Se oli suorakulman muotoinen, kirjontakoristeinen ja nahkaremmill\u00e4 kiinnitett\u00e4v\u00e4 antiikkikello. \u201dVoi \u00e4iti! Enh\u00e4n min\u00e4 voi sit\u00e4 ottaa &#8211; hukkaan viel\u00e4\u201d.<\/p>\n<p class=\"p1\">Seuraavana koulup\u00e4iv\u00e4n\u00e4 en meinannut keskitty\u00e4 opettajan puhumiseen, kun katselin rakasta uutta kelloani tuon tuostakin.<\/p>\n<p class=\"p1\">\u00c4idin tunteella antama kello oli mukanani monet vuodet saaden uudet ranneketjut nahkahihnan katkettua.<\/p>\n<p class=\"p1\">Kuinka ollakaan, ajan my\u00f6t\u00e4 vanha kello hajosi ja h\u00e4visi tiet\u00e4m\u00e4tt\u00f6miin. Kuten olin \u00e4idille sanonutkin, sit\u00e4 kelloa en unohda koskaan.<\/p>\n<p>&nbsp;<\/p>\n<p class=\"p1\">Uldika<\/p>\n","protected":false},"excerpt":{"rendered":"<p>Olin yhteiskoulun ekaluokkalainen ja kaikilla toisilla oli rannekellot ja minusta ne kellot olivat tosi hienoja. Ajattelin mieless\u00e4ni, ett\u00e4 jospa min\u00e4kin saisin sellaisen. Tuo oli suuri haave, olinhan k\u00f6yh\u00e4st\u00e4 maalaiskodista. Vanhempani saivat yhteiskunnalta tukea opiskeluuni. Sin\u00e4 kev\u00e4\u00e4n\u00e4 kun t\u00e4ytin 11 vuotta, mainitsin \u00e4idilleni kellon tarpeestani. H\u00e4n hymyili oudosti. Eih\u00e4n meill\u00e4 ole varaa, v\u00e4l\u00e4hti mieless\u00e4ni. Katsottuaan minua [&hellip;]<\/p>\n","protected":false},"featured_media":0,"comment_status":"closed","ping_status":"closed","template":"","meta":[],"product_cat":[38],"product_tag":[36,63,62],"_links":{"self":[{"href":"https:\/\/www.kellomuseo.fi\/holvi\/wp-json\/wp\/v2\/product\/1579"}],"collection":[{"href":"https:\/\/www.kellomuseo.fi\/holvi\/wp-json\/wp\/v2\/product"}],"about":[{"href":"https:\/\/www.kellomuseo.fi\/holvi\/wp-json\/wp\/v2\/types\/product"}],"replies":[{"embeddable":true,"href":"https:\/\/www.kellomuseo.fi\/holvi\/wp-json\/wp\/v2\/comments?post=1579"}],"wp:attachment":[{"href":"https:\/\/www.kellomuseo.fi\/holvi\/wp-json\/wp\/v2\/media?parent=1579"}],"wp:term":[{"taxonomy":"product_cat","embeddable":true,"href":"https:\/\/www.kellomuseo.fi\/holvi\/wp-json\/wp\/v2\/product_cat?post=1579"},{"taxonomy":"product_tag","embeddable":true,"href":"https:\/\/www.kellomuseo.fi\/holvi\/wp-json\/wp\/v2\/product_tag?post=1579"}],"curies":[{"name":"wp","href":"https:\/\/api.w.org\/{rel}","templated":true}]}}