{"id":1578,"date":"2021-12-08T10:23:59","date_gmt":"2021-12-08T08:23:59","guid":{"rendered":"https:\/\/www.kellomuseo.fi\/holvi\/?post_type=product&#038;p=1578"},"modified":"2022-03-09T14:45:41","modified_gmt":"2022-03-09T12:45:41","slug":"kello-loytyy-hanskasta","status":"publish","type":"product","link":"https:\/\/www.kellomuseo.fi\/holvi\/tuote\/kello-loytyy-hanskasta\/","title":{"rendered":"Kello l\u00f6ytyi hanskasta"},"content":{"rendered":"<p class=\"p1\">Olimme 15 &#8211; ja 17-vuotiaita kun kihlauduimme.<\/p>\n<p class=\"p1\">Minulla ei koskaan aiemmin ollut omaa kelloa ja kaiketi t\u00e4st\u00e4 syyst\u00e4 kaverini ostikin minulle kihlajaislahjaksi rannekellon. Kellosta muodostui sittemmin oikea murheenkryyni, sill\u00e4 se pys\u00e4hteli tavan takaa eik\u00e4 edes kellosepp\u00e4 saanut sit\u00e4 takuuaikana kuntoon.<\/p>\n<p class=\"p1\">Er\u00e4\u00e4n\u00e4 p\u00e4iv\u00e4n\u00e4 kultani sitten palasi kelloliikkeest\u00e4 uusi kaunis kello mukanaan.<\/p>\n<p class=\"p1\">T\u00e4m\u00e4 Certina- kelloni k\u00e4vi aikaa kuin ajatus, kunhan muisti sen vet\u00e4\u00e4.<\/p>\n<p class=\"p1\">Pidin kelloa aina ranteessani ty\u00f6ss\u00e4 ollessani ja ompelimossa kun olin, p\u00e4\u00e4tin sitten kerran 10\u201315 vuoden j\u00e4lkeen kys\u00e4ist\u00e4 kaupungissa k\u00e4ydess\u00e4ni kellosep\u00e4lt\u00e4, kannattaako kelloani puhdistaa.<\/p>\n<p class=\"p1\">Kellosepp\u00e4 katsoi minua v\u00e4h\u00e4n h\u00f6lmistyneen n\u00e4k\u00f6isen\u00e4 todeten, ett\u00e4 kellon kuoret ovat jo niin arvokkaat ett\u00e4 taatusti kannattaa ja merkkikin on hyv\u00e4. H\u00e4n n\u00e4ytti minulle kellostani siin\u00e4 olevat kullanmerkit.<\/p>\n<p class=\"p1\">Kotona kys\u00e4isin miehelt\u00e4ni muistaako h\u00e4n viel\u00e4 mit\u00e4 kelloni maksoi?<\/p>\n<p class=\"p1\">Sain vastauksen ettei muista, mutta hiton kallis se oli.<\/p>\n<p class=\"p1\">Kului vuosikymmeni\u00e4 ja kelloni raksutti aikaa v\u00e4sym\u00e4tt\u00e4. Nostin mieheni apuna l\u00e4mminvesivaraajaa autostamme ja laitoin k\u00e4teeni n\u00e4ppyl\u00e4hanskat, ettei ote lipe\u00e4.<\/p>\n<p class=\"p1\">Heitin sitten hanskat auton per\u00e4ss\u00e4 olevaan ty\u00f6kalulaatikkoon. Seuraavana p\u00e4iv\u00e4n\u00e4 aloin kaivata kelloani. Sit\u00e4 haettiin kissojen ja koirien kanssa. Muistin kuitenkin, ett\u00e4 eilen se oli viel\u00e4 k\u00e4dess\u00e4ni.<\/p>\n<p class=\"p1\">Kelasin, mit\u00e4 p\u00e4iv\u00e4n aikana olin tehnyt ja s\u00e4ik\u00e4hdin, sill\u00e4 olin s\u00e4kitt\u00e4nyt tilkkuja ym. ja s\u00e4kit oli viety kaatopaikkalavaan. Mieheni l\u00e4hti heti katsomaan, oliko s\u00e4kit viel\u00e4 siell\u00e4 ja kuinka ollakaan lava oli tyhjennetty edellisenp\u00e4iv\u00e4n iltana. Soittelin j\u00e4teyritt\u00e4j\u00e4lle, joka lupasikin ett\u00e4 katsellaan jos osuu silmiin. Soitin my\u00f6s vakuutusyhti\u00f6\u00f6ni ja kelloliikkeeseen kysellen kellon silloista arvoa.<\/p>\n<p class=\"p1\">Kuulin ett\u00e4 ihan vastaavaa ei en\u00e4\u00e4 ole, eli kelloa ei saa vedett\u00e4v\u00e4n\u00e4 versiona ja ett\u00e4 kellon arvo on yli 10 000 mk. Vakuutusyhti\u00f6st\u00e4 luvattiin ett\u00e4 laittavat minulle korvauspaperit, jotka sitten t\u00e4yttelen.<\/p>\n<p class=\"p1\">Kelloa etsittiin ja maailmani oli j\u00e4rkkynyt, ei pelk\u00e4st\u00e4\u00e4n kelloni arvon vuoksi vaan syyst\u00e4, mik\u00e4 valtava tunnearvo kellooni k\u00e4tkeytyi. En saanut edes oikein nukuttuakaan. Ei p\u00e4iv\u00e4\u00e4k\u00e4\u00e4n ettemme olisi etsineet kelloani tuloksetta.<\/p>\n<p class=\"p1\">Posti toi sitten paperit vakuutusyhti\u00f6st\u00e4, joita aloin t\u00e4ytell\u00e4. Ovi kolahti ja kultani tuli sis\u00e4lle. Ilme oli salaper\u00e4inen, kun h\u00e4n kysyi: arvaa mik\u00e4 minulla on? Spontaanisti laukaisin, ett\u00e4 oot l\u00f6yt\u00e4nyt sen kellon.<\/p>\n<p class=\"p1\">H\u00e4n aukaisi kouransa ja siin\u00e4 se oli &#8211; ihana rakas kelloni ihan ehj\u00e4n\u00e4. Kelloni oli l\u00f6ytynyt n\u00e4ppyl\u00e4hanskan sis\u00e4lt\u00e4 auton s\u00e4ilytyslaatikosta. Kellossa oli metalliranneke, joka oli jotenkin py\u00f6r\u00e4ht\u00e4nyt ja kello luisti hanskoja ottaessani hanskan sis\u00e4lle.<\/p>\n<p class=\"p1\">Soitin oitis vakuutusyhti\u00f6\u00f6n ja kerroin stoorin kellon ihmeellisest\u00e4 l\u00f6ytymisest\u00e4. Vakuutusvirkailija oli iloinen puolestani.<span class=\"Apple-converted-space\">\u00a0 <\/span>H\u00e4n totesi, ettei t\u00e4m\u00e4 ty\u00f6p\u00e4iv\u00e4 olisi paremmin voinut alkaa. H\u00e4n iloitsi minun puolestani sill\u00e4 uudessa kellossa ei olisi ollut sit\u00e4 tunnearvoa.<\/p>\n<p class=\"p1\">Ihmeitten aika ei ole ohitse.<\/p>\n<p>&nbsp;<\/p>\n<p class=\"p3\">Anonyymi<\/p>\n","protected":false},"excerpt":{"rendered":"<p>Olimme 15 &#8211; ja 17-vuotiaita kun kihlauduimme. Minulla ei koskaan aiemmin ollut omaa kelloa ja kaiketi t\u00e4st\u00e4 syyst\u00e4 kaverini ostikin minulle kihlajaislahjaksi rannekellon. Kellosta muodostui sittemmin oikea murheenkryyni, sill\u00e4 se pys\u00e4hteli tavan takaa eik\u00e4 edes kellosepp\u00e4 saanut sit\u00e4 takuuaikana kuntoon. Er\u00e4\u00e4n\u00e4 p\u00e4iv\u00e4n\u00e4 kultani sitten palasi kelloliikkeest\u00e4 uusi kaunis kello mukanaan. T\u00e4m\u00e4 Certina- kelloni k\u00e4vi aikaa [&hellip;]<\/p>\n","protected":false},"featured_media":6474,"comment_status":"closed","ping_status":"closed","template":"","meta":[],"product_cat":[38],"product_tag":[36,63,62],"_links":{"self":[{"href":"https:\/\/www.kellomuseo.fi\/holvi\/wp-json\/wp\/v2\/product\/1578"}],"collection":[{"href":"https:\/\/www.kellomuseo.fi\/holvi\/wp-json\/wp\/v2\/product"}],"about":[{"href":"https:\/\/www.kellomuseo.fi\/holvi\/wp-json\/wp\/v2\/types\/product"}],"replies":[{"embeddable":true,"href":"https:\/\/www.kellomuseo.fi\/holvi\/wp-json\/wp\/v2\/comments?post=1578"}],"wp:featuredmedia":[{"embeddable":true,"href":"https:\/\/www.kellomuseo.fi\/holvi\/wp-json\/wp\/v2\/media\/6474"}],"wp:attachment":[{"href":"https:\/\/www.kellomuseo.fi\/holvi\/wp-json\/wp\/v2\/media?parent=1578"}],"wp:term":[{"taxonomy":"product_cat","embeddable":true,"href":"https:\/\/www.kellomuseo.fi\/holvi\/wp-json\/wp\/v2\/product_cat?post=1578"},{"taxonomy":"product_tag","embeddable":true,"href":"https:\/\/www.kellomuseo.fi\/holvi\/wp-json\/wp\/v2\/product_tag?post=1578"}],"curies":[{"name":"wp","href":"https:\/\/api.w.org\/{rel}","templated":true}]}}