{"id":1575,"date":"2021-12-08T10:21:49","date_gmt":"2021-12-08T08:21:49","guid":{"rendered":"https:\/\/www.kellomuseo.fi\/holvi\/?post_type=product&#038;p=1575"},"modified":"2021-12-13T11:53:27","modified_gmt":"2021-12-13T09:53:27","slug":"pipariptaikinainen-kissakello","status":"publish","type":"product","link":"https:\/\/www.kellomuseo.fi\/holvi\/tuote\/pipariptaikinainen-kissakello\/","title":{"rendered":"Pipariptaikinainen kissakello"},"content":{"rendered":"<p class=\"p1\">Vuonna 1996, kun olin esikouluik\u00e4isen\u00e4 oppinut lukemaan kelloa, lupasi \u00e4iti ostaa minulle ihan ikioman rannekellon. Kellokaupassa silmiini osui pieni lasten kello, jossa oli punaruutuinen ranneke ja kellotaulussa vaaleankeltainen kissa tutkailemassa lentelev\u00e4\u00e4 perhosta. Se oli pakko saada. Kello ostettiin ja ranteessa se oli aina kun muistin, eli melko harvoin. Niin\u00e4 harvoina kertoina, yleens\u00e4 juhlissa, olo tuntui vanhalta ja olin ylpe\u00e4, koska ranteessa komeili OMA rannekello.<\/p>\n<p class=\"p1\">Ollessani toisella luokalla, menimme perheeni kanssa uuden vuoden aattona kouluni pihalle, jossa oli pipari- ja mehutarjontaa sek\u00e4 ilotulitus. Kello oli ulkohaalarini taskussa, koska se ei mahtunut kunnolla rukkasten alle. Keksittiin kavereiden kanssa l\u00e4hte\u00e4 leikkim\u00e4\u00e4n vuorenkuningasta, ja koska en jaksanut sy\u00f6d\u00e4 k\u00e4dess\u00e4ni ollutta piparia, laitoin sen taskuun odottamaan my\u00f6hemp\u00e4\u00e4n. Sinne se unohtui, litistyi, kastui ja kello oli ihan piparitaikina m\u00e4skiss\u00e4 l\u00f6yt\u00e4ess\u00e4ni sen p\u00e4ivien p\u00e4\u00e4st\u00e4. Kello ei en\u00e4\u00e4 tikitt\u00e4nyt ja itkuhan se p\u00e4\u00e4si. \u00c4iti ei l\u00e4htenyt en\u00e4\u00e4 korjauttamaan sit\u00e4, koska niin harvoin min\u00e4 sit\u00e4 loppujen lopuksi k\u00e4ytin.<\/p>\n<p class=\"p1\">Ala-asteen lopussa sain joululahjaksi toisen rannekelloni, sporttisen, v\u00e4reilt\u00e4\u00e4n mustahopean version, mutta viel\u00e4 v\u00e4hemm\u00e4n se on ranteessani ollut. Nykyp\u00e4iv\u00e4n\u00e4 kellon korvaa k\u00e4nnykk\u00e4, mutta ensimm\u00e4inen ja rakkain kissaperhoskello on edelleen tallessa muistolaatikossa. Piparitaikinaa siin\u00e4 on viel\u00e4kin.<\/p>\n<p>&nbsp;<\/p>\n<p class=\"p1\">Petra Rautaparta<\/p>\n","protected":false},"excerpt":{"rendered":"<p>Vuonna 1996, kun olin esikouluik\u00e4isen\u00e4 oppinut lukemaan kelloa, lupasi \u00e4iti ostaa minulle ihan ikioman rannekellon. Kellokaupassa silmiini osui pieni lasten kello, jossa oli punaruutuinen ranneke ja kellotaulussa vaaleankeltainen kissa tutkailemassa lentelev\u00e4\u00e4 perhosta. Se oli pakko saada. Kello ostettiin ja ranteessa se oli aina kun muistin, eli melko harvoin. Niin\u00e4 harvoina kertoina, yleens\u00e4 juhlissa, olo tuntui [&hellip;]<\/p>\n","protected":false},"featured_media":0,"comment_status":"closed","ping_status":"closed","template":"","meta":[],"product_cat":[38],"product_tag":[36,63,62],"_links":{"self":[{"href":"https:\/\/www.kellomuseo.fi\/holvi\/wp-json\/wp\/v2\/product\/1575"}],"collection":[{"href":"https:\/\/www.kellomuseo.fi\/holvi\/wp-json\/wp\/v2\/product"}],"about":[{"href":"https:\/\/www.kellomuseo.fi\/holvi\/wp-json\/wp\/v2\/types\/product"}],"replies":[{"embeddable":true,"href":"https:\/\/www.kellomuseo.fi\/holvi\/wp-json\/wp\/v2\/comments?post=1575"}],"wp:attachment":[{"href":"https:\/\/www.kellomuseo.fi\/holvi\/wp-json\/wp\/v2\/media?parent=1575"}],"wp:term":[{"taxonomy":"product_cat","embeddable":true,"href":"https:\/\/www.kellomuseo.fi\/holvi\/wp-json\/wp\/v2\/product_cat?post=1575"},{"taxonomy":"product_tag","embeddable":true,"href":"https:\/\/www.kellomuseo.fi\/holvi\/wp-json\/wp\/v2\/product_tag?post=1575"}],"curies":[{"name":"wp","href":"https:\/\/api.w.org\/{rel}","templated":true}]}}